{"id":799,"date":"2019-09-09T14:31:25","date_gmt":"2019-09-09T12:31:25","guid":{"rendered":"https:\/\/www.hiddestorf.com\/staging\/?page_id=799"},"modified":"2020-04-13T12:30:55","modified_gmt":"2020-04-13T10:30:55","slug":"653-2-2-2-2","status":"publish","type":"page","link":"https:\/\/www.hiddestorf.com\/staging\/?page_id=799","title":{"rendered":"G\u00e4stebuch"},"content":{"rendered":"<p><div class=\"et_d4_element et_pb_section et_pb_section_0 et_pb_with_background  et_pb_css_mix_blend_mode et_section_regular section_has_divider et_pb_bottom_divider et_block_section\" >\n\t\t\t\t\n\t\t\t\t\n\t\t\t\t\n\t\t\t\t\n\t\t\t\t\n\t\t\t\t\n\t\t\t\t<div class=\"et_pb_with_border et_d4_element et_pb_row et_pb_row_0  et_pb_css_mix_blend_mode et_block_row\">\n\t\t\t\t<div class=\"et_d4_element et_pb_column_4_4 et_pb_column et_pb_column_0  et_pb_css_mix_blend_mode et-last-child et_block_column\">\n\t\t\t\t\n\t\t\t\t\n\t\t\t\t\n\t\t\t\t\n\t\t\t\t<div class=\"et_pb_module et_d4_element et_pb_text et_pb_text_0 et_animated  et_pb_text_align_center et_pb_bg_layout_dark\">\n\t\t\t\t\n\t\t\t\t\n\t\t\t\t\n\t\t\t\t\n\t\t\t\t<div class=\"et_pb_text_inner\"><h3>G\u00e4stebuch<\/h3><\/div>\n\t\t\t<\/div>\n\t\t\t<\/div>\n\t\t\t\t\n\t\t\t\t\n\t\t\t\t\n\t\t\t\t\n\t\t\t<\/div>\n\t\t\t\t\n\t\t\t\t<div class=\"et_pb_bottom_inside_divider et-no-transition\"><\/div>\n\t\t\t<\/div><div class=\"et_d4_element et_pb_section et_pb_section_1 et_pb_with_background  et_pb_css_mix_blend_mode et_section_regular et_block_section\" >\n\t\t\t\t\n\t\t\t\t\n\t\t\t\t\n\t\t\t\t\n\t\t\t\t\n\t\t\t\t\n\t\t\t\t<div class=\"et_pb_with_border et_d4_element et_pb_row et_pb_row_1  et_pb_css_mix_blend_mode et_block_row\">\n\t\t\t\t<div class=\"et_d4_element et_pb_column_4_4 et_pb_column et_pb_column_1  et_pb_css_mix_blend_mode et-last-child et_block_column\">\n\t\t\t\t\n\t\t\t\t\n\t\t\t\t\n\t\t\t\t\n\t\t\t\t<div class=\"et_pb_module et_d4_element et_pb_divider_0 et_animated et_pb_space et_pb_divider_hidden\"><div class=\"et_pb_divider_internal\"><\/div><\/div>\n\t\t\t<\/div>\n\t\t\t\t\n\t\t\t\t\n\t\t\t\t\n\t\t\t\t\n\t\t\t<\/div><div class=\"et_pb_with_border et_d4_element et_pb_row et_pb_row_2  et_pb_css_mix_blend_mode et_block_row\">\n\t\t\t\t<div class=\"et_d4_element et_pb_column_4_4 et_pb_column et_pb_column_2  et_pb_css_mix_blend_mode et-last-child et_block_column\">\n\t\t\t\t\n\t\t\t\t\n\t\t\t\t\n\t\t\t\t\n\t\t\t\t<div class=\"et_pb_with_border et_pb_module et_d4_element et_pb_text et_pb_text_1  et_pb_text_align_left et_pb_bg_layout_light\">\n\t\t\t\t\n\t\t\t\t\n\t\t\t\t\n\t\t\t\t\n\t\t\t\t<div class=\"et_pb_text_inner\"><h3><strong>G\u00e4stebuch<\/strong><\/h3>\n<div class=\"gwolle-gb\"><div class=\"gwolle-gb-messages-top-container\"><\/div>\n\t\t\t<div class=\"gwolle-gb-write-button\">\n\t\t\t\t<input type=\"button\" name=\"gwolle-gb-write-button\" class=\"button btn btn-default \" value=\"Neuen Eintrag schreiben\" aria-expanded=\"false\" \/>\n\t\t\t<\/div>\n\t\t\t<form action=\"#\" method=\"POST\" class=\"gwolle-gb-write gwolle-gb-hide gwolle-gb-float gwolle-gb-form-ajax gwolle-gb-ajax gwolle-gb-not-logged-in\">\n\t\t\t\t<h3>Einen neuen Eintrag f\u00fcr das G\u00e4stebuch schreiben<\/h3>\n\t\t\t\t<button type=\"button\" class=\"gb-notice-dismiss\">x<span class=\"screen-reader-text\">Dieses Formular ausblenden<\/span><\/button>\n\t\t\t\n\t\t\t\t<input type=\"hidden\" name=\"gwolle_gb_function\" class=\"gwolle_gb_function\" value=\"add_entry\" \/><input type=\"hidden\" name=\"gwolle_gb_book_id\" class=\"gwolle_gb_book_id\" value=\"1\" \/><div class=\"gwolle_gb_9505e60eff03547e2c3fab4ea6f5259f\">\n\t\t\t\t<div class=\"label\"><label for=\"gwolle_gb_9505e60eff03547e2c3fab4ea6f5259f-1\" class=\"text-info\">Name <span class=\"required\">*<\/span><\/label><\/div>\n\t\t\t\t<div class=\"input\"><input class=\"wp-exclude-emoji gwolle_gb_9505e60eff03547e2c3fab4ea6f5259f\" value=\"\" type=\"text\" id=\"gwolle_gb_9505e60eff03547e2c3fab4ea6f5259f-1\" name=\"gwolle_gb_9505e60eff03547e2c3fab4ea6f5259f\" required \/><\/div>\n\t\t\t\t<div class=\"clearBoth\">&nbsp;<\/div>\n\t\t\t<\/div><div class=\"gwolle_gb_696e6c1e5d839a8d29e4c405ea74fea3\">\n\t\t\t\t\t<div class=\"label\"><label for=\"gwolle_gb_696e6c1e5d839a8d29e4c405ea74fea3-1\" class=\"text-info\">Stadt<\/label><\/div>\n\t\t\t\t\t<div class=\"input\"><input class=\"wp-exclude-emoji gwolle_gb_696e6c1e5d839a8d29e4c405ea74fea3\" value=\"\" type=\"text\" id=\"gwolle_gb_696e6c1e5d839a8d29e4c405ea74fea3-1\" name=\"gwolle_gb_696e6c1e5d839a8d29e4c405ea74fea3\" \/><\/div>\n\t\t\t\t\t<div class=\"clearBoth\">&nbsp;<\/div>\n\t\t\t\t<\/div><div class=\"gwolle_gb_341115e8e13a52d73b3aaf80ccfba6ee\">\n\t\t\t\t<div class=\"label\"><label for=\"gwolle_gb_341115e8e13a52d73b3aaf80ccfba6ee-1\" class=\"text-info\">E-Mail <span class=\"required\">*<\/span><\/label><\/div>\n\t\t\t\t<div class=\"input\"><input class=\"gwolle_gb_341115e8e13a52d73b3aaf80ccfba6ee\" value=\"\" type=\"email\" id=\"gwolle_gb_341115e8e13a52d73b3aaf80ccfba6ee-1\" name=\"gwolle_gb_341115e8e13a52d73b3aaf80ccfba6ee\" required \/><\/div>\n\t\t\t\t<div class=\"clearBoth\">&nbsp;<\/div>\n\t\t\t<\/div>\n\t\t\t<div class=\"gwolle_gb_603f4c7b5581b81c5edf6a4acb0cf9af\" style=\"display:none;overflow:hidden;\" hidden=\"true\" aria-hidden=\"true\">\n\t\t\t\t<div class=\"label\">\n\t\t\t\t\t<label for=\"gwolle_gb_603f4c7b5581b81c5edf6a4acb0cf9af-1\" class=\"text-primary\">Hier nichts eingeben<\/label>\n\t\t\t\t\t<label for=\"gwolle_gb_af6c86bd3265f7f40e45b12fc01bc7e4-1\" class=\"text-primary\">Hier nichts eingeben<\/label>\n\t\t\t\t<\/div>\n\t\t\t\t<div class=\"input\">\n\t\t\t\t\t<input value=\"80\" type=\"text\" id=\"gwolle_gb_603f4c7b5581b81c5edf6a4acb0cf9af-1\" name=\"gwolle_gb_603f4c7b5581b81c5edf6a4acb0cf9af\" class=\"gwolle_gb_603f4c7b5581b81c5edf6a4acb0cf9af\" style=\"transform: translateY(10000px);\" \/>\n\t\t\t\t\t<input value=\"\" type=\"text\" name=\"gwolle_gb_af6c86bd3265f7f40e45b12fc01bc7e4\" id=\"gwolle_gb_af6c86bd3265f7f40e45b12fc01bc7e4-1\" class=\"gwolle_gb_af6c86bd3265f7f40e45b12fc01bc7e4\" style=\"transform: translateY(10000px);\" \/>\n\t\t\t\t<\/div>\n\t\t\t\t<div class=\"clearBoth\"><\/div>\n\t\t\t<\/div>\n\t\t\t<div class=\"gwolle_gb_6c1467f4b5c20162f4b894471f8a92f8\" style=\"display:none;overflow:hidden;\" hidden=\"true\" aria-hidden=\"true\">\n\t\t\t\t<div class=\"label\">\n\t\t\t\t\t<label for=\"gwolle_gb_6c1467f4b5c20162f4b894471f8a92f8-1\" class=\"text-primary\">Hier nichts eingeben<\/label>\n\t\t\t\t\t<label for=\"gwolle_gb_304c441cb69da21a9cfd78d1f9b51ce7-1\" class=\"text-primary\">Hier nichts eingeben<\/label>\n\t\t\t\t<\/div>\n\t\t\t\t<div class=\"input\">\n\t\t\t\t\t<input value=\"10179\" type=\"text\" id=\"gwolle_gb_6c1467f4b5c20162f4b894471f8a92f8-1\" name=\"gwolle_gb_6c1467f4b5c20162f4b894471f8a92f8\" class=\"gwolle_gb_6c1467f4b5c20162f4b894471f8a92f8\" style=\"transform: translateY(10000px);\" \/>\n\t\t\t\t\t<input value=\"10179\" type=\"text\"id=\"gwolle_gb_304c441cb69da21a9cfd78d1f9b51ce7-1\" name=\"gwolle_gb_304c441cb69da21a9cfd78d1f9b51ce7\" class=\"gwolle_gb_304c441cb69da21a9cfd78d1f9b51ce7\" style=\"transform: translateY(10000px);\" \/>\n\t\t\t\t<\/div>\n\t\t\t\t<div class=\"clearBoth\"><\/div>\n\t\t\t<\/div><div class=\"gwolle_gb_content\">\n\t\t\t\t<div class=\"label\"><label for=\"gwolle_gb_content-1\" class=\"text-info\">G\u00e4stebucheintrag <span class=\"required\">*<\/span><\/label><\/div>\n\t\t\t\t<div class=\"input\"><textarea id=\"gwolle_gb_content-1\" name=\"gwolle_gb_content\" class=\"gwolle_gb_content wp-exclude-emoji\" required ><\/textarea><div class=\"gwolle_gb_emoji gwolle-gb-emoji gwolle-gb-hide\">\n\t\t<a title=\"\ud83d\ude04\" class=\"gwolle_gb_emoji_1 noslimstat\">\ud83d\ude04<\/a>\n\t\t<a title=\"\ud83d\ude03\" class=\"gwolle_gb_emoji_2 noslimstat\">\ud83d\ude03<\/a>\n\t\t<a title=\"\ud83d\ude09\" class=\"gwolle_gb_emoji_3 noslimstat\">\ud83d\ude09<\/a>\n\t\t<a title=\"\ud83d\ude0a\" class=\"gwolle_gb_emoji_4 noslimstat\">\ud83d\ude0a<\/a>\n\t\t<a title=\"\ud83d\ude1a\" class=\"gwolle_gb_emoji_5 noslimstat\">\ud83d\ude1a<\/a>\n\t\t<a title=\"\ud83d\ude17\" class=\"gwolle_gb_emoji_6 noslimstat\">\ud83d\ude17<\/a>\n\t\t<a title=\"\ud83d\ude1c\" class=\"gwolle_gb_emoji_7 noslimstat\">\ud83d\ude1c<\/a>\n\t\t<a title=\"\ud83d\ude1b\" class=\"gwolle_gb_emoji_8 noslimstat\">\ud83d\ude1b<\/a>\n\t\t<a title=\"\ud83d\ude33\" class=\"gwolle_gb_emoji_9 noslimstat\">\ud83d\ude33<\/a>\n\t\t<a title=\"\ud83d\ude01\" class=\"gwolle_gb_emoji_10 noslimstat\">\ud83d\ude01<\/a>\n\t\t<a title=\"\ud83d\ude2c\" class=\"gwolle_gb_emoji_11 noslimstat\">\ud83d\ude2c<\/a>\n\t\t<a title=\"\ud83d\ude0c\" class=\"gwolle_gb_emoji_12 noslimstat\">\ud83d\ude0c<\/a>\n\t\t<a title=\"\ud83d\ude1e\" class=\"gwolle_gb_emoji_13 noslimstat\">\ud83d\ude1e<\/a>\n\t\t<a title=\"\ud83d\ude18\" class=\"gwolle_gb_emoji_14 noslimstat\">\ud83d\ude18<\/a>\n\t\t<a title=\"\ud83d\ude0d\" class=\"gwolle_gb_emoji_15 noslimstat\">\ud83d\ude0d<\/a>\n\t\t<a title=\"\ud83d\ude22\" class=\"gwolle_gb_emoji_16 noslimstat\">\ud83d\ude22<\/a>\n\t\t<a title=\"\ud83d\ude02\" class=\"gwolle_gb_emoji_17 noslimstat\">\ud83d\ude02<\/a>\n\t\t<a title=\"\ud83d\ude2d\" class=\"gwolle_gb_emoji_18 noslimstat\">\ud83d\ude2d<\/a>\n\t\t<a title=\"\ud83d\ude05\" class=\"gwolle_gb_emoji_19 noslimstat\">\ud83d\ude05<\/a>\n\t\t<a title=\"\ud83d\ude13\" class=\"gwolle_gb_emoji_20 noslimstat\">\ud83d\ude13<\/a>\n\t\t<a title=\"\ud83d\ude29\" class=\"gwolle_gb_emoji_21 noslimstat\">\ud83d\ude29<\/a>\n\t\t<a title=\"\ud83d\ude2e\" class=\"gwolle_gb_emoji_22 noslimstat\">\ud83d\ude2e<\/a>\n\t\t<a title=\"\ud83d\ude31\" class=\"gwolle_gb_emoji_23 noslimstat\">\ud83d\ude31<\/a>\n\t\t<a title=\"\ud83d\ude20\" class=\"gwolle_gb_emoji_24 noslimstat\">\ud83d\ude20<\/a>\n\t\t<a title=\"\ud83d\ude21\" class=\"gwolle_gb_emoji_25 noslimstat\">\ud83d\ude21<\/a>\n\t\t<a title=\"\ud83d\ude24\" class=\"gwolle_gb_emoji_26 noslimstat\">\ud83d\ude24<\/a>\n\t\t<a title=\"\ud83d\ude0b\" class=\"gwolle_gb_emoji_27 noslimstat\">\ud83d\ude0b<\/a>\n\t\t<a title=\"\ud83d\ude0e\" class=\"gwolle_gb_emoji_28 noslimstat\">\ud83d\ude0e<\/a>\n\t\t<a title=\"\ud83d\ude34\" class=\"gwolle_gb_emoji_29 noslimstat\">\ud83d\ude34<\/a>\n\t\t<a title=\"\ud83d\ude08\" class=\"gwolle_gb_emoji_30 noslimstat\">\ud83d\ude08<\/a>\n\t\t<a title=\"\ud83d\ude07\" class=\"gwolle_gb_emoji_31 noslimstat\">\ud83d\ude07<\/a>\n\t\t<a title=\"\ud83d\ude15\" class=\"gwolle_gb_emoji_32 noslimstat\">\ud83d\ude15<\/a>\n\t\t<a title=\"\ud83d\ude0f\" class=\"gwolle_gb_emoji_33 noslimstat\">\ud83d\ude0f<\/a>\n\t\t<a title=\"\ud83d\ude11\" class=\"gwolle_gb_emoji_34 noslimstat\">\ud83d\ude11<\/a>\n\t\t<a title=\"\ud83d\udc72\" class=\"gwolle_gb_emoji_35 noslimstat\">\ud83d\udc72<\/a>\n\t\t<a title=\"\ud83d\udc6e\" class=\"gwolle_gb_emoji_36 noslimstat\">\ud83d\udc6e<\/a>\n\t\t<a title=\"\ud83d\udc82\" class=\"gwolle_gb_emoji_37 noslimstat\">\ud83d\udc82<\/a>\n\t\t<a title=\"\ud83d\udc76\" class=\"gwolle_gb_emoji_38 noslimstat\">\ud83d\udc76<\/a>\n\t\t<a title=\"\u2764\" class=\"gwolle_gb_emoji_39 noslimstat\">\u2764<\/a>\n\t\t<a title=\"\ud83d\udc94\" class=\"gwolle_gb_emoji_40 noslimstat\">\ud83d\udc94<\/a>\n\t\t<a title=\"\ud83d\udc95\" class=\"gwolle_gb_emoji_41 noslimstat\">\ud83d\udc95<\/a>\n\t\t<a title=\"\ud83d\udc98\" class=\"gwolle_gb_emoji_42 noslimstat\">\ud83d\udc98<\/a>\n\t\t<a title=\"\ud83d\udc8c\" class=\"gwolle_gb_emoji_43 noslimstat\">\ud83d\udc8c<\/a>\n\t\t<a title=\"\ud83d\udc8b\" class=\"gwolle_gb_emoji_44 noslimstat\">\ud83d\udc8b<\/a>\n\t\t<a title=\"\ud83c\udf81\" class=\"gwolle_gb_emoji_45 noslimstat\">\ud83c\udf81<\/a>\n\t\t<a title=\"\ud83d\udcb0\" class=\"gwolle_gb_emoji_46 noslimstat\">\ud83d\udcb0<\/a>\n\t\t<a title=\"\ud83d\udc8d\" class=\"gwolle_gb_emoji_47 noslimstat\">\ud83d\udc8d<\/a>\n\t\t<a title=\"\ud83d\udc4d\" class=\"gwolle_gb_emoji_48 noslimstat\">\ud83d\udc4d<\/a>\n\t\t<a title=\"\ud83d\udc4e\" class=\"gwolle_gb_emoji_49 noslimstat\">\ud83d\udc4e<\/a>\n\t\t<a title=\"\ud83d\udc4c\" class=\"gwolle_gb_emoji_50 noslimstat\">\ud83d\udc4c<\/a>\n\t\t<a title=\"\u270c\ufe0f\" class=\"gwolle_gb_emoji_51 noslimstat\">\u270c\ufe0f<\/a>\n\t\t<a title=\"\ud83e\udd18\ufe0f\" class=\"gwolle_gb_emoji_52 noslimstat\">\ud83e\udd18<\/a>\n\t\t<a title=\"\ud83d\udc4f\" class=\"gwolle_gb_emoji_53 noslimstat\">\ud83d\udc4f<\/a>\n\t\t<a title=\"\ud83c\udfb5\" class=\"gwolle_gb_emoji_54 noslimstat\">\ud83c\udfb5<\/a>\n\t\t<a title=\"\u2615\ufe0f\" class=\"gwolle_gb_emoji_55 noslimstat\">\u2615\ufe0f<\/a>\n\t\t<a title=\"\ud83c\udf75\" class=\"gwolle_gb_emoji_56 noslimstat\">\ud83c\udf75<\/a>\n\t\t<a title=\"\ud83c\udf7a\" class=\"gwolle_gb_emoji_57 noslimstat\">\ud83c\udf7a<\/a>\n\t\t<a title=\"\ud83c\udf77\" class=\"gwolle_gb_emoji_58 noslimstat\">\ud83c\udf77<\/a>\n\t\t<a title=\"\ud83c\udf7c\" class=\"gwolle_gb_emoji_59 noslimstat\">\ud83c\udf7c<\/a>\n\t\t<a title=\"\u2600\ufe0f\" class=\"gwolle_gb_emoji_60 noslimstat\">\u2600\ufe0f<\/a>\n\t\t<a title=\"\ud83c\udf24\" class=\"gwolle_gb_emoji_61 noslimstat\">\ud83c\udf24<\/a>\n\t\t<a title=\"\ud83c\udf26\" class=\"gwolle_gb_emoji_62 noslimstat\">\ud83c\udf26<\/a>\n\t\t<a title=\"\ud83c\udf27\" class=\"gwolle_gb_emoji_63 noslimstat\">\ud83c\udf27<\/a>\n\t\t<a title=\"\ud83c\udf1c\" class=\"gwolle_gb_emoji_64 noslimstat\">\ud83c\udf1c<\/a>\n\t\t<a title=\"\ud83c\udf08\" class=\"gwolle_gb_emoji_65 noslimstat\">\ud83c\udf08<\/a>\n\t\t<a title=\"\ud83c\udfdd\" class=\"gwolle_gb_emoji_66 noslimstat\">\ud83c\udfdd<\/a>\n\t\t<a title=\"\ud83c\udf85\" class=\"gwolle_gb_emoji_67 noslimstat\">\ud83c\udf85<\/a>\n\t\t<\/div><\/div>\n\t\t\t\t\t<div class=\"clearBoth\">&nbsp;<\/div>\n\t\t\t\t<\/div><input type=\"hidden\" class=\"gwolle_gb_0c7265f418c81efbe4809c1116dbeb77\" id=\"gwolle_gb_0c7265f418c81efbe4809c1116dbeb77-1\" name=\"gwolle_gb_0c7265f418c81efbe4809c1116dbeb77\" value=\"1734bf2246\" \/>\n\t\t\t<div class=\"gwolle-gb-messages-bottom-container\"><\/div>\n\n\t\t\t<noscript><div class=\"no-js\">Warnung: Dieses Formular kann nur verwendet werden, wenn in deinem Browser JavaScript aktiviert ist.<\/div><\/noscript>\n\n\t\t\t<div class=\"gwolle_gb_submit gwolle-gb-submit\">\n\t\t\t\t<div class=\"label gwolle-gb-invisible text-muted\">&nbsp;<\/div>\n\t\t\t\t<div class=\"input\">\n\t\t\t\t\t<input type=\"submit\" name=\"gwolle_gb_submit\" class=\"gwolle_gb_submit button btn btn-primary \" value=\"Absenden\" \/>\n\t\t\t\t\t<span class=\"gwolle_gb_submit_ajax_icon gwolle-gb-submit-ajax-icon\"><\/span>\n\t\t\t\n\t\t\t\t<\/div>\n\t\t\t\t<div class=\"clearBoth\">&nbsp;<\/div>\n\t\t\t<\/div>\n\n\t\t\t<div class=\"gwolle_gb_notice gwolle-gb-notice\">\n\t\t\t\tMit * gekennzeichnete Felder sind erforderlich.<br \/>\r\nDeine E-Mail-Adresse wird nicht ver\u00f6ffentlicht.<br \/>\r\nEs ist m\u00f6glich, dass dein Eintrag im G\u00e4stebuch erst sichtbar ist, nachdem wir ihn \u00fcberpr\u00fcft haben.<br \/>\r\nWir behalten uns vor, Eintr\u00e4ge zu bearbeiten, zu l\u00f6schen oder nicht zu ver\u00f6ffentlichen.\n\t\t\t<\/div><\/form><div class=\"gwolle-gb-read gwolle-gb-ajax gwolle-gb-entries-list\" data-book_id=\"1\" data-page_id=\"1\">\n\t\t<div id=\"gwolle-gb-total\" class=\"gwolle-gb-total\">2 Eintr\u00e4ge<\/div><!-- Gwolle-GB Entry: Default Template Loaded -->\n\t\t\t\t<div class=\"gb-entry gb-entry_12 gb-entry-count_1 gwolle-gb-uneven gwolle-gb-first\" id=\"gb-entry_12\" data-entry_id=\"12\">\n\t\t\t\t<article>\n\t\t\t\t\t<div class=\"gb-author-info\">\n\t\t\t\t\t\t<span class=\"gb-author-avatar\"><img referrerpolicy=\"no-referrer\" alt='Steinmeyer, Elke' src='https:\/\/secure.gravatar.com\/avatar\/084c7e8c56f69c42f8b3fd5833a3c59ca4726ebc2c59a5637325aaaba39d760d?s=32&#038;d=mm&#038;r=g' srcset='https:\/\/secure.gravatar.com\/avatar\/084c7e8c56f69c42f8b3fd5833a3c59ca4726ebc2c59a5637325aaaba39d760d?s=64&#038;d=mm&#038;r=g 2x' class='avatar avatar-32 photo' height='32' width='32' \/><\/span>\n\t\t\t\t\t\t<span class=\"gb-author-name\">Steinmeyer, Elke\n\t\t\t\t\t\t<\/span>\n\t\t\t\t\t\t<span class=\"gb-author-origin\">\n\t\t\t\t\t\t\t<span class=\"gb-author-origin-from-text\"> aus<\/span>\n\t\t\t\t\t\t\t<span class=\"gb-author-origin-text\"> Hameln<\/span>\n\t\t\t\t\t\t<\/span>\n\t\t\t\t\t\t<span class=\"gb-datetime\">\n\t\t\t\t\t\t\t<span class=\"gb-date\"><span class=\"gb-date-wrote-text\"> schrieb am<\/span><span class=\"gb-date-text\"> 20. Februar 2024<\/span>\n\t\t\t\t\t\t\t<\/span><span class=\"gb-time\">\n\t\t\t\t\t\t\t\t\t<span class=\"gb-time-at-text\"> um<\/span>\n\t\t\t\t\t\t\t\t\t<span class=\"gb-time-text\"> 19:26<\/span>\n\t\t\t\t\t\t\t\t<\/span>\n\t\t\t\t\t\t<\/span> \n\t\t\t\t\t<\/div>\n\t\t\t\t\t<div class=\"gb-entry-content\">Meine Eltern Ruth und Ernst Steinmeyer wurden heute vor 70 Jahren, am 20.2.1954 hier getraut!\n\t\t\t\t\t<\/div>\n\t\t\t\t<\/article>\n\t\t\t<\/div>\n\t\t\t<div class=\"gb-entry gb-entry_7 gb-entry-count_2 gwolle-gb-even\" id=\"gb-entry_7\" data-entry_id=\"7\">\n\t\t\t\t<article>\n\t\t\t\t\t<div class=\"gb-author-info\">\n\t\t\t\t\t\t<span class=\"gb-author-avatar\"><img referrerpolicy=\"no-referrer\" alt='Hoffmann, Ursula (geb. Weber - Uschi)' src='https:\/\/secure.gravatar.com\/avatar\/2cfdb5bc48e4546529529e4dd5a17e32357d307ccad1e146ae983e44cec471f7?s=32&#038;d=mm&#038;r=g' srcset='https:\/\/secure.gravatar.com\/avatar\/2cfdb5bc48e4546529529e4dd5a17e32357d307ccad1e146ae983e44cec471f7?s=64&#038;d=mm&#038;r=g 2x' class='avatar avatar-32 photo' height='32' width='32' \/><\/span>\n\t\t\t\t\t\t<span class=\"gb-author-name\">Hoffmann, Ursula (geb. Weber - Uschi)\n\t\t\t\t\t\t<\/span>\n\t\t\t\t\t\t<span class=\"gb-author-origin\">\n\t\t\t\t\t\t\t<span class=\"gb-author-origin-from-text\"> aus<\/span>\n\t\t\t\t\t\t\t<span class=\"gb-author-origin-text\"> 24582 Bordesholm (S-H)<\/span>\n\t\t\t\t\t\t<\/span>\n\t\t\t\t\t\t<span class=\"gb-datetime\">\n\t\t\t\t\t\t\t<span class=\"gb-date\"><span class=\"gb-date-wrote-text\"> schrieb am<\/span><span class=\"gb-date-text\"> 16. Januar 2022<\/span>\n\t\t\t\t\t\t\t<\/span><span class=\"gb-time\">\n\t\t\t\t\t\t\t\t\t<span class=\"gb-time-at-text\"> um<\/span>\n\t\t\t\t\t\t\t\t\t<span class=\"gb-time-text\"> 9:46<\/span>\n\t\t\t\t\t\t\t\t<\/span>\n\t\t\t\t\t\t<\/span> \n\t\t\t\t\t<\/div>\n\t\t\t\t\t<div class=\"gb-entry-content\">Hallo, liebe Einwohner von Hiddestorf,\nhabe von 1950 bis 1961 auch hier gewohnt, mit meiner inzwischen verstorbenen j\u00fcngeren Schwester Angelika, mein Vater Gerhard ist ja 1959 hier (auf dem Anger 1?) verstorben, meine Mutter Irmgard, geb. Th\u00f6le vor einigen Jahren in Hamburg (sind wir 1961 hingezogen) - bis kurz nach der Einschulung haben wir bei &#034;meiner&#034; Oma Wulkopf gewohnt, welche mich liebevoll aufgezogen hat. Dadurch hatte ich auch viel Kontakt zu ihren Verwandten, der Bauernfamilie Wulkopf, an welche ich mich gerne erinnere. \nIm Juli 2021 an meinem 71. Geburtstag war ich nach etlichen Jahren, bedingt durch Krankheit und Tod 2019 meines Mannes, so wie auch lange Erkrankungen und Krankenhausaufenthalte u.a. nach einer 3-fachen HWS-Fraktur, bedingt durch etliche St\u00fcrze einer PNP in den Beinen u. einer sehr defekten Wirbels\u00e4ule meinerseits, endlich mal wieder mit einer Freundin, welche am gleichen Tag Geburtstag hat, in meinem Heimatort.\nHabe mich mit Heinz. F. und einigen wenigen Klassenkameraden abends\nzusammen gesetzt, wor\u00fcber ich mich sehr gefreut habe.\nGewohnt haben wir in diesen wenigen Tagen bei Irmhild Felske, in sehr nett eingerichteten G\u00e4stezimmern.\nSo weit Corona es in 2022 zul\u00e4sst m\u00f6chte ich gerne einige Tage l\u00e4nger bleiben und meinen Heimatort mal wieder neu entdecken. U.a. auch die Kirche, welche ich schon als Kind toll fand. Hier in meiner Bordesholmer Klosterkirche bin ich inzwischen auch etwas aktiv geworden.\nWerde nach meinem n\u00e4chsten Besuch gerne wieder hier berichten . . .\n\t\t\t\t\t<\/div>\n\t\t\t\t<\/article>\n\t\t\t<\/div>\n\t\t\t<\/div><\/div><\/div>\n\t\t\t<\/div>\n\t\t\t<\/div>\n\t\t\t\t\n\t\t\t\t\n\t\t\t\t\n\t\t\t\t\n\t\t\t<\/div>\n\t\t\t\t\n\t\t\t\t\n\t\t\t<\/div><\/p>\n","protected":false},"excerpt":{"rendered":"","protected":false},"author":1,"featured_media":0,"parent":0,"menu_order":0,"comment_status":"closed","ping_status":"closed","template":"","meta":{"_et_pb_use_builder":"on","_et_pb_old_content":"","_et_gb_content_width":"","footnotes":""},"class_list":["post-799","page","type-page","status-publish","hentry"],"yoast_head":"<!-- This site is optimized with the Yoast SEO plugin v27.4 - https:\/\/yoast.com\/product\/yoast-seo-wordpress\/ -->\n<title>G\u00e4stebuch - Hiddestorf<\/title>\n<meta name=\"robots\" content=\"index, follow, max-snippet:-1, max-image-preview:large, max-video-preview:-1\" \/>\n<link rel=\"canonical\" href=\"https:\/\/www.hiddestorf.com\/staging\/?page_id=799\" \/>\n<meta property=\"og:locale\" content=\"de_DE\" \/>\n<meta property=\"og:type\" content=\"article\" \/>\n<meta property=\"og:title\" content=\"G\u00e4stebuch - Hiddestorf\" \/>\n<meta property=\"og:url\" content=\"https:\/\/www.hiddestorf.com\/staging\/?page_id=799\" \/>\n<meta property=\"og:site_name\" content=\"Hiddestorf\" \/>\n<meta property=\"article:modified_time\" content=\"2020-04-13T10:30:55+00:00\" \/>\n<meta name=\"twitter:card\" content=\"summary_large_image\" \/>\n<meta name=\"twitter:label1\" content=\"Gesch\u00e4tzte Lesezeit\" \/>\n\t<meta name=\"twitter:data1\" content=\"2\u00a0Minuten\" \/>\n<script type=\"application\/ld+json\" class=\"yoast-schema-graph\">{\"@context\":\"https:\\\/\\\/schema.org\",\"@graph\":[{\"@type\":\"WebPage\",\"@id\":\"https:\\\/\\\/www.hiddestorf.com\\\/staging\\\/?page_id=799\",\"url\":\"https:\\\/\\\/www.hiddestorf.com\\\/staging\\\/?page_id=799\",\"name\":\"G\u00e4stebuch - Hiddestorf\",\"isPartOf\":{\"@id\":\"https:\\\/\\\/www.hiddestorf.com\\\/staging\\\/#website\"},\"datePublished\":\"2019-09-09T12:31:25+00:00\",\"dateModified\":\"2020-04-13T10:30:55+00:00\",\"breadcrumb\":{\"@id\":\"https:\\\/\\\/www.hiddestorf.com\\\/staging\\\/?page_id=799#breadcrumb\"},\"inLanguage\":\"de\",\"potentialAction\":[{\"@type\":\"ReadAction\",\"target\":[\"https:\\\/\\\/www.hiddestorf.com\\\/staging\\\/?page_id=799\"]}]},{\"@type\":\"BreadcrumbList\",\"@id\":\"https:\\\/\\\/www.hiddestorf.com\\\/staging\\\/?page_id=799#breadcrumb\",\"itemListElement\":[{\"@type\":\"ListItem\",\"position\":1,\"name\":\"Startseite\",\"item\":\"https:\\\/\\\/www.hiddestorf.com\\\/staging\\\/\"},{\"@type\":\"ListItem\",\"position\":2,\"name\":\"G\u00e4stebuch\"}]},{\"@type\":\"WebSite\",\"@id\":\"https:\\\/\\\/www.hiddestorf.com\\\/staging\\\/#website\",\"url\":\"https:\\\/\\\/www.hiddestorf.com\\\/staging\\\/\",\"name\":\"Hiddestorf\",\"description\":\"Ein Dorf im Wandel der Zeit\",\"publisher\":{\"@id\":\"https:\\\/\\\/www.hiddestorf.com\\\/staging\\\/#organization\"},\"potentialAction\":[{\"@type\":\"SearchAction\",\"target\":{\"@type\":\"EntryPoint\",\"urlTemplate\":\"https:\\\/\\\/www.hiddestorf.com\\\/staging\\\/?s={search_term_string}\"},\"query-input\":{\"@type\":\"PropertyValueSpecification\",\"valueRequired\":true,\"valueName\":\"search_term_string\"}}],\"inLanguage\":\"de\"},{\"@type\":\"Organization\",\"@id\":\"https:\\\/\\\/www.hiddestorf.com\\\/staging\\\/#organization\",\"name\":\"Hiddestorf\",\"url\":\"https:\\\/\\\/www.hiddestorf.com\\\/staging\\\/\",\"logo\":{\"@type\":\"ImageObject\",\"inLanguage\":\"de\",\"@id\":\"https:\\\/\\\/www.hiddestorf.com\\\/staging\\\/#\\\/schema\\\/logo\\\/image\\\/\",\"url\":\"https:\\\/\\\/www.hiddestorf.com\\\/staging\\\/wp-content\\\/uploads\\\/2019\\\/08\\\/Wappen-Hiddestorf-neu-200.jpg\",\"contentUrl\":\"https:\\\/\\\/www.hiddestorf.com\\\/staging\\\/wp-content\\\/uploads\\\/2019\\\/08\\\/Wappen-Hiddestorf-neu-200.jpg\",\"width\":200,\"height\":246,\"caption\":\"Hiddestorf\"},\"image\":{\"@id\":\"https:\\\/\\\/www.hiddestorf.com\\\/staging\\\/#\\\/schema\\\/logo\\\/image\\\/\"}}]}<\/script>\n<!-- \/ Yoast SEO plugin. -->","yoast_head_json":{"title":"G\u00e4stebuch - Hiddestorf","robots":{"index":"index","follow":"follow","max-snippet":"max-snippet:-1","max-image-preview":"max-image-preview:large","max-video-preview":"max-video-preview:-1"},"canonical":"https:\/\/www.hiddestorf.com\/staging\/?page_id=799","og_locale":"de_DE","og_type":"article","og_title":"G\u00e4stebuch - Hiddestorf","og_url":"https:\/\/www.hiddestorf.com\/staging\/?page_id=799","og_site_name":"Hiddestorf","article_modified_time":"2020-04-13T10:30:55+00:00","twitter_card":"summary_large_image","twitter_misc":{"Gesch\u00e4tzte Lesezeit":"2\u00a0Minuten"},"schema":{"@context":"https:\/\/schema.org","@graph":[{"@type":"WebPage","@id":"https:\/\/www.hiddestorf.com\/staging\/?page_id=799","url":"https:\/\/www.hiddestorf.com\/staging\/?page_id=799","name":"G\u00e4stebuch - Hiddestorf","isPartOf":{"@id":"https:\/\/www.hiddestorf.com\/staging\/#website"},"datePublished":"2019-09-09T12:31:25+00:00","dateModified":"2020-04-13T10:30:55+00:00","breadcrumb":{"@id":"https:\/\/www.hiddestorf.com\/staging\/?page_id=799#breadcrumb"},"inLanguage":"de","potentialAction":[{"@type":"ReadAction","target":["https:\/\/www.hiddestorf.com\/staging\/?page_id=799"]}]},{"@type":"BreadcrumbList","@id":"https:\/\/www.hiddestorf.com\/staging\/?page_id=799#breadcrumb","itemListElement":[{"@type":"ListItem","position":1,"name":"Startseite","item":"https:\/\/www.hiddestorf.com\/staging\/"},{"@type":"ListItem","position":2,"name":"G\u00e4stebuch"}]},{"@type":"WebSite","@id":"https:\/\/www.hiddestorf.com\/staging\/#website","url":"https:\/\/www.hiddestorf.com\/staging\/","name":"Hiddestorf","description":"Ein Dorf im Wandel der Zeit","publisher":{"@id":"https:\/\/www.hiddestorf.com\/staging\/#organization"},"potentialAction":[{"@type":"SearchAction","target":{"@type":"EntryPoint","urlTemplate":"https:\/\/www.hiddestorf.com\/staging\/?s={search_term_string}"},"query-input":{"@type":"PropertyValueSpecification","valueRequired":true,"valueName":"search_term_string"}}],"inLanguage":"de"},{"@type":"Organization","@id":"https:\/\/www.hiddestorf.com\/staging\/#organization","name":"Hiddestorf","url":"https:\/\/www.hiddestorf.com\/staging\/","logo":{"@type":"ImageObject","inLanguage":"de","@id":"https:\/\/www.hiddestorf.com\/staging\/#\/schema\/logo\/image\/","url":"https:\/\/www.hiddestorf.com\/staging\/wp-content\/uploads\/2019\/08\/Wappen-Hiddestorf-neu-200.jpg","contentUrl":"https:\/\/www.hiddestorf.com\/staging\/wp-content\/uploads\/2019\/08\/Wappen-Hiddestorf-neu-200.jpg","width":200,"height":246,"caption":"Hiddestorf"},"image":{"@id":"https:\/\/www.hiddestorf.com\/staging\/#\/schema\/logo\/image\/"}}]}},"_links":{"self":[{"href":"https:\/\/www.hiddestorf.com\/staging\/index.php?rest_route=\/wp\/v2\/pages\/799","targetHints":{"allow":["GET"]}}],"collection":[{"href":"https:\/\/www.hiddestorf.com\/staging\/index.php?rest_route=\/wp\/v2\/pages"}],"about":[{"href":"https:\/\/www.hiddestorf.com\/staging\/index.php?rest_route=\/wp\/v2\/types\/page"}],"author":[{"embeddable":true,"href":"https:\/\/www.hiddestorf.com\/staging\/index.php?rest_route=\/wp\/v2\/users\/1"}],"replies":[{"embeddable":true,"href":"https:\/\/www.hiddestorf.com\/staging\/index.php?rest_route=%2Fwp%2Fv2%2Fcomments&post=799"}],"version-history":[{"count":5,"href":"https:\/\/www.hiddestorf.com\/staging\/index.php?rest_route=\/wp\/v2\/pages\/799\/revisions"}],"predecessor-version":[{"id":1742,"href":"https:\/\/www.hiddestorf.com\/staging\/index.php?rest_route=\/wp\/v2\/pages\/799\/revisions\/1742"}],"wp:attachment":[{"href":"https:\/\/www.hiddestorf.com\/staging\/index.php?rest_route=%2Fwp%2Fv2%2Fmedia&parent=799"}],"curies":[{"name":"wp","href":"https:\/\/api.w.org\/{rel}","templated":true}]}}