{"id":4143,"date":"2024-06-28T20:17:47","date_gmt":"2024-06-28T18:17:47","guid":{"rendered":"https:\/\/www.hiddestorf.com\/staging\/?page_id=4143"},"modified":"2024-07-29T19:02:39","modified_gmt":"2024-07-29T17:02:39","slug":"konfirmationen-1969-bis-1974","status":"publish","type":"page","link":"https:\/\/www.hiddestorf.com\/staging\/?page_id=4143","title":{"rendered":"Konfirmationen 1969 bis 1974"},"content":{"rendered":"<p><div class=\"et_d4_element et_pb_section et_pb_section_0 et_pb_with_background  et_pb_css_mix_blend_mode et_section_regular section_has_divider et_pb_bottom_divider et_block_section\" >\n\t\t\t\t\n\t\t\t\t\n\t\t\t\t\n\t\t\t\t\n\t\t\t\t\n\t\t\t\t\n\t\t\t\t<div class=\"et_pb_with_border et_d4_element et_pb_row et_pb_row_0  et_pb_css_mix_blend_mode et_block_row\">\n\t\t\t\t<div class=\"et_d4_element et_pb_column_4_4 et_pb_column et_pb_column_0  et_pb_css_mix_blend_mode et-last-child et_block_column\">\n\t\t\t\t\n\t\t\t\t\n\t\t\t\t\n\t\t\t\t\n\t\t\t\t<div class=\"et_pb_module et_d4_element et_pb_text et_pb_text_0 et_animated  et_pb_text_align_center et_pb_bg_layout_dark\">\n\t\t\t\t\n\t\t\t\t\n\t\t\t\t\n\t\t\t\t\n\t\t\t\t<div class=\"et_pb_text_inner\"><h3>Konfirmationen<\/h3><\/div>\n\t\t\t<\/div>\n\t\t\t<\/div>\n\t\t\t\t\n\t\t\t\t\n\t\t\t\t\n\t\t\t\t\n\t\t\t<\/div>\n\t\t\t\t\n\t\t\t\t<div class=\"et_pb_bottom_inside_divider et-no-transition\"><\/div>\n\t\t\t<\/div><div class=\"et_d4_element et_pb_section et_pb_section_1 et_pb_with_background  et_pb_css_mix_blend_mode et_section_regular et_block_section\" >\n\t\t\t\t\n\t\t\t\t\n\t\t\t\t\n\t\t\t\t\n\t\t\t\t\n\t\t\t\t\n\t\t\t\t<div class=\"et_pb_with_border et_d4_element et_pb_row et_pb_row_1  et_pb_css_mix_blend_mode et_block_row\">\n\t\t\t\t<div class=\"et_d4_element et_pb_column_4_4 et_pb_column et_pb_column_1  et_pb_css_mix_blend_mode et-last-child et_block_column\">\n\t\t\t\t\n\t\t\t\t\n\t\t\t\t\n\t\t\t\t\n\t\t\t\t<div class=\"et_pb_module et_d4_element et_pb_text et_pb_text_1  et_pb_text_align_left et_pb_bg_layout_light\">\n\t\t\t\t\n\t\t\t\t\n\t\t\t\t\n\t\t\t\t\n\t\t\t\t<div class=\"et_pb_text_inner\"><h3>Konfirmationen 1969 bis 1974<\/h3><\/div>\n\t\t\t<\/div>\n\t\t\t<\/div>\n\t\t\t\t\n\t\t\t\t\n\t\t\t\t\n\t\t\t\t\n\t\t\t<\/div>\n\t\t\t\t\n\t\t\t\t\n\t\t\t<\/div><div class=\"et_d4_element et_pb_section et_pb_section_2 et_pb_with_background  et_pb_css_mix_blend_mode et_section_regular et_block_section\" >\n\t\t\t\t\n\t\t\t\t\n\t\t\t\t\n\t\t\t\t\n\t\t\t\t\n\t\t\t\t\n\t\t\t\t<div class=\"et_pb_with_border et_d4_element et_pb_row et_pb_row_2  et_pb_css_mix_blend_mode et_block_row\">\n\t\t\t\t<div class=\"et_d4_element et_pb_column_4_4 et_pb_column et_pb_column_2  et_pb_css_mix_blend_mode et-last-child et_block_column\">\n\t\t\t\t\n\t\t\t\t\n\t\t\t\t\n\t\t\t\t\n\t\t\t\t<div class=\"et_pb_module et_d4_element et_pb_image et_pb_image_0\">\n\t\t\t\t\n\t\t\t\t\n\t\t\t\t\n\t\t\t\t\n\t\t\t\t<span class=\"et_pb_image_wrap \"><\/span>\n\t\t\t<\/div><div class=\"et_pb_module et_d4_element et_pb_image et_pb_image_1\">\n\t\t\t\t\n\t\t\t\t\n\t\t\t\t\n\t\t\t\t\n\t\t\t\t<span class=\"et_pb_image_wrap \"><img loading=\"lazy\" decoding=\"async\" width=\"1280\" height=\"903\" src=\"https:\/\/www.hiddestorf.com\/staging\/wp-content\/uploads\/2024\/07\/Konfirmation-1969_b_X.jpg\" alt=\"\" title=\"Konfirmation 1969\" srcset=\"https:\/\/www.hiddestorf.com\/staging\/wp-content\/uploads\/2024\/07\/Konfirmation-1969_b_X.jpg 1280w, https:\/\/www.hiddestorf.com\/staging\/wp-content\/uploads\/2024\/07\/Konfirmation-1969_b_X-980x691.jpg 980w, https:\/\/www.hiddestorf.com\/staging\/wp-content\/uploads\/2024\/07\/Konfirmation-1969_b_X-480x339.jpg 480w\" sizes=\"(min-width: 0px) and (max-width: 480px) 480px, (min-width: 481px) and (max-width: 980px) 980px, (min-width: 981px) 1280px, 100vw\" class=\"wp-image-4225\" \/><\/span>\n\t\t\t<\/div><div class=\"et_pb_module et_d4_element et_pb_text et_pb_text_2  et_pb_text_align_left et_pb_bg_layout_light\">\n\t\t\t\t\n\t\t\t\t\n\t\t\t\t\n\t\t\t\t\n\t\t\t\t<div class=\"et_pb_text_inner\"><p><strong>Konfirmation 1969<\/strong><\/p>\n<p>2. Reihe vlnr.: G\u00fcnther Enskat, Karl-Heinz Weniger, Reiner Bothe, Willi Gramann, J\u00fcrgen Sch\u00fcttke, Helmut Mittmann, Horst Selle, Harald Hengstmann, Heinz Megsner, Werner Enskat, Pastor Oelze, Burkhard K\u00f6hler<br \/>1. Reihe vlnr.: Harald Wussow, Heidi Rautenberger, Regina Winkler, Harryet Stellmann, Angelika Stephan, Irmtraud Baxmann, Christiane Borchers, Christa Mei\u00dfner, Rita Beensen, Ingrid Eckardt, Almut Frenz, Brunhild Grimm, Norbert Mei\u00dfner<\/p><\/div>\n\t\t\t<\/div>\n\t\t\t<\/div>\n\t\t\t\t\n\t\t\t\t\n\t\t\t\t\n\t\t\t\t\n\t\t\t<\/div><div class=\"et_pb_with_border et_d4_element et_pb_row et_pb_row_3  et_pb_css_mix_blend_mode et_block_row\">\n\t\t\t\t<div class=\"et_d4_element et_pb_column_4_4 et_pb_column et_pb_column_3  et_pb_css_mix_blend_mode et-last-child et_block_column\">\n\t\t\t\t\n\t\t\t\t\n\t\t\t\t\n\t\t\t\t\n\t\t\t\t<div class=\"et_pb_module et_d4_element et_pb_divider et_pb_divider_0 et_pb_space\"><div class=\"et_pb_divider_internal\"><\/div><\/div>\n\t\t\t<\/div>\n\t\t\t\t\n\t\t\t\t\n\t\t\t\t\n\t\t\t\t\n\t\t\t<\/div><div class=\"et_pb_with_border et_d4_element et_pb_row et_pb_row_4  et_pb_css_mix_blend_mode et_block_row\">\n\t\t\t\t<div class=\"et_d4_element et_pb_column_4_4 et_pb_column et_pb_column_4  et_pb_css_mix_blend_mode et-last-child et_block_column\">\n\t\t\t\t\n\t\t\t\t\n\t\t\t\t\n\t\t\t\t\n\t\t\t\t<div class=\"et_pb_module et_d4_element et_pb_image et_pb_image_2\">\n\t\t\t\t\n\t\t\t\t\n\t\t\t\t\n\t\t\t\t\n\t\t\t\t<span class=\"et_pb_image_wrap \"><img loading=\"lazy\" decoding=\"async\" width=\"1276\" height=\"864\" src=\"https:\/\/www.hiddestorf.com\/staging\/wp-content\/uploads\/2024\/07\/Konfirmation-1970_b_X.jpg\" alt=\"\" title=\"Konfirmation 1970\" srcset=\"https:\/\/www.hiddestorf.com\/staging\/wp-content\/uploads\/2024\/07\/Konfirmation-1970_b_X.jpg 1276w, https:\/\/www.hiddestorf.com\/staging\/wp-content\/uploads\/2024\/07\/Konfirmation-1970_b_X-980x664.jpg 980w, https:\/\/www.hiddestorf.com\/staging\/wp-content\/uploads\/2024\/07\/Konfirmation-1970_b_X-480x325.jpg 480w\" sizes=\"(min-width: 0px) and (max-width: 480px) 480px, (min-width: 481px) and (max-width: 980px) 980px, (min-width: 981px) 1276px, 100vw\" class=\"wp-image-4219\" \/><\/span>\n\t\t\t<\/div>\n\t\t\t<\/div>\n\t\t\t\t\n\t\t\t\t\n\t\t\t\t\n\t\t\t\t\n\t\t\t<\/div><div class=\"et_pb_with_border et_d4_element et_pb_row et_pb_row_5  et_pb_css_mix_blend_mode et_block_row\">\n\t\t\t\t<div class=\"et_d4_element et_pb_column_4_4 et_pb_column et_pb_column_5  et_pb_css_mix_blend_mode et-last-child et_block_column\">\n\t\t\t\t\n\t\t\t\t\n\t\t\t\t\n\t\t\t\t\n\t\t\t\t<div class=\"et_pb_module et_d4_element et_pb_image et_pb_image_3\">\n\t\t\t\t\n\t\t\t\t\n\t\t\t\t\n\t\t\t\t\n\t\t\t\t<span class=\"et_pb_image_wrap \"><\/span>\n\t\t\t<\/div><div class=\"et_pb_module et_d4_element et_pb_text et_pb_text_3  et_pb_text_align_left et_pb_bg_layout_light\">\n\t\t\t\t\n\t\t\t\t\n\t\t\t\t\n\t\t\t\t\n\t\t\t\t<div class=\"et_pb_text_inner\"><p><strong>Konfirmation 1970<\/strong><\/p>\n<p>2.Reihe vlnr.: J\u00fcrgen Storch, J\u00fcrgen Dobbrunz, Klaus Hasse,\u00a0 Manfred Boelmann, Hans-Joachim Wussow, Frank Meyer, Dirk Oppermann,\u00a0 Uwe Niemeier, Rolf Blumeyer<br \/>1.Reihe vlnr.:\u00a0 Frank Fuhrmann, Karin Megsner, Inge Fuhrmann, Erika Sch\u00e4fer, Helga Burose, Uta Frenz, Doris Lindner, Andrea B\u00fclte, Claudia Behrens, Pastor Oelze<\/p><\/div>\n\t\t\t<\/div>\n\t\t\t<\/div>\n\t\t\t\t\n\t\t\t\t\n\t\t\t\t\n\t\t\t\t\n\t\t\t<\/div><div class=\"et_pb_with_border et_d4_element et_pb_row et_pb_row_6  et_pb_css_mix_blend_mode et_block_row\">\n\t\t\t\t<div class=\"et_d4_element et_pb_column_4_4 et_pb_column et_pb_column_6  et_pb_css_mix_blend_mode et-last-child et_block_column\">\n\t\t\t\t\n\t\t\t\t\n\t\t\t\t\n\t\t\t\t\n\t\t\t\t<div class=\"et_pb_module et_d4_element et_pb_image et_pb_image_4\">\n\t\t\t\t\n\t\t\t\t\n\t\t\t\t\n\t\t\t\t\n\t\t\t\t<span class=\"et_pb_image_wrap \"><img loading=\"lazy\" decoding=\"async\" width=\"1280\" height=\"862\" src=\"https:\/\/www.hiddestorf.com\/staging\/wp-content\/uploads\/2024\/06\/Konfirmation-1971_b_X.jpg\" alt=\"\" title=\"Konfirmation 1971\" srcset=\"https:\/\/www.hiddestorf.com\/staging\/wp-content\/uploads\/2024\/06\/Konfirmation-1971_b_X.jpg 1280w, https:\/\/www.hiddestorf.com\/staging\/wp-content\/uploads\/2024\/06\/Konfirmation-1971_b_X-980x660.jpg 980w, https:\/\/www.hiddestorf.com\/staging\/wp-content\/uploads\/2024\/06\/Konfirmation-1971_b_X-480x323.jpg 480w\" sizes=\"(min-width: 0px) and (max-width: 480px) 480px, (min-width: 481px) and (max-width: 980px) 980px, (min-width: 981px) 1280px, 100vw\" class=\"wp-image-4155\" \/><\/span>\n\t\t\t<\/div><div class=\"et_pb_module et_d4_element et_pb_text et_pb_text_4  et_pb_text_align_left et_pb_bg_layout_light\">\n\t\t\t\t\n\t\t\t\t\n\t\t\t\t\n\t\t\t\t\n\t\t\t\t<div class=\"et_pb_text_inner\"><p><strong>Konfirmation 1971<\/strong><\/p>\n<p>vlnr.: Heiko Feierabend, J\u00fcrgen Horstmann, Jens Kubicki, Peter Mei\u00dfner, Pastor Oelze, Gudrun Hengstmann, Kornelia Baum, Udo Wekel, Ursula Benditte, Karin Kirst, Regina Kleinke, Christiane Lindner, Friedrich Potthast, Jutta Selle, Ulf Koblitzek, Volker Peters, Wolfgang Frenz<\/p><\/div>\n\t\t\t<\/div>\n\t\t\t<\/div>\n\t\t\t\t\n\t\t\t\t\n\t\t\t\t\n\t\t\t\t\n\t\t\t<\/div><div class=\"et_pb_with_border et_d4_element et_pb_row et_pb_row_7  et_pb_css_mix_blend_mode et_block_row\">\n\t\t\t\t<div class=\"et_d4_element et_pb_column_4_4 et_pb_column et_pb_column_7  et_pb_css_mix_blend_mode et-last-child et_block_column\">\n\t\t\t\t\n\t\t\t\t\n\t\t\t\t\n\t\t\t\t\n\t\t\t\t<div class=\"et_pb_module et_d4_element et_pb_image et_pb_image_5\">\n\t\t\t\t\n\t\t\t\t\n\t\t\t\t\n\t\t\t\t\n\t\t\t\t<span class=\"et_pb_image_wrap \"><img loading=\"lazy\" decoding=\"async\" width=\"1280\" height=\"884\" src=\"https:\/\/www.hiddestorf.com\/staging\/wp-content\/uploads\/2024\/06\/Konfirmation-1972_b_X.jpg\" alt=\"\" title=\"Konfirmation 1972\" srcset=\"https:\/\/www.hiddestorf.com\/staging\/wp-content\/uploads\/2024\/06\/Konfirmation-1972_b_X.jpg 1280w, https:\/\/www.hiddestorf.com\/staging\/wp-content\/uploads\/2024\/06\/Konfirmation-1972_b_X-980x677.jpg 980w, https:\/\/www.hiddestorf.com\/staging\/wp-content\/uploads\/2024\/06\/Konfirmation-1972_b_X-480x332.jpg 480w\" sizes=\"(min-width: 0px) and (max-width: 480px) 480px, (min-width: 481px) and (max-width: 980px) 980px, (min-width: 981px) 1280px, 100vw\" class=\"wp-image-4160\" \/><\/span>\n\t\t\t<\/div><div class=\"et_pb_module et_d4_element et_pb_text et_pb_text_5  et_pb_text_align_left et_pb_bg_layout_light\">\n\t\t\t\t\n\t\t\t\t\n\t\t\t\t\n\t\t\t\t\n\t\t\t\t<div class=\"et_pb_text_inner\"><p><strong>Konfirmation 1972<\/strong><\/p>\n<p>2.Reihe vlnr.: Uwe Dauer, Michael K\u00f6hler, Ernst Rehren, Ralf Placeriani, Peter Flohr, Michael Mirke, Dieter Dobbrunz, Wulf Lieke, Pastor Oelze<br \/>1. Reihe vlnr.: Martina Oelze, Marita Wulkopf, Martina Kroll, Petra Burose, Gabriele Rautenberger, Renate Nolte, Erika R\u00f6sler <\/p><\/div>\n\t\t\t<\/div>\n\t\t\t<\/div>\n\t\t\t\t\n\t\t\t\t\n\t\t\t\t\n\t\t\t\t\n\t\t\t<\/div><div class=\"et_pb_with_border et_d4_element et_pb_row et_pb_row_8  et_pb_css_mix_blend_mode et_block_row\">\n\t\t\t\t<div class=\"et_d4_element et_pb_column_4_4 et_pb_column et_pb_column_8  et_pb_css_mix_blend_mode et-last-child et_block_column\">\n\t\t\t\t\n\t\t\t\t\n\t\t\t\t\n\t\t\t\t\n\t\t\t\t<div class=\"et_pb_module et_d4_element et_pb_image et_pb_image_6\">\n\t\t\t\t\n\t\t\t\t\n\t\t\t\t\n\t\t\t\t\n\t\t\t\t<span class=\"et_pb_image_wrap \"><img loading=\"lazy\" decoding=\"async\" width=\"1280\" height=\"892\" src=\"https:\/\/www.hiddestorf.com\/staging\/wp-content\/uploads\/2024\/06\/Konfirmation-1973_b_X.jpg\" alt=\"\" title=\"Konfirmation 1973\" srcset=\"https:\/\/www.hiddestorf.com\/staging\/wp-content\/uploads\/2024\/06\/Konfirmation-1973_b_X.jpg 1280w, https:\/\/www.hiddestorf.com\/staging\/wp-content\/uploads\/2024\/06\/Konfirmation-1973_b_X-980x683.jpg 980w, https:\/\/www.hiddestorf.com\/staging\/wp-content\/uploads\/2024\/06\/Konfirmation-1973_b_X-480x335.jpg 480w\" sizes=\"(min-width: 0px) and (max-width: 480px) 480px, (min-width: 481px) and (max-width: 980px) 980px, (min-width: 981px) 1280px, 100vw\" class=\"wp-image-4163\" \/><\/span>\n\t\t\t<\/div><div class=\"et_pb_module et_d4_element et_pb_text et_pb_text_6  et_pb_text_align_left et_pb_bg_layout_light\">\n\t\t\t\t\n\t\t\t\t\n\t\t\t\t\n\t\t\t\t\n\t\t\t\t<div class=\"et_pb_text_inner\"><p><strong>Konfirmation 1973<\/strong><\/p>\n<p>2.Reihe vlnr.: Dietmar Burose, Martina Eistert, Petra Wakulinko, Martina Otto, Heike Wissel, Pastor Oelze, Petra Grapentin, Silke Evers, Maike Kokem\u00fcller, Dagmar Loske, Heinrich Potthast<br \/>1.Reihe vlnr.: Rainer Peters, Axel Reinecke, Peter Landeck, R\u00fcdiger L\u00fcdtke, Harm Baxmann, Frank Lindt, Burhard, Wiechert, Dieter Enskat<\/p><\/div>\n\t\t\t<\/div>\n\t\t\t<\/div>\n\t\t\t\t\n\t\t\t\t\n\t\t\t\t\n\t\t\t\t\n\t\t\t<\/div><div class=\"et_pb_with_border et_d4_element et_pb_row et_pb_row_9  et_pb_css_mix_blend_mode et_block_row\">\n\t\t\t\t<div class=\"et_d4_element et_pb_column_4_4 et_pb_column et_pb_column_9  et_pb_css_mix_blend_mode et-last-child et_block_column\">\n\t\t\t\t\n\t\t\t\t\n\t\t\t\t\n\t\t\t\t\n\t\t\t\t<div class=\"et_pb_module et_d4_element et_pb_text et_pb_text_7  et_pb_text_align_left et_pb_bg_layout_light\">\n\t\t\t\t\n\t\t\t\t\n\t\t\t\t\n\t\t\t\t\n\t\t\t\t<div class=\"et_pb_text_inner\"><p><strong>Konfirmation 1974<br \/><\/strong>1974 fand keine Konfirmation statt.<strong><br \/><\/strong><strong><\/strong><\/p>\n<p>&nbsp;<\/p><\/div>\n\t\t\t<\/div>\n\t\t\t<\/div>\n\t\t\t\t\n\t\t\t\t\n\t\t\t\t\n\t\t\t\t\n\t\t\t<\/div>\n\t\t\t\t\n\t\t\t\t\n\t\t\t<\/div><\/p>\n","protected":false},"excerpt":{"rendered":"","protected":false},"author":1,"featured_media":0,"parent":0,"menu_order":0,"comment_status":"closed","ping_status":"closed","template":"","meta":{"_et_pb_use_builder":"on","_et_pb_old_content":"","_et_gb_content_width":"","footnotes":""},"class_list":["post-4143","page","type-page","status-publish","hentry"],"yoast_head":"<!-- This site is optimized with the Yoast SEO plugin v27.4 - https:\/\/yoast.com\/product\/yoast-seo-wordpress\/ -->\n<title>Konfirmationen 1969 bis 1974 - Hiddestorf<\/title>\n<meta name=\"robots\" content=\"index, follow, max-snippet:-1, max-image-preview:large, max-video-preview:-1\" \/>\n<link rel=\"canonical\" href=\"https:\/\/www.hiddestorf.com\/staging\/?page_id=4143\" \/>\n<meta property=\"og:locale\" content=\"de_DE\" \/>\n<meta property=\"og:type\" content=\"article\" \/>\n<meta property=\"og:title\" content=\"Konfirmationen 1969 bis 1974 - Hiddestorf\" \/>\n<meta property=\"og:url\" content=\"https:\/\/www.hiddestorf.com\/staging\/?page_id=4143\" \/>\n<meta property=\"og:site_name\" content=\"Hiddestorf\" \/>\n<meta property=\"article:modified_time\" content=\"2024-07-29T17:02:39+00:00\" \/>\n<meta name=\"twitter:card\" content=\"summary_large_image\" \/>\n<meta name=\"twitter:label1\" content=\"Gesch\u00e4tzte Lesezeit\" \/>\n\t<meta name=\"twitter:data1\" content=\"2\u00a0Minuten\" \/>\n<script type=\"application\/ld+json\" class=\"yoast-schema-graph\">{\"@context\":\"https:\\\/\\\/schema.org\",\"@graph\":[{\"@type\":\"WebPage\",\"@id\":\"https:\\\/\\\/www.hiddestorf.com\\\/staging\\\/?page_id=4143\",\"url\":\"https:\\\/\\\/www.hiddestorf.com\\\/staging\\\/?page_id=4143\",\"name\":\"Konfirmationen 1969 bis 1974 - Hiddestorf\",\"isPartOf\":{\"@id\":\"https:\\\/\\\/www.hiddestorf.com\\\/staging\\\/#website\"},\"datePublished\":\"2024-06-28T18:17:47+00:00\",\"dateModified\":\"2024-07-29T17:02:39+00:00\",\"breadcrumb\":{\"@id\":\"https:\\\/\\\/www.hiddestorf.com\\\/staging\\\/?page_id=4143#breadcrumb\"},\"inLanguage\":\"de\",\"potentialAction\":[{\"@type\":\"ReadAction\",\"target\":[\"https:\\\/\\\/www.hiddestorf.com\\\/staging\\\/?page_id=4143\"]}]},{\"@type\":\"BreadcrumbList\",\"@id\":\"https:\\\/\\\/www.hiddestorf.com\\\/staging\\\/?page_id=4143#breadcrumb\",\"itemListElement\":[{\"@type\":\"ListItem\",\"position\":1,\"name\":\"Startseite\",\"item\":\"https:\\\/\\\/www.hiddestorf.com\\\/staging\\\/\"},{\"@type\":\"ListItem\",\"position\":2,\"name\":\"Konfirmationen 1969 bis 1974\"}]},{\"@type\":\"WebSite\",\"@id\":\"https:\\\/\\\/www.hiddestorf.com\\\/staging\\\/#website\",\"url\":\"https:\\\/\\\/www.hiddestorf.com\\\/staging\\\/\",\"name\":\"Hiddestorf\",\"description\":\"Ein Dorf im Wandel der Zeit\",\"publisher\":{\"@id\":\"https:\\\/\\\/www.hiddestorf.com\\\/staging\\\/#organization\"},\"potentialAction\":[{\"@type\":\"SearchAction\",\"target\":{\"@type\":\"EntryPoint\",\"urlTemplate\":\"https:\\\/\\\/www.hiddestorf.com\\\/staging\\\/?s={search_term_string}\"},\"query-input\":{\"@type\":\"PropertyValueSpecification\",\"valueRequired\":true,\"valueName\":\"search_term_string\"}}],\"inLanguage\":\"de\"},{\"@type\":\"Organization\",\"@id\":\"https:\\\/\\\/www.hiddestorf.com\\\/staging\\\/#organization\",\"name\":\"Hiddestorf\",\"url\":\"https:\\\/\\\/www.hiddestorf.com\\\/staging\\\/\",\"logo\":{\"@type\":\"ImageObject\",\"inLanguage\":\"de\",\"@id\":\"https:\\\/\\\/www.hiddestorf.com\\\/staging\\\/#\\\/schema\\\/logo\\\/image\\\/\",\"url\":\"https:\\\/\\\/www.hiddestorf.com\\\/staging\\\/wp-content\\\/uploads\\\/2019\\\/08\\\/Wappen-Hiddestorf-neu-200.jpg\",\"contentUrl\":\"https:\\\/\\\/www.hiddestorf.com\\\/staging\\\/wp-content\\\/uploads\\\/2019\\\/08\\\/Wappen-Hiddestorf-neu-200.jpg\",\"width\":200,\"height\":246,\"caption\":\"Hiddestorf\"},\"image\":{\"@id\":\"https:\\\/\\\/www.hiddestorf.com\\\/staging\\\/#\\\/schema\\\/logo\\\/image\\\/\"}}]}<\/script>\n<!-- \/ Yoast SEO plugin. -->","yoast_head_json":{"title":"Konfirmationen 1969 bis 1974 - Hiddestorf","robots":{"index":"index","follow":"follow","max-snippet":"max-snippet:-1","max-image-preview":"max-image-preview:large","max-video-preview":"max-video-preview:-1"},"canonical":"https:\/\/www.hiddestorf.com\/staging\/?page_id=4143","og_locale":"de_DE","og_type":"article","og_title":"Konfirmationen 1969 bis 1974 - Hiddestorf","og_url":"https:\/\/www.hiddestorf.com\/staging\/?page_id=4143","og_site_name":"Hiddestorf","article_modified_time":"2024-07-29T17:02:39+00:00","twitter_card":"summary_large_image","twitter_misc":{"Gesch\u00e4tzte Lesezeit":"2\u00a0Minuten"},"schema":{"@context":"https:\/\/schema.org","@graph":[{"@type":"WebPage","@id":"https:\/\/www.hiddestorf.com\/staging\/?page_id=4143","url":"https:\/\/www.hiddestorf.com\/staging\/?page_id=4143","name":"Konfirmationen 1969 bis 1974 - Hiddestorf","isPartOf":{"@id":"https:\/\/www.hiddestorf.com\/staging\/#website"},"datePublished":"2024-06-28T18:17:47+00:00","dateModified":"2024-07-29T17:02:39+00:00","breadcrumb":{"@id":"https:\/\/www.hiddestorf.com\/staging\/?page_id=4143#breadcrumb"},"inLanguage":"de","potentialAction":[{"@type":"ReadAction","target":["https:\/\/www.hiddestorf.com\/staging\/?page_id=4143"]}]},{"@type":"BreadcrumbList","@id":"https:\/\/www.hiddestorf.com\/staging\/?page_id=4143#breadcrumb","itemListElement":[{"@type":"ListItem","position":1,"name":"Startseite","item":"https:\/\/www.hiddestorf.com\/staging\/"},{"@type":"ListItem","position":2,"name":"Konfirmationen 1969 bis 1974"}]},{"@type":"WebSite","@id":"https:\/\/www.hiddestorf.com\/staging\/#website","url":"https:\/\/www.hiddestorf.com\/staging\/","name":"Hiddestorf","description":"Ein Dorf im Wandel der Zeit","publisher":{"@id":"https:\/\/www.hiddestorf.com\/staging\/#organization"},"potentialAction":[{"@type":"SearchAction","target":{"@type":"EntryPoint","urlTemplate":"https:\/\/www.hiddestorf.com\/staging\/?s={search_term_string}"},"query-input":{"@type":"PropertyValueSpecification","valueRequired":true,"valueName":"search_term_string"}}],"inLanguage":"de"},{"@type":"Organization","@id":"https:\/\/www.hiddestorf.com\/staging\/#organization","name":"Hiddestorf","url":"https:\/\/www.hiddestorf.com\/staging\/","logo":{"@type":"ImageObject","inLanguage":"de","@id":"https:\/\/www.hiddestorf.com\/staging\/#\/schema\/logo\/image\/","url":"https:\/\/www.hiddestorf.com\/staging\/wp-content\/uploads\/2019\/08\/Wappen-Hiddestorf-neu-200.jpg","contentUrl":"https:\/\/www.hiddestorf.com\/staging\/wp-content\/uploads\/2019\/08\/Wappen-Hiddestorf-neu-200.jpg","width":200,"height":246,"caption":"Hiddestorf"},"image":{"@id":"https:\/\/www.hiddestorf.com\/staging\/#\/schema\/logo\/image\/"}}]}},"_links":{"self":[{"href":"https:\/\/www.hiddestorf.com\/staging\/index.php?rest_route=\/wp\/v2\/pages\/4143","targetHints":{"allow":["GET"]}}],"collection":[{"href":"https:\/\/www.hiddestorf.com\/staging\/index.php?rest_route=\/wp\/v2\/pages"}],"about":[{"href":"https:\/\/www.hiddestorf.com\/staging\/index.php?rest_route=\/wp\/v2\/types\/page"}],"author":[{"embeddable":true,"href":"https:\/\/www.hiddestorf.com\/staging\/index.php?rest_route=\/wp\/v2\/users\/1"}],"replies":[{"embeddable":true,"href":"https:\/\/www.hiddestorf.com\/staging\/index.php?rest_route=%2Fwp%2Fv2%2Fcomments&post=4143"}],"version-history":[{"count":15,"href":"https:\/\/www.hiddestorf.com\/staging\/index.php?rest_route=\/wp\/v2\/pages\/4143\/revisions"}],"predecessor-version":[{"id":4232,"href":"https:\/\/www.hiddestorf.com\/staging\/index.php?rest_route=\/wp\/v2\/pages\/4143\/revisions\/4232"}],"wp:attachment":[{"href":"https:\/\/www.hiddestorf.com\/staging\/index.php?rest_route=%2Fwp%2Fv2%2Fmedia&parent=4143"}],"curies":[{"name":"wp","href":"https:\/\/api.w.org\/{rel}","templated":true}]}}