{"id":3907,"date":"2021-07-27T08:37:26","date_gmt":"2021-07-27T06:37:26","guid":{"rendered":"https:\/\/www.hiddestorf.com\/staging\/?page_id=3907"},"modified":"2021-08-04T22:33:07","modified_gmt":"2021-08-04T20:33:07","slug":"vollmeierhof-nr-1","status":"publish","type":"page","link":"https:\/\/www.hiddestorf.com\/staging\/?page_id=3907","title":{"rendered":"Vollmeierhof Nr. 1"},"content":{"rendered":"<p><div class=\"et_d4_element et_pb_section et_pb_section_0 et_pb_with_background  et_pb_css_mix_blend_mode et_section_regular section_has_divider et_pb_bottom_divider et_block_section\" >\n\t\t\t\t\n\t\t\t\t\n\t\t\t\t\n\t\t\t\t\n\t\t\t\t\n\t\t\t\t\n\t\t\t\t<div class=\"et_pb_with_border et_d4_element et_pb_row et_pb_row_0  et_pb_css_mix_blend_mode et_block_row\">\n\t\t\t\t<div class=\"et_d4_element et_pb_column_4_4 et_pb_column et_pb_column_0  et_pb_css_mix_blend_mode et-last-child et_block_column\">\n\t\t\t\t\n\t\t\t\t\n\t\t\t\t\n\t\t\t\t\n\t\t\t\t<div class=\"et_pb_module et_d4_element et_pb_text et_pb_text_0 et_animated  et_pb_text_align_center et_pb_bg_layout_dark\">\n\t\t\t\t\n\t\t\t\t\n\t\t\t\t\n\t\t\t\t\n\t\t\t\t<div class=\"et_pb_text_inner\"><h3>Vollmeierhof Nr. 1<\/h3><\/div>\n\t\t\t<\/div>\n\t\t\t<\/div>\n\t\t\t\t\n\t\t\t\t\n\t\t\t\t\n\t\t\t\t\n\t\t\t<\/div>\n\t\t\t\t\n\t\t\t\t<div class=\"et_pb_bottom_inside_divider et-no-transition\"><\/div>\n\t\t\t<\/div><div class=\"et_d4_element et_pb_section et_pb_section_1 et_pb_with_background  et_pb_css_mix_blend_mode et_section_regular et_block_section\" >\n\t\t\t\t\n\t\t\t\t\n\t\t\t\t\n\t\t\t\t\n\t\t\t\t\n\t\t\t\t\n\t\t\t\t<div class=\"et_pb_with_border et_d4_element et_pb_row et_pb_row_1  et_pb_css_mix_blend_mode et_block_row\">\n\t\t\t\t<div class=\"et_d4_element et_pb_column_4_4 et_pb_column et_pb_column_1  et_pb_css_mix_blend_mode et-last-child et_block_column\">\n\t\t\t\t\n\t\t\t\t\n\t\t\t\t\n\t\t\t\t\n\t\t\t\t<div class=\"et_pb_module et_d4_element et_pb_text et_pb_text_1  et_pb_text_align_left et_pb_bg_layout_light\">\n\t\t\t\t\n\t\t\t\t\n\t\t\t\t\n\t\t\t\t\n\t\t\t\t<div class=\"et_pb_text_inner\"><h3>Vollmeierhof Nr.1 - Prellberg-Baxmann in der Hauptstra\u00dfe<\/h3>\n<p>&nbsp;<\/p><\/div>\n\t\t\t<\/div>\n\t\t\t<\/div>\n\t\t\t\t\n\t\t\t\t\n\t\t\t\t\n\t\t\t\t\n\t\t\t<\/div><div class=\"et_pb_with_border et_d4_element et_pb_row et_pb_row_2  et_pb_css_mix_blend_mode et_block_row\">\n\t\t\t\t<div class=\"et_d4_element et_pb_column_1_2 et_pb_column et_pb_column_2  et_pb_css_mix_blend_mode et_block_column\">\n\t\t\t\t\n\t\t\t\t\n\t\t\t\t\n\t\t\t\t\n\t\t\t\t<div class=\"et_pb_module et_d4_element et_pb_text et_pb_text_2  et_pb_text_align_left et_pb_bg_layout_light\">\n\t\t\t\t\n\t\t\t\t\n\t\t\t\t\n\t\t\t\t\n\t\t\t\t<div class=\"et_pb_text_inner\"><div id=\"content\" class=\"content\" role=\"main\">\n<div class=\"vc_row wpb_row vc_row-fluid\">\n<div class=\"wpb_column vc_column_container vc_col-sm-8\">\n<div class=\"vc_column-inner\">\n<div class=\"wpb_wrapper\">\n<div class=\"wpb_text_column wpb_content_element \">\n<div class=\"wpb_wrapper\">\n<div id=\"content_mid\">\n<p>In der Beschreibung der Ackerh\u00f6fe des Amts Coldingen wird der Hof Nr.1 erstmalig 1652 erw\u00e4hnt. 1881 erbte Marie Prellberg den Hof und heiratete Ernst Baxmann vom Hof Nr.5 in Hiddestorf. Seit dieser Zeit ist der Hof mit dem Namen Baxmann verbunden und wird von der Familie in der 4. Generation bewirtschaftet. Ab den 1950er Jahren f\u00fchrten Hermann Baxmann mit seiner Frau K\u00e4the den Kampfelder Hof. Hermann Baxmann baute Weizen, Roggen, Gerste sowie Zuckerr\u00fcben an und hielt bis Anfang der 1970er Jahre Bullen zur Mast. Im Jahr 1992 \u00fcbernahm ihr Sohn Cord Baxmann den Hof. Seitdem wird der Kampfelder Hof biologisch-organisch bewirtschaftet.<\/p>\n<\/div>\n<\/div>\n<\/div>\n<\/div>\n<\/div>\n<\/div>\n<div class=\"wpb_column vc_column_container vc_col-sm-4\">\n<div class=\"vc_column-inner\">\n<div class=\"wpb_wrapper\"><\/div>\n<\/div>\n<\/div>\n<\/div>\n<\/div><\/div>\n\t\t\t<\/div>\n\t\t\t<\/div><div class=\"et_d4_element et_pb_column_1_2 et_pb_column et_pb_column_3  et_pb_css_mix_blend_mode et-last-child et_block_column\">\n\t\t\t\t\n\t\t\t\t\n\t\t\t\t\n\t\t\t\t\n\t\t\t\t<div class=\"et_pb_module et_d4_element et_pb_image et_pb_image_0\">\n\t\t\t\t\n\t\t\t\t\n\t\t\t\t\n\t\t\t\t\n\t\t\t\t<span class=\"et_pb_image_wrap \"><img loading=\"lazy\" decoding=\"async\" width=\"1920\" height=\"1210\" src=\"https:\/\/www.hiddestorf.com\/staging\/wp-content\/uploads\/2021\/07\/Hiddestorf-1970-CD2-69_b_X.jpg\" alt=\"\" title=\"Hof der Familie Baxmann 1970\" srcset=\"https:\/\/www.hiddestorf.com\/staging\/wp-content\/uploads\/2021\/07\/Hiddestorf-1970-CD2-69_b_X.jpg 1920w, https:\/\/www.hiddestorf.com\/staging\/wp-content\/uploads\/2021\/07\/Hiddestorf-1970-CD2-69_b_X-1280x807.jpg 1280w, https:\/\/www.hiddestorf.com\/staging\/wp-content\/uploads\/2021\/07\/Hiddestorf-1970-CD2-69_b_X-980x618.jpg 980w, https:\/\/www.hiddestorf.com\/staging\/wp-content\/uploads\/2021\/07\/Hiddestorf-1970-CD2-69_b_X-480x303.jpg 480w\" sizes=\"(min-width: 0px) and (max-width: 480px) 480px, (min-width: 481px) and (max-width: 980px) 980px, (min-width: 981px) and (max-width: 1280px) 1280px, (min-width: 1281px) 1920px, 100vw\" class=\"wp-image-3911\" \/><\/span>\n\t\t\t<\/div>\n\t\t\t<\/div>\n\t\t\t\t\n\t\t\t\t\n\t\t\t\t\n\t\t\t\t\n\t\t\t<\/div><div class=\"et_pb_with_border et_d4_element et_pb_row et_pb_row_3  et_pb_css_mix_blend_mode et_block_row\">\n\t\t\t\t<div class=\"et_d4_element et_pb_column_4_4 et_pb_column et_pb_column_4  et_pb_css_mix_blend_mode et-last-child et_block_column\">\n\t\t\t\t\n\t\t\t\t\n\t\t\t\t\n\t\t\t\t\n\t\t\t\t<div class=\"et_pb_module et_d4_element et_pb_gallery et_pb_gallery_0  et_pb_bg_layout_light et_pb_gallery_grid\">\n\t\t\t\t<div class=\"et_pb_gallery_items et_pb_grid_items et_post_gallery clearfix\" data-per_page=\"12\"><div class=\"et_pb_gallery_item et_pb_grid_item et_pb_bg_layout_light et_pb_css_mix_blend_mode et_pb_gallery_item_0_0\"><div class=\"et_pb_gallery_image landscape\">\n\t\t\t\t\t<a href=\"https:\/\/www.hiddestorf.com\/staging\/wp-content\/uploads\/2021\/07\/Hiddestorf-1982-098_b_HD.jpg\" title=\"Hof der Familie Baxmann 1982\">\n\t\t\t\t\t<img loading=\"lazy\" decoding=\"async\" width=\"400\" height=\"284\" src=\"https:\/\/www.hiddestorf.com\/staging\/wp-content\/uploads\/2021\/07\/Hiddestorf-1982-098_b_HD-400x284.jpg\" srcset=\"https:\/\/www.hiddestorf.com\/staging\/wp-content\/uploads\/2021\/07\/Hiddestorf-1982-098_b_HD.jpg 479w, https:\/\/www.hiddestorf.com\/staging\/wp-content\/uploads\/2021\/07\/Hiddestorf-1982-098_b_HD-400x284.jpg 480w\" sizes=\"(max-width:479px) 479px, 100vw\" class=\"wp-image-3930\" \/>\n\t\t\t\t\t<span class=\"et_overlay\"><\/span>\n\t\t\t\t<\/a>\n\t\t\t\t<\/div><h3 class=\"et_pb_gallery_title\">Hof der Familie Baxmann 1982<\/h3><\/div><div class=\"et_pb_gallery_item et_pb_grid_item et_pb_bg_layout_light et_pb_css_mix_blend_mode et_pb_gallery_item_0_1\"><div class=\"et_pb_gallery_image landscape\">\n\t\t\t\t\t<a href=\"https:\/\/www.hiddestorf.com\/staging\/wp-content\/uploads\/2021\/07\/Hiddestorf-1982-102_b_HD.jpg\" title=\"Hof der Familie Baxmann 1982\">\n\t\t\t\t\t<img loading=\"lazy\" decoding=\"async\" width=\"400\" height=\"284\" src=\"https:\/\/www.hiddestorf.com\/staging\/wp-content\/uploads\/2021\/07\/Hiddestorf-1982-102_b_HD-400x284.jpg\" srcset=\"https:\/\/www.hiddestorf.com\/staging\/wp-content\/uploads\/2021\/07\/Hiddestorf-1982-102_b_HD.jpg 479w, https:\/\/www.hiddestorf.com\/staging\/wp-content\/uploads\/2021\/07\/Hiddestorf-1982-102_b_HD-400x284.jpg 480w\" sizes=\"(max-width:479px) 479px, 100vw\" class=\"wp-image-3935\" \/>\n\t\t\t\t\t<span class=\"et_overlay\"><\/span>\n\t\t\t\t<\/a>\n\t\t\t\t<\/div><h3 class=\"et_pb_gallery_title\">Hof der Familie Baxmann 1982<\/h3><\/div><div class=\"et_pb_gallery_item et_pb_grid_item et_pb_bg_layout_light et_pb_css_mix_blend_mode et_pb_gallery_item_0_2\"><div class=\"et_pb_gallery_image landscape\">\n\t\t\t\t\t<a href=\"https:\/\/www.hiddestorf.com\/staging\/wp-content\/uploads\/2021\/07\/Hiddestorf-1982-101_b_HD.jpg\" title=\"Hof der Familie Baxmann 1982\">\n\t\t\t\t\t<img loading=\"lazy\" decoding=\"async\" width=\"400\" height=\"284\" src=\"https:\/\/www.hiddestorf.com\/staging\/wp-content\/uploads\/2021\/07\/Hiddestorf-1982-101_b_HD-400x284.jpg\" srcset=\"https:\/\/www.hiddestorf.com\/staging\/wp-content\/uploads\/2021\/07\/Hiddestorf-1982-101_b_HD.jpg 479w, https:\/\/www.hiddestorf.com\/staging\/wp-content\/uploads\/2021\/07\/Hiddestorf-1982-101_b_HD-400x284.jpg 480w\" sizes=\"(max-width:479px) 479px, 100vw\" class=\"wp-image-3934\" \/>\n\t\t\t\t\t<span class=\"et_overlay\"><\/span>\n\t\t\t\t<\/a>\n\t\t\t\t<\/div><h3 class=\"et_pb_gallery_title\">Hof der Familie Baxmann 1982<\/h3><\/div><div class=\"et_pb_gallery_item et_pb_grid_item et_pb_bg_layout_light et_pb_css_mix_blend_mode et_pb_gallery_item_0_3\"><div class=\"et_pb_gallery_image landscape\">\n\t\t\t\t\t<a href=\"https:\/\/www.hiddestorf.com\/staging\/wp-content\/uploads\/2021\/07\/Hiddestorf-1982-100_b_HD.jpg\" title=\"Hof der Familie Baxmann 1982\">\n\t\t\t\t\t<img loading=\"lazy\" decoding=\"async\" width=\"400\" height=\"284\" src=\"https:\/\/www.hiddestorf.com\/staging\/wp-content\/uploads\/2021\/07\/Hiddestorf-1982-100_b_HD-400x284.jpg\" srcset=\"https:\/\/www.hiddestorf.com\/staging\/wp-content\/uploads\/2021\/07\/Hiddestorf-1982-100_b_HD.jpg 479w, https:\/\/www.hiddestorf.com\/staging\/wp-content\/uploads\/2021\/07\/Hiddestorf-1982-100_b_HD-400x284.jpg 480w\" sizes=\"(max-width:479px) 479px, 100vw\" class=\"wp-image-3933\" \/>\n\t\t\t\t\t<span class=\"et_overlay\"><\/span>\n\t\t\t\t<\/a>\n\t\t\t\t<\/div><h3 class=\"et_pb_gallery_title\">Hof der Familie Baxmann 1982<\/h3><\/div><div class=\"et_pb_gallery_item et_pb_grid_item et_pb_bg_layout_light et_pb_css_mix_blend_mode et_pb_gallery_item_0_4\"><div class=\"et_pb_gallery_image landscape\">\n\t\t\t\t\t<a href=\"https:\/\/www.hiddestorf.com\/staging\/wp-content\/uploads\/2021\/07\/Hiddestorf-1982-099_b_HD.jpg\" title=\"Hof der Familie Baxmann 1982\">\n\t\t\t\t\t<img loading=\"lazy\" decoding=\"async\" width=\"400\" height=\"284\" src=\"https:\/\/www.hiddestorf.com\/staging\/wp-content\/uploads\/2021\/07\/Hiddestorf-1982-099_b_HD-400x284.jpg\" srcset=\"https:\/\/www.hiddestorf.com\/staging\/wp-content\/uploads\/2021\/07\/Hiddestorf-1982-099_b_HD.jpg 479w, https:\/\/www.hiddestorf.com\/staging\/wp-content\/uploads\/2021\/07\/Hiddestorf-1982-099_b_HD-400x284.jpg 480w\" sizes=\"(max-width:479px) 479px, 100vw\" class=\"wp-image-3932\" \/>\n\t\t\t\t\t<span class=\"et_overlay\"><\/span>\n\t\t\t\t<\/a>\n\t\t\t\t<\/div><h3 class=\"et_pb_gallery_title\">Hof der Familie Baxmann 1982<\/h3><p class=\"et_pb_gallery_caption\">Blick auf das Mehrfamilienhaus an der Hauptstra\u00dfe<\/p><\/div><div class=\"et_pb_gallery_item et_pb_grid_item et_pb_bg_layout_light et_pb_css_mix_blend_mode et_pb_gallery_item_0_5\"><div class=\"et_pb_gallery_image landscape\">\n\t\t\t\t\t<a href=\"https:\/\/www.hiddestorf.com\/staging\/wp-content\/uploads\/2021\/07\/Hiddestorf-1982-103_b_HD.jpg\" title=\"Hof der Familie Baxmann 1982\">\n\t\t\t\t\t<img loading=\"lazy\" decoding=\"async\" width=\"400\" height=\"284\" src=\"https:\/\/www.hiddestorf.com\/staging\/wp-content\/uploads\/2021\/07\/Hiddestorf-1982-103_b_HD-400x284.jpg\" srcset=\"https:\/\/www.hiddestorf.com\/staging\/wp-content\/uploads\/2021\/07\/Hiddestorf-1982-103_b_HD.jpg 479w, https:\/\/www.hiddestorf.com\/staging\/wp-content\/uploads\/2021\/07\/Hiddestorf-1982-103_b_HD-400x284.jpg 480w\" sizes=\"(max-width:479px) 479px, 100vw\" class=\"wp-image-3936\" \/>\n\t\t\t\t\t<span class=\"et_overlay\"><\/span>\n\t\t\t\t<\/a>\n\t\t\t\t<\/div><h3 class=\"et_pb_gallery_title\">Hof der Familie Baxmann 1982<\/h3><\/div><div class=\"et_pb_gallery_item et_pb_grid_item et_pb_bg_layout_light et_pb_css_mix_blend_mode et_pb_gallery_item_0_6\"><div class=\"et_pb_gallery_image landscape\">\n\t\t\t\t\t<a href=\"https:\/\/www.hiddestorf.com\/staging\/wp-content\/uploads\/2021\/07\/Hiddestorf-1982-106_b_HD.jpg\" title=\"Blickrichtung Ortsstra\u00dfe 1982\">\n\t\t\t\t\t<img loading=\"lazy\" decoding=\"async\" width=\"400\" height=\"284\" src=\"https:\/\/www.hiddestorf.com\/staging\/wp-content\/uploads\/2021\/07\/Hiddestorf-1982-106_b_HD-400x284.jpg\" srcset=\"https:\/\/www.hiddestorf.com\/staging\/wp-content\/uploads\/2021\/07\/Hiddestorf-1982-106_b_HD.jpg 479w, https:\/\/www.hiddestorf.com\/staging\/wp-content\/uploads\/2021\/07\/Hiddestorf-1982-106_b_HD-400x284.jpg 480w\" sizes=\"(max-width:479px) 479px, 100vw\" class=\"wp-image-3938\" \/>\n\t\t\t\t\t<span class=\"et_overlay\"><\/span>\n\t\t\t\t<\/a>\n\t\t\t\t<\/div><h3 class=\"et_pb_gallery_title\">Blickrichtung Ortsstra\u00dfe 1982<\/h3><\/div><div class=\"et_pb_gallery_item et_pb_grid_item et_pb_bg_layout_light et_pb_css_mix_blend_mode et_pb_gallery_item_0_7\"><div class=\"et_pb_gallery_image landscape\">\n\t\t\t\t\t<a href=\"https:\/\/www.hiddestorf.com\/staging\/wp-content\/uploads\/2021\/07\/Hiddestorf-1988-105_b_HD.jpg\" title=\"Blick in Richtung Hof der Familie Reschke in der Ortsstra\u00dfe 1988\">\n\t\t\t\t\t<img loading=\"lazy\" decoding=\"async\" width=\"400\" height=\"284\" src=\"https:\/\/www.hiddestorf.com\/staging\/wp-content\/uploads\/2021\/07\/Hiddestorf-1988-105_b_HD-400x284.jpg\" srcset=\"https:\/\/www.hiddestorf.com\/staging\/wp-content\/uploads\/2021\/07\/Hiddestorf-1988-105_b_HD.jpg 479w, https:\/\/www.hiddestorf.com\/staging\/wp-content\/uploads\/2021\/07\/Hiddestorf-1988-105_b_HD-400x284.jpg 480w\" sizes=\"(max-width:479px) 479px, 100vw\" class=\"wp-image-3939\" \/>\n\t\t\t\t\t<span class=\"et_overlay\"><\/span>\n\t\t\t\t<\/a>\n\t\t\t\t<\/div><h3 class=\"et_pb_gallery_title\">Blick in Richtung Hof der Familie Reschke in der Ortsstra\u00dfe 1988<\/h3><\/div><div class=\"et_pb_gallery_item et_pb_grid_item et_pb_bg_layout_light et_pb_css_mix_blend_mode et_pb_gallery_item_0_8\"><div class=\"et_pb_gallery_image landscape\">\n\t\t\t\t\t<a href=\"https:\/\/www.hiddestorf.com\/staging\/wp-content\/uploads\/2021\/07\/Hiddestorf-1982-104_b_HD.jpg\" title=\"Blickrichtung Westen 1982 - rechts geht es in die Ortsstra\u00dfe\">\n\t\t\t\t\t<img loading=\"lazy\" decoding=\"async\" width=\"400\" height=\"284\" src=\"https:\/\/www.hiddestorf.com\/staging\/wp-content\/uploads\/2021\/07\/Hiddestorf-1982-104_b_HD-400x284.jpg\" srcset=\"https:\/\/www.hiddestorf.com\/staging\/wp-content\/uploads\/2021\/07\/Hiddestorf-1982-104_b_HD.jpg 479w, https:\/\/www.hiddestorf.com\/staging\/wp-content\/uploads\/2021\/07\/Hiddestorf-1982-104_b_HD-400x284.jpg 480w\" sizes=\"(max-width:479px) 479px, 100vw\" class=\"wp-image-3937\" \/>\n\t\t\t\t\t<span class=\"et_overlay\"><\/span>\n\t\t\t\t<\/a>\n\t\t\t\t<\/div><h3 class=\"et_pb_gallery_title\">Blickrichtung Westen 1982 &#8211; rechts geht es in die Ortsstra\u00dfe<\/h3><\/div><div class=\"et_pb_gallery_item et_pb_grid_item et_pb_bg_layout_light et_pb_css_mix_blend_mode et_pb_gallery_item_0_9\"><div class=\"et_pb_gallery_image landscape\">\n\t\t\t\t\t<a href=\"https:\/\/www.hiddestorf.com\/staging\/wp-content\/uploads\/2021\/07\/Hiddestorf-1970-CD2-75_b_HD.jpg\" title=\"Maschinenhalle 1970\">\n\t\t\t\t\t<img loading=\"lazy\" decoding=\"async\" width=\"400\" height=\"284\" src=\"https:\/\/www.hiddestorf.com\/staging\/wp-content\/uploads\/2021\/07\/Hiddestorf-1970-CD2-75_b_HD-400x284.jpg\" srcset=\"https:\/\/www.hiddestorf.com\/staging\/wp-content\/uploads\/2021\/07\/Hiddestorf-1970-CD2-75_b_HD.jpg 479w, https:\/\/www.hiddestorf.com\/staging\/wp-content\/uploads\/2021\/07\/Hiddestorf-1970-CD2-75_b_HD-400x284.jpg 480w\" sizes=\"(max-width:479px) 479px, 100vw\" class=\"wp-image-3924\" \/>\n\t\t\t\t\t<span class=\"et_overlay\"><\/span>\n\t\t\t\t<\/a>\n\t\t\t\t<\/div><h3 class=\"et_pb_gallery_title\">Maschinenhalle 1970<\/h3><\/div><\/div><\/div>\n\t\t\t<\/div>\n\t\t\t\t\n\t\t\t\t\n\t\t\t\t\n\t\t\t\t\n\t\t\t<\/div>\n\t\t\t\t\n\t\t\t\t\n\t\t\t<\/div><\/p>\n","protected":false},"excerpt":{"rendered":"","protected":false},"author":1,"featured_media":0,"parent":0,"menu_order":0,"comment_status":"closed","ping_status":"closed","template":"","meta":{"_et_pb_use_builder":"on","_et_pb_old_content":"","_et_gb_content_width":"","footnotes":""},"class_list":["post-3907","page","type-page","status-publish","hentry"],"yoast_head":"<!-- This site is optimized with the Yoast SEO plugin v27.4 - https:\/\/yoast.com\/product\/yoast-seo-wordpress\/ -->\n<title>Vollmeierhof Nr. 1 - Hiddestorf<\/title>\n<meta name=\"robots\" content=\"index, follow, max-snippet:-1, max-image-preview:large, max-video-preview:-1\" \/>\n<link rel=\"canonical\" href=\"https:\/\/www.hiddestorf.com\/staging\/?page_id=3907\" \/>\n<meta property=\"og:locale\" content=\"de_DE\" \/>\n<meta property=\"og:type\" content=\"article\" \/>\n<meta property=\"og:title\" content=\"Vollmeierhof Nr. 1 - Hiddestorf\" \/>\n<meta property=\"og:url\" content=\"https:\/\/www.hiddestorf.com\/staging\/?page_id=3907\" \/>\n<meta property=\"og:site_name\" content=\"Hiddestorf\" \/>\n<meta property=\"article:modified_time\" content=\"2021-08-04T20:33:07+00:00\" \/>\n<meta name=\"twitter:card\" content=\"summary_large_image\" \/>\n<meta name=\"twitter:label1\" content=\"Gesch\u00e4tzte Lesezeit\" \/>\n\t<meta name=\"twitter:data1\" content=\"3\u00a0Minuten\" \/>\n<script type=\"application\/ld+json\" class=\"yoast-schema-graph\">{\"@context\":\"https:\\\/\\\/schema.org\",\"@graph\":[{\"@type\":\"WebPage\",\"@id\":\"https:\\\/\\\/www.hiddestorf.com\\\/staging\\\/?page_id=3907\",\"url\":\"https:\\\/\\\/www.hiddestorf.com\\\/staging\\\/?page_id=3907\",\"name\":\"Vollmeierhof Nr. 1 - Hiddestorf\",\"isPartOf\":{\"@id\":\"https:\\\/\\\/www.hiddestorf.com\\\/staging\\\/#website\"},\"datePublished\":\"2021-07-27T06:37:26+00:00\",\"dateModified\":\"2021-08-04T20:33:07+00:00\",\"breadcrumb\":{\"@id\":\"https:\\\/\\\/www.hiddestorf.com\\\/staging\\\/?page_id=3907#breadcrumb\"},\"inLanguage\":\"de\",\"potentialAction\":[{\"@type\":\"ReadAction\",\"target\":[\"https:\\\/\\\/www.hiddestorf.com\\\/staging\\\/?page_id=3907\"]}]},{\"@type\":\"BreadcrumbList\",\"@id\":\"https:\\\/\\\/www.hiddestorf.com\\\/staging\\\/?page_id=3907#breadcrumb\",\"itemListElement\":[{\"@type\":\"ListItem\",\"position\":1,\"name\":\"Startseite\",\"item\":\"https:\\\/\\\/www.hiddestorf.com\\\/staging\\\/\"},{\"@type\":\"ListItem\",\"position\":2,\"name\":\"Vollmeierhof Nr. 1\"}]},{\"@type\":\"WebSite\",\"@id\":\"https:\\\/\\\/www.hiddestorf.com\\\/staging\\\/#website\",\"url\":\"https:\\\/\\\/www.hiddestorf.com\\\/staging\\\/\",\"name\":\"Hiddestorf\",\"description\":\"Ein Dorf im Wandel der Zeit\",\"publisher\":{\"@id\":\"https:\\\/\\\/www.hiddestorf.com\\\/staging\\\/#organization\"},\"potentialAction\":[{\"@type\":\"SearchAction\",\"target\":{\"@type\":\"EntryPoint\",\"urlTemplate\":\"https:\\\/\\\/www.hiddestorf.com\\\/staging\\\/?s={search_term_string}\"},\"query-input\":{\"@type\":\"PropertyValueSpecification\",\"valueRequired\":true,\"valueName\":\"search_term_string\"}}],\"inLanguage\":\"de\"},{\"@type\":\"Organization\",\"@id\":\"https:\\\/\\\/www.hiddestorf.com\\\/staging\\\/#organization\",\"name\":\"Hiddestorf\",\"url\":\"https:\\\/\\\/www.hiddestorf.com\\\/staging\\\/\",\"logo\":{\"@type\":\"ImageObject\",\"inLanguage\":\"de\",\"@id\":\"https:\\\/\\\/www.hiddestorf.com\\\/staging\\\/#\\\/schema\\\/logo\\\/image\\\/\",\"url\":\"https:\\\/\\\/www.hiddestorf.com\\\/staging\\\/wp-content\\\/uploads\\\/2019\\\/08\\\/Wappen-Hiddestorf-neu-200.jpg\",\"contentUrl\":\"https:\\\/\\\/www.hiddestorf.com\\\/staging\\\/wp-content\\\/uploads\\\/2019\\\/08\\\/Wappen-Hiddestorf-neu-200.jpg\",\"width\":200,\"height\":246,\"caption\":\"Hiddestorf\"},\"image\":{\"@id\":\"https:\\\/\\\/www.hiddestorf.com\\\/staging\\\/#\\\/schema\\\/logo\\\/image\\\/\"}}]}<\/script>\n<!-- \/ Yoast SEO plugin. -->","yoast_head_json":{"title":"Vollmeierhof Nr. 1 - Hiddestorf","robots":{"index":"index","follow":"follow","max-snippet":"max-snippet:-1","max-image-preview":"max-image-preview:large","max-video-preview":"max-video-preview:-1"},"canonical":"https:\/\/www.hiddestorf.com\/staging\/?page_id=3907","og_locale":"de_DE","og_type":"article","og_title":"Vollmeierhof Nr. 1 - Hiddestorf","og_url":"https:\/\/www.hiddestorf.com\/staging\/?page_id=3907","og_site_name":"Hiddestorf","article_modified_time":"2021-08-04T20:33:07+00:00","twitter_card":"summary_large_image","twitter_misc":{"Gesch\u00e4tzte Lesezeit":"3\u00a0Minuten"},"schema":{"@context":"https:\/\/schema.org","@graph":[{"@type":"WebPage","@id":"https:\/\/www.hiddestorf.com\/staging\/?page_id=3907","url":"https:\/\/www.hiddestorf.com\/staging\/?page_id=3907","name":"Vollmeierhof Nr. 1 - Hiddestorf","isPartOf":{"@id":"https:\/\/www.hiddestorf.com\/staging\/#website"},"datePublished":"2021-07-27T06:37:26+00:00","dateModified":"2021-08-04T20:33:07+00:00","breadcrumb":{"@id":"https:\/\/www.hiddestorf.com\/staging\/?page_id=3907#breadcrumb"},"inLanguage":"de","potentialAction":[{"@type":"ReadAction","target":["https:\/\/www.hiddestorf.com\/staging\/?page_id=3907"]}]},{"@type":"BreadcrumbList","@id":"https:\/\/www.hiddestorf.com\/staging\/?page_id=3907#breadcrumb","itemListElement":[{"@type":"ListItem","position":1,"name":"Startseite","item":"https:\/\/www.hiddestorf.com\/staging\/"},{"@type":"ListItem","position":2,"name":"Vollmeierhof Nr. 1"}]},{"@type":"WebSite","@id":"https:\/\/www.hiddestorf.com\/staging\/#website","url":"https:\/\/www.hiddestorf.com\/staging\/","name":"Hiddestorf","description":"Ein Dorf im Wandel der Zeit","publisher":{"@id":"https:\/\/www.hiddestorf.com\/staging\/#organization"},"potentialAction":[{"@type":"SearchAction","target":{"@type":"EntryPoint","urlTemplate":"https:\/\/www.hiddestorf.com\/staging\/?s={search_term_string}"},"query-input":{"@type":"PropertyValueSpecification","valueRequired":true,"valueName":"search_term_string"}}],"inLanguage":"de"},{"@type":"Organization","@id":"https:\/\/www.hiddestorf.com\/staging\/#organization","name":"Hiddestorf","url":"https:\/\/www.hiddestorf.com\/staging\/","logo":{"@type":"ImageObject","inLanguage":"de","@id":"https:\/\/www.hiddestorf.com\/staging\/#\/schema\/logo\/image\/","url":"https:\/\/www.hiddestorf.com\/staging\/wp-content\/uploads\/2019\/08\/Wappen-Hiddestorf-neu-200.jpg","contentUrl":"https:\/\/www.hiddestorf.com\/staging\/wp-content\/uploads\/2019\/08\/Wappen-Hiddestorf-neu-200.jpg","width":200,"height":246,"caption":"Hiddestorf"},"image":{"@id":"https:\/\/www.hiddestorf.com\/staging\/#\/schema\/logo\/image\/"}}]}},"_links":{"self":[{"href":"https:\/\/www.hiddestorf.com\/staging\/index.php?rest_route=\/wp\/v2\/pages\/3907","targetHints":{"allow":["GET"]}}],"collection":[{"href":"https:\/\/www.hiddestorf.com\/staging\/index.php?rest_route=\/wp\/v2\/pages"}],"about":[{"href":"https:\/\/www.hiddestorf.com\/staging\/index.php?rest_route=\/wp\/v2\/types\/page"}],"author":[{"embeddable":true,"href":"https:\/\/www.hiddestorf.com\/staging\/index.php?rest_route=\/wp\/v2\/users\/1"}],"replies":[{"embeddable":true,"href":"https:\/\/www.hiddestorf.com\/staging\/index.php?rest_route=%2Fwp%2Fv2%2Fcomments&post=3907"}],"version-history":[{"count":12,"href":"https:\/\/www.hiddestorf.com\/staging\/index.php?rest_route=\/wp\/v2\/pages\/3907\/revisions"}],"predecessor-version":[{"id":3952,"href":"https:\/\/www.hiddestorf.com\/staging\/index.php?rest_route=\/wp\/v2\/pages\/3907\/revisions\/3952"}],"wp:attachment":[{"href":"https:\/\/www.hiddestorf.com\/staging\/index.php?rest_route=%2Fwp%2Fv2%2Fmedia&parent=3907"}],"curies":[{"name":"wp","href":"https:\/\/api.w.org\/{rel}","templated":true}]}}