{"id":3248,"date":"2020-05-19T22:03:12","date_gmt":"2020-05-19T20:03:12","guid":{"rendered":"https:\/\/www.hiddestorf.com\/staging\/?page_id=3248"},"modified":"2025-03-24T18:18:26","modified_gmt":"2025-03-24T17:18:26","slug":"1000-jahrfeier","status":"publish","type":"page","link":"https:\/\/www.hiddestorf.com\/staging\/?page_id=3248","title":{"rendered":"1000 Jahrfeier"},"content":{"rendered":"<p><div class=\"et_d4_element et_pb_section et_pb_section_0 et_pb_with_background  et_pb_css_mix_blend_mode et_section_regular section_has_divider et_pb_bottom_divider et_block_section\" >\n\t\t\t\t\n\t\t\t\t\n\t\t\t\t\n\t\t\t\t\n\t\t\t\t\n\t\t\t\t\n\t\t\t\t<div class=\"et_pb_with_border et_d4_element et_pb_row et_pb_row_0  et_pb_css_mix_blend_mode et_block_row\">\n\t\t\t\t<div class=\"et_d4_element et_pb_column_4_4 et_pb_column et_pb_column_0  et_pb_css_mix_blend_mode et-last-child et_block_column\">\n\t\t\t\t\n\t\t\t\t\n\t\t\t\t\n\t\t\t\t\n\t\t\t\t<div class=\"et_pb_module et_d4_element et_pb_text et_pb_text_0 et_animated  et_pb_text_align_center et_pb_bg_layout_dark\">\n\t\t\t\t\n\t\t\t\t\n\t\t\t\t\n\t\t\t\t\n\t\t\t\t<div class=\"et_pb_text_inner\"><h3>1000 Jahrfeier<\/h3><\/div>\n\t\t\t<\/div>\n\t\t\t<\/div>\n\t\t\t\t\n\t\t\t\t\n\t\t\t\t\n\t\t\t\t\n\t\t\t<\/div>\n\t\t\t\t\n\t\t\t\t<div class=\"et_pb_bottom_inside_divider et-no-transition\"><\/div>\n\t\t\t<\/div><div class=\"et_d4_element et_pb_section et_pb_section_1 et_pb_with_background  et_pb_css_mix_blend_mode et_section_regular et_block_section\" >\n\t\t\t\t\n\t\t\t\t\n\t\t\t\t\n\t\t\t\t\n\t\t\t\t\n\t\t\t\t\n\t\t\t\t<div class=\"et_pb_with_border et_d4_element et_pb_row et_pb_row_1  et_pb_css_mix_blend_mode et_block_row\">\n\t\t\t\t<div class=\"et_d4_element et_pb_column_4_4 et_pb_column et_pb_column_1  et_pb_css_mix_blend_mode et-last-child et_block_column\">\n\t\t\t\t\n\t\t\t\t\n\t\t\t\t\n\t\t\t\t\n\t\t\t\t<div class=\"et_pb_module et_d4_element et_pb_text et_pb_text_1  et_pb_text_align_left et_pb_bg_layout_light\">\n\t\t\t\t\n\t\t\t\t\n\t\t\t\t\n\t\t\t\t\n\t\t\t\t<div class=\"et_pb_text_inner\"><h3>1000 Jahre Hiddestorf 980-1980<\/h3><\/div>\n\t\t\t<\/div><div class=\"et_pb_module et_d4_element et_pb_text et_pb_text_2  et_pb_text_align_left et_pb_bg_layout_light\">\n\t\t\t\t\n\t\t\t\t\n\t\t\t\t\n\t\t\t\t\n\t\t\t\t<div class=\"et_pb_text_inner\"><p>Im Herbst 1979 teilte das Nieders\u00e4chsische Hauptstaatsarchiv der Gemeinde Hemmingen mit, da\u00df Hiddestorf 1980 sein 1000-j\u00e4hriges Bestehen feiern k\u00f6nne. Trotz der kurzen Vorbereitungszeit konnte dieser besondere Anla\u00df geb\u00fchrend gefeiert werden.<br \/>H\u00f6hepunkt der Feierlichkeiten war zweifelsohne der historische Umzug. 2005 j\u00e4hrte sich dieses Ereignis zum 25. mal, also silbernes Jubil\u00e4um f\u00fcr die 1000-Jahr-Feier.<\/p><\/div>\n\t\t\t<\/div>\n\t\t\t<\/div>\n\t\t\t\t\n\t\t\t\t\n\t\t\t\t\n\t\t\t\t\n\t\t\t<\/div><div class=\"et_pb_with_border et_d4_element et_pb_row et_pb_row_2  et_pb_css_mix_blend_mode et_block_row\">\n\t\t\t\t<div class=\"et_d4_element et_pb_column_4_4 et_pb_column et_pb_column_2  et_pb_css_mix_blend_mode et-last-child et_block_column\">\n\t\t\t\t\n\t\t\t\t\n\t\t\t\t\n\t\t\t\t\n\t\t\t\t<div class=\"et_pb_module et_d4_element et_pb_divider et_pb_divider_0 et_pb_space\"><div class=\"et_pb_divider_internal\"><\/div><\/div>\n\t\t\t<\/div>\n\t\t\t\t\n\t\t\t\t\n\t\t\t\t\n\t\t\t\t\n\t\t\t<\/div><div class=\"et_pb_with_border et_d4_element et_pb_row et_pb_row_3  et_pb_css_mix_blend_mode et_block_row\">\n\t\t\t\t<div class=\"et_d4_element et_pb_column_4_4 et_pb_column et_pb_column_3  et_pb_css_mix_blend_mode et-last-child et_block_column\">\n\t\t\t\t\n\t\t\t\t\n\t\t\t\t\n\t\t\t\t\n\t\t\t\t<div class=\"et_pb_module et_d4_element et_pb_text et_pb_text_3  et_pb_text_align_left et_pb_bg_layout_light\">\n\t\t\t\t\n\t\t\t\t\n\t\t\t\t\n\t\t\t\t\n\t\t\t\t<div class=\"et_pb_text_inner\"><p>Am 16.11.1979 schrieb die Hannoversche Allgemeine Zeitung in ihrem Landkreisteil folgenden Artikel \u00fcber die sich ank\u00fcndigende 1000-Jahr-Feier.<\/p>\n<p>&nbsp;<\/p>\n<p><strong>Geplante 1000-Jahr-Feier wirft in Hiddestorf bereits Schatten<br \/><\/strong>Auftakt am 30. April 1980 \/ Festausschu\u00df sucht Mitarbeiter<\/p>\n<p>Hemmingen-Hiddestorf (rav). Konkret gediehen sind nach einer weiteren Besprechung unter den Vorsitzenden der \u00f6rtlichen Verein die Vorbereitungen f\u00fcr die abgek\u00fcndigte 1000-Jahr-Feier Hiddestorfs im n\u00e4chsten Jahr. Wie es aussieht, wird sich das Dorf einen Monat lang im Festrausch bewegen. Der Auftakt der Feierlichkeiten ist f\u00fcr den 30. April 1980 vorgesehen, ein Zeltfest vom 7. Bis 9. Juni wird die umfangreiche 1000-Jahr-Feier dann beenden.<\/p>\n<p>Zu dem f\u00fcr die 1000-Jahr-Feier gebildeten Festausschu\u00df geh\u00f6ren neben den elf \u00f6rtlichen Vereine und Verb\u00e4nde, Kindergarten sowie der Schule auch die Gemeindeverwaltung, welche die Festivit\u00e4ten zu dem historischen Ereignis auch finanziell unterst\u00fctzen wird. Den Vorsitz des Festausschusses f\u00fchrt Horst Wissel, der Vorsitzende des Gesangvereins Concordia in Hiddestorf.<\/p>\n<p>Wie bereits feststeht, werden die Festwochen mit einem offiziellen Akt am 30. April in der Hiddestorfer Turnhalle und einem anschlie\u00dfenden Ball er\u00f6ffnet. Definitiv hat man sich auch auf den rauschenden Ausklang geeinigt: Da im n\u00e4chsten Jahr der Gesangverein Concordia sein 25j\u00e4hriges Wiederbestehen feiert, wird man die 1000-Jahr-Feier und diese Jubil\u00e4um mit einem Zeltfest vom 7. Bis 9. Juni begehen.<\/p>\n<p>Doch auch in den davorliegenden Wochen wird nach Auskunft von Horst Wissel t\u00fcchtig gefeiert, und schon jetzt sollte man diesbez\u00fcglich seine Kondition testen. Vorgesehen ist da beispielsweise eine Gefl\u00fcgel- und Kleintierausstellung, diverse Fu\u00dfballturniere und ein Tischtennis- und Tenniswettbewerb. In n\u00e4chster Zeit will man auch Kontakt mit einer Prominentenmannschaft, etwa einer Bundesligaelf, aufnehmen. Als weitere Attraktion ist vorgesehen, da\u00df Hermann Schridde, der ehemalige Turnierreiter, mit seinen Fallschirmspringen ein atemberaubendes Spektakel darbietet.<\/p>\n<p>Einen bedeutenden Beitrag zu der 1000-Jahr-Feier wird nat\u00fcrlich die Feuerwehr leisten. Umfangreiche Darbietungen und \u00dcbungen sind geplant. \u00dcberdies wird die Kapelle der Freiwilligen Feuerwehr Hiddestorf\/Ohlendorf zahlreiche St\u00e4ndchen geben, beispielsweise auch das traditionelle Konzert im Wald. Ein Ochse am Spie\u00df d\u00fcrfte eine Besonderheit f\u00fcr die Feinschmecker sein, und nat\u00fcrlich werden in dem historischen Ort auch zahlreiche Spielbuden aufgebaut. Auch an die Jugend wird gedacht: Ein Jazzabend im Festzelt wird bekannte hannoversche Gruppen auftreten lassen.<\/p>\n<p>Zweifellos ein H\u00f6hepunkt w\u00e4hrend der Festwochen wird dann ein historischer Umzug durch das Dorf in alten Kost\u00fcmen sein. Die Schaumburger Herolde, bekannt als diesj\u00e4hrige Vizeweltmeister unter den Kapellen, werden in ihren Trachten ebenfalls mit von der Partie sein.<\/p>\n<p>Doch nicht nur Hiddestorfer, sondern nat\u00fcrlich alle interessierte B\u00fcrger sollen von den anstehenden Festivit\u00e4ten erfahren: Durch einen Werbestempel, den die Deutsche Bundespost bereits ab Januar f\u00fcr ein halbes Jahr herausbringt, wird die Kunde von der gro\u00dfen 1000-Jahr-Feier \u00fcber Stadt- und Landgrenzen verbreitet werden. Vom Festausschu\u00df wurden auch schon Autoaufkleber in Auftrag gegeben.<\/p>\n<p>Horst Wissel ist sicher: \u201eEr wird ein tolles Fest \u2013 und manch einer wird sich f\u00fcr die Tage vielleicht auch Urlaub nehmen m\u00fcssen!\u201c Eine Bitte richtet sich nun an alle B\u00fcrger. Wer Ideen hat zu weiteren Programmpunkten der Feierlichkeiten, wer bereit ist, Kost\u00fcme f\u00fcr den Festumzug zu n\u00e4hen oder zu leihen, oder auch wer alte Fotos aus Hiddestorfs Vergangenheit hat, der Sollte sich mit dem Vorsitzenden des Festausschusses Horst Wissel, Telefon (0 51 01) 37 96, unbedingt in Verbindung setzen.<\/p><\/div>\n\t\t\t<\/div>\n\t\t\t<\/div>\n\t\t\t\t\n\t\t\t\t\n\t\t\t\t\n\t\t\t\t\n\t\t\t<\/div><div class=\"et_pb_with_border et_d4_element et_pb_row et_pb_row_4  et_pb_css_mix_blend_mode et_block_row\">\n\t\t\t\t<div class=\"et_d4_element et_pb_column_1_3 et_pb_column et_pb_column_4  et_pb_css_mix_blend_mode et_block_column\">\n\t\t\t\t\n\t\t\t\t\n\t\t\t\t\n\t\t\t\t\n\t\t\t\t<div class=\"et_pb_module et_d4_element et_pb_image et_pb_image_0\">\n\t\t\t\t\n\t\t\t\t\n\t\t\t\t\n\t\t\t\t\n\t\t\t\t<span class=\"et_pb_image_wrap \"><img loading=\"lazy\" decoding=\"async\" width=\"1560\" height=\"1040\" src=\"https:\/\/www.hiddestorf.com\/staging\/wp-content\/uploads\/2025\/03\/Turnhalle-1-1000-Jahrfeier-Hiddestorf-1980_b.jpg\" alt=\"\" title=\"1000 Jahre Hiddestorf\" srcset=\"https:\/\/www.hiddestorf.com\/staging\/wp-content\/uploads\/2025\/03\/Turnhalle-1-1000-Jahrfeier-Hiddestorf-1980_b.jpg 1560w, https:\/\/www.hiddestorf.com\/staging\/wp-content\/uploads\/2025\/03\/Turnhalle-1-1000-Jahrfeier-Hiddestorf-1980_b-1280x853.jpg 1280w, https:\/\/www.hiddestorf.com\/staging\/wp-content\/uploads\/2025\/03\/Turnhalle-1-1000-Jahrfeier-Hiddestorf-1980_b-980x653.jpg 980w, https:\/\/www.hiddestorf.com\/staging\/wp-content\/uploads\/2025\/03\/Turnhalle-1-1000-Jahrfeier-Hiddestorf-1980_b-480x320.jpg 480w\" sizes=\"(min-width: 0px) and (max-width: 480px) 480px, (min-width: 481px) and (max-width: 980px) 980px, (min-width: 981px) and (max-width: 1280px) 1280px, (min-width: 1281px) 1560px, 100vw\" class=\"wp-image-4324\" \/><\/span>\n\t\t\t<\/div>\n\t\t\t<\/div><div class=\"et_d4_element et_pb_column_1_3 et_pb_column et_pb_column_5  et_pb_css_mix_blend_mode et_block_column\">\n\t\t\t\t\n\t\t\t\t\n\t\t\t\t\n\t\t\t\t\n\t\t\t\t<div class=\"et_pb_module et_d4_element et_pb_image et_pb_image_1\">\n\t\t\t\t\n\t\t\t\t\n\t\t\t\t\n\t\t\t\t\n\t\t\t\t<span class=\"et_pb_image_wrap \"><img loading=\"lazy\" decoding=\"async\" width=\"1560\" height=\"1040\" src=\"https:\/\/www.hiddestorf.com\/staging\/wp-content\/uploads\/2025\/03\/Turnhalle-2-1000-Jahrfeier-Hiddestorf-1980_b.jpg\" alt=\"\" title=\"1000 Jahre Hiddestorf\" srcset=\"https:\/\/www.hiddestorf.com\/staging\/wp-content\/uploads\/2025\/03\/Turnhalle-2-1000-Jahrfeier-Hiddestorf-1980_b.jpg 1560w, https:\/\/www.hiddestorf.com\/staging\/wp-content\/uploads\/2025\/03\/Turnhalle-2-1000-Jahrfeier-Hiddestorf-1980_b-1280x853.jpg 1280w, https:\/\/www.hiddestorf.com\/staging\/wp-content\/uploads\/2025\/03\/Turnhalle-2-1000-Jahrfeier-Hiddestorf-1980_b-980x653.jpg 980w, https:\/\/www.hiddestorf.com\/staging\/wp-content\/uploads\/2025\/03\/Turnhalle-2-1000-Jahrfeier-Hiddestorf-1980_b-480x320.jpg 480w\" sizes=\"(min-width: 0px) and (max-width: 480px) 480px, (min-width: 481px) and (max-width: 980px) 980px, (min-width: 981px) and (max-width: 1280px) 1280px, (min-width: 1281px) 1560px, 100vw\" class=\"wp-image-4326\" \/><\/span>\n\t\t\t<\/div>\n\t\t\t<\/div><div class=\"et_d4_element et_pb_column_1_3 et_pb_column et_pb_column_6  et_pb_css_mix_blend_mode et-last-child et_block_column\">\n\t\t\t\t\n\t\t\t\t\n\t\t\t\t\n\t\t\t\t\n\t\t\t\t<div class=\"et_pb_module et_d4_element et_pb_image et_pb_image_2\">\n\t\t\t\t\n\t\t\t\t\n\t\t\t\t\n\t\t\t\t\n\t\t\t\t<span class=\"et_pb_image_wrap \"><img loading=\"lazy\" decoding=\"async\" width=\"1620\" height=\"1080\" src=\"https:\/\/www.hiddestorf.com\/staging\/wp-content\/uploads\/2025\/03\/Scan45_b.jpg\" alt=\"\" title=\"1000 Jahre Hiddestorf\" srcset=\"https:\/\/www.hiddestorf.com\/staging\/wp-content\/uploads\/2025\/03\/Scan45_b.jpg 1620w, https:\/\/www.hiddestorf.com\/staging\/wp-content\/uploads\/2025\/03\/Scan45_b-1280x853.jpg 1280w, https:\/\/www.hiddestorf.com\/staging\/wp-content\/uploads\/2025\/03\/Scan45_b-980x653.jpg 980w, https:\/\/www.hiddestorf.com\/staging\/wp-content\/uploads\/2025\/03\/Scan45_b-480x320.jpg 480w\" sizes=\"(min-width: 0px) and (max-width: 480px) 480px, (min-width: 481px) and (max-width: 980px) 980px, (min-width: 981px) and (max-width: 1280px) 1280px, (min-width: 1281px) 1620px, 100vw\" class=\"wp-image-4328\" \/><\/span>\n\t\t\t<\/div>\n\t\t\t<\/div>\n\t\t\t\t\n\t\t\t\t\n\t\t\t\t\n\t\t\t\t\n\t\t\t<\/div>\n\t\t\t\t\n\t\t\t\t\n\t\t\t<\/div><\/p>\n","protected":false},"excerpt":{"rendered":"","protected":false},"author":1,"featured_media":0,"parent":0,"menu_order":0,"comment_status":"closed","ping_status":"closed","template":"","meta":{"_et_pb_use_builder":"on","_et_pb_old_content":"","_et_gb_content_width":"","footnotes":""},"class_list":["post-3248","page","type-page","status-publish","hentry"],"yoast_head":"<!-- This site is optimized with the Yoast SEO plugin v27.4 - https:\/\/yoast.com\/product\/yoast-seo-wordpress\/ -->\n<title>1000 Jahrfeier - Hiddestorf<\/title>\n<meta name=\"robots\" content=\"index, follow, max-snippet:-1, max-image-preview:large, max-video-preview:-1\" \/>\n<link rel=\"canonical\" href=\"https:\/\/www.hiddestorf.com\/staging\/?page_id=3248\" \/>\n<meta property=\"og:locale\" content=\"de_DE\" \/>\n<meta property=\"og:type\" content=\"article\" \/>\n<meta property=\"og:title\" content=\"1000 Jahrfeier - Hiddestorf\" \/>\n<meta property=\"og:url\" content=\"https:\/\/www.hiddestorf.com\/staging\/?page_id=3248\" \/>\n<meta property=\"og:site_name\" content=\"Hiddestorf\" \/>\n<meta property=\"article:modified_time\" content=\"2025-03-24T17:18:26+00:00\" \/>\n<meta name=\"twitter:card\" content=\"summary_large_image\" \/>\n<meta name=\"twitter:label1\" content=\"Gesch\u00e4tzte Lesezeit\" \/>\n\t<meta name=\"twitter:data1\" content=\"6\u00a0Minuten\" \/>\n<script type=\"application\/ld+json\" class=\"yoast-schema-graph\">{\"@context\":\"https:\\\/\\\/schema.org\",\"@graph\":[{\"@type\":\"WebPage\",\"@id\":\"https:\\\/\\\/www.hiddestorf.com\\\/staging\\\/?page_id=3248\",\"url\":\"https:\\\/\\\/www.hiddestorf.com\\\/staging\\\/?page_id=3248\",\"name\":\"1000 Jahrfeier - Hiddestorf\",\"isPartOf\":{\"@id\":\"https:\\\/\\\/www.hiddestorf.com\\\/staging\\\/#website\"},\"datePublished\":\"2020-05-19T20:03:12+00:00\",\"dateModified\":\"2025-03-24T17:18:26+00:00\",\"breadcrumb\":{\"@id\":\"https:\\\/\\\/www.hiddestorf.com\\\/staging\\\/?page_id=3248#breadcrumb\"},\"inLanguage\":\"de\",\"potentialAction\":[{\"@type\":\"ReadAction\",\"target\":[\"https:\\\/\\\/www.hiddestorf.com\\\/staging\\\/?page_id=3248\"]}]},{\"@type\":\"BreadcrumbList\",\"@id\":\"https:\\\/\\\/www.hiddestorf.com\\\/staging\\\/?page_id=3248#breadcrumb\",\"itemListElement\":[{\"@type\":\"ListItem\",\"position\":1,\"name\":\"Startseite\",\"item\":\"https:\\\/\\\/www.hiddestorf.com\\\/staging\\\/\"},{\"@type\":\"ListItem\",\"position\":2,\"name\":\"1000 Jahrfeier\"}]},{\"@type\":\"WebSite\",\"@id\":\"https:\\\/\\\/www.hiddestorf.com\\\/staging\\\/#website\",\"url\":\"https:\\\/\\\/www.hiddestorf.com\\\/staging\\\/\",\"name\":\"Hiddestorf\",\"description\":\"Ein Dorf im Wandel der Zeit\",\"publisher\":{\"@id\":\"https:\\\/\\\/www.hiddestorf.com\\\/staging\\\/#organization\"},\"potentialAction\":[{\"@type\":\"SearchAction\",\"target\":{\"@type\":\"EntryPoint\",\"urlTemplate\":\"https:\\\/\\\/www.hiddestorf.com\\\/staging\\\/?s={search_term_string}\"},\"query-input\":{\"@type\":\"PropertyValueSpecification\",\"valueRequired\":true,\"valueName\":\"search_term_string\"}}],\"inLanguage\":\"de\"},{\"@type\":\"Organization\",\"@id\":\"https:\\\/\\\/www.hiddestorf.com\\\/staging\\\/#organization\",\"name\":\"Hiddestorf\",\"url\":\"https:\\\/\\\/www.hiddestorf.com\\\/staging\\\/\",\"logo\":{\"@type\":\"ImageObject\",\"inLanguage\":\"de\",\"@id\":\"https:\\\/\\\/www.hiddestorf.com\\\/staging\\\/#\\\/schema\\\/logo\\\/image\\\/\",\"url\":\"https:\\\/\\\/www.hiddestorf.com\\\/staging\\\/wp-content\\\/uploads\\\/2019\\\/08\\\/Wappen-Hiddestorf-neu-200.jpg\",\"contentUrl\":\"https:\\\/\\\/www.hiddestorf.com\\\/staging\\\/wp-content\\\/uploads\\\/2019\\\/08\\\/Wappen-Hiddestorf-neu-200.jpg\",\"width\":200,\"height\":246,\"caption\":\"Hiddestorf\"},\"image\":{\"@id\":\"https:\\\/\\\/www.hiddestorf.com\\\/staging\\\/#\\\/schema\\\/logo\\\/image\\\/\"}}]}<\/script>\n<!-- \/ Yoast SEO plugin. -->","yoast_head_json":{"title":"1000 Jahrfeier - Hiddestorf","robots":{"index":"index","follow":"follow","max-snippet":"max-snippet:-1","max-image-preview":"max-image-preview:large","max-video-preview":"max-video-preview:-1"},"canonical":"https:\/\/www.hiddestorf.com\/staging\/?page_id=3248","og_locale":"de_DE","og_type":"article","og_title":"1000 Jahrfeier - Hiddestorf","og_url":"https:\/\/www.hiddestorf.com\/staging\/?page_id=3248","og_site_name":"Hiddestorf","article_modified_time":"2025-03-24T17:18:26+00:00","twitter_card":"summary_large_image","twitter_misc":{"Gesch\u00e4tzte Lesezeit":"6\u00a0Minuten"},"schema":{"@context":"https:\/\/schema.org","@graph":[{"@type":"WebPage","@id":"https:\/\/www.hiddestorf.com\/staging\/?page_id=3248","url":"https:\/\/www.hiddestorf.com\/staging\/?page_id=3248","name":"1000 Jahrfeier - Hiddestorf","isPartOf":{"@id":"https:\/\/www.hiddestorf.com\/staging\/#website"},"datePublished":"2020-05-19T20:03:12+00:00","dateModified":"2025-03-24T17:18:26+00:00","breadcrumb":{"@id":"https:\/\/www.hiddestorf.com\/staging\/?page_id=3248#breadcrumb"},"inLanguage":"de","potentialAction":[{"@type":"ReadAction","target":["https:\/\/www.hiddestorf.com\/staging\/?page_id=3248"]}]},{"@type":"BreadcrumbList","@id":"https:\/\/www.hiddestorf.com\/staging\/?page_id=3248#breadcrumb","itemListElement":[{"@type":"ListItem","position":1,"name":"Startseite","item":"https:\/\/www.hiddestorf.com\/staging\/"},{"@type":"ListItem","position":2,"name":"1000 Jahrfeier"}]},{"@type":"WebSite","@id":"https:\/\/www.hiddestorf.com\/staging\/#website","url":"https:\/\/www.hiddestorf.com\/staging\/","name":"Hiddestorf","description":"Ein Dorf im Wandel der Zeit","publisher":{"@id":"https:\/\/www.hiddestorf.com\/staging\/#organization"},"potentialAction":[{"@type":"SearchAction","target":{"@type":"EntryPoint","urlTemplate":"https:\/\/www.hiddestorf.com\/staging\/?s={search_term_string}"},"query-input":{"@type":"PropertyValueSpecification","valueRequired":true,"valueName":"search_term_string"}}],"inLanguage":"de"},{"@type":"Organization","@id":"https:\/\/www.hiddestorf.com\/staging\/#organization","name":"Hiddestorf","url":"https:\/\/www.hiddestorf.com\/staging\/","logo":{"@type":"ImageObject","inLanguage":"de","@id":"https:\/\/www.hiddestorf.com\/staging\/#\/schema\/logo\/image\/","url":"https:\/\/www.hiddestorf.com\/staging\/wp-content\/uploads\/2019\/08\/Wappen-Hiddestorf-neu-200.jpg","contentUrl":"https:\/\/www.hiddestorf.com\/staging\/wp-content\/uploads\/2019\/08\/Wappen-Hiddestorf-neu-200.jpg","width":200,"height":246,"caption":"Hiddestorf"},"image":{"@id":"https:\/\/www.hiddestorf.com\/staging\/#\/schema\/logo\/image\/"}}]}},"_links":{"self":[{"href":"https:\/\/www.hiddestorf.com\/staging\/index.php?rest_route=\/wp\/v2\/pages\/3248","targetHints":{"allow":["GET"]}}],"collection":[{"href":"https:\/\/www.hiddestorf.com\/staging\/index.php?rest_route=\/wp\/v2\/pages"}],"about":[{"href":"https:\/\/www.hiddestorf.com\/staging\/index.php?rest_route=\/wp\/v2\/types\/page"}],"author":[{"embeddable":true,"href":"https:\/\/www.hiddestorf.com\/staging\/index.php?rest_route=\/wp\/v2\/users\/1"}],"replies":[{"embeddable":true,"href":"https:\/\/www.hiddestorf.com\/staging\/index.php?rest_route=%2Fwp%2Fv2%2Fcomments&post=3248"}],"version-history":[{"count":10,"href":"https:\/\/www.hiddestorf.com\/staging\/index.php?rest_route=\/wp\/v2\/pages\/3248\/revisions"}],"predecessor-version":[{"id":4333,"href":"https:\/\/www.hiddestorf.com\/staging\/index.php?rest_route=\/wp\/v2\/pages\/3248\/revisions\/4333"}],"wp:attachment":[{"href":"https:\/\/www.hiddestorf.com\/staging\/index.php?rest_route=%2Fwp%2Fv2%2Fmedia&parent=3248"}],"curies":[{"name":"wp","href":"https:\/\/api.w.org\/{rel}","templated":true}]}}