{"id":2795,"date":"2020-05-05T20:50:23","date_gmt":"2020-05-05T18:50:23","guid":{"rendered":"https:\/\/www.hiddestorf.com\/staging\/?page_id=2795"},"modified":"2020-11-10T11:51:46","modified_gmt":"2020-11-10T10:51:46","slug":"erlaeuterungen","status":"publish","type":"page","link":"https:\/\/www.hiddestorf.com\/staging\/?page_id=2795","title":{"rendered":"Erl\u00e4uterungen"},"content":{"rendered":"<p><div class=\"et_d4_element et_pb_section et_pb_section_0 et_pb_with_background  et_pb_css_mix_blend_mode et_section_regular section_has_divider et_pb_bottom_divider et_block_section\" >\n\t\t\t\t\n\t\t\t\t\n\t\t\t\t\n\t\t\t\t\n\t\t\t\t\n\t\t\t\t\n\t\t\t\t<div class=\"et_pb_with_border et_d4_element et_pb_row et_pb_row_0  et_pb_css_mix_blend_mode et_block_row\">\n\t\t\t\t<div class=\"et_d4_element et_pb_column_4_4 et_pb_column et_pb_column_0  et_pb_css_mix_blend_mode et-last-child et_block_column\">\n\t\t\t\t\n\t\t\t\t\n\t\t\t\t\n\t\t\t\t\n\t\t\t\t<div class=\"et_pb_module et_d4_element et_pb_text et_pb_text_0 et_animated  et_pb_text_align_center et_pb_bg_layout_dark\">\n\t\t\t\t\n\t\t\t\t\n\t\t\t\t\n\t\t\t\t\n\t\t\t\t<div class=\"et_pb_text_inner\"><h3>Erl\u00e4terungen<\/h3><\/div>\n\t\t\t<\/div>\n\t\t\t<\/div>\n\t\t\t\t\n\t\t\t\t\n\t\t\t\t\n\t\t\t\t\n\t\t\t<\/div>\n\t\t\t\t\n\t\t\t\t<div class=\"et_pb_bottom_inside_divider et-no-transition\"><\/div>\n\t\t\t<\/div><div class=\"et_d4_element et_pb_section et_pb_section_1 et_pb_with_background  et_pb_css_mix_blend_mode et_section_regular et_block_section\" >\n\t\t\t\t\n\t\t\t\t\n\t\t\t\t\n\t\t\t\t\n\t\t\t\t\n\t\t\t\t\n\t\t\t\t<div class=\"et_pb_with_border et_d4_element et_pb_row et_pb_row_1  et_pb_css_mix_blend_mode et_block_row\">\n\t\t\t\t<div class=\"et_d4_element et_pb_column_4_4 et_pb_column et_pb_column_1  et_pb_css_mix_blend_mode et-last-child et_block_column\">\n\t\t\t\t\n\t\t\t\t\n\t\t\t\t\n\t\t\t\t\n\t\t\t\t<div class=\"et_pb_module et_d4_element et_pb_text et_pb_text_1  et_pb_text_align_left et_pb_bg_layout_light\">\n\t\t\t\t\n\t\t\t\t\n\t\t\t\t\n\t\t\t\t\n\t\t\t\t<div class=\"et_pb_text_inner\"><h3>Begriffe und Erl\u00e4uerungen<\/h3>\n<p><span style=\"font-size: small;\">Quellen: Wikipedia, Der rote Faden der Stadt Hemmingen<\/span><\/p><\/div>\n\t\t\t<\/div>\n\t\t\t<\/div>\n\t\t\t\t\n\t\t\t\t\n\t\t\t\t\n\t\t\t\t\n\t\t\t<\/div><div class=\"et_pb_with_border et_d4_element et_pb_row et_pb_row_2  et_pb_css_mix_blend_mode et_block_row\">\n\t\t\t\t<div class=\"et_d4_element et_pb_column_4_4 et_pb_column et_pb_column_2  et_pb_css_mix_blend_mode et-last-child et_block_column\">\n\t\t\t\t\n\t\t\t\t\n\t\t\t\t\n\t\t\t\t\n\t\t\t\t<div class=\"et_pb_module et_d4_element et_pb_text et_pb_text_2  et_pb_text_align_left et_pb_bg_layout_light\">\n\t\t\t\t\n\t\t\t\t\n\t\t\t\t\n\t\t\t\t\n\t\t\t\t<div class=\"et_pb_text_inner\"><div id=\"Text2\">\n<p><strong>Gogrefen<\/strong><br \/> Richter im Gogerichtsbezirk. Erste urkundliche Erw\u00e4hnung von Gogerichten stammen aus dem 12. Jahrhundert. Nach dem Sachsenspiegel aus der Zeit um 1230 ist der Gograf (gogreve) Richter eines Unterbezirks der Grafschaft und dem Grafen untergeordnet (Ssp. Ldr. I\/58). Er richtet sofort im Fall der handhaften Tat und wird entweder von Fall zu Fall oder auf bestimmte Zeit von den Bewohnern des Gerichtsbezirks gew\u00e4hlt (Ssp. I\/56). Das Gericht des Gografen, zu dem sich alle Bauern des Gerichtsbezirks versammeln, findet alle sechs Wochen statt (Ssp. Ldr. I\/2,4). Dem norddeutschen Gografen entspricht der hessische und s\u00fcdwestdeutsche Zentgraf, dem Gogericht das Zentgericht.<br \/> Gogrefe ist die niederdeutsche Amtsbezeichnung f\u00fcr einen ordentlichen Richter an einem Gogericht. Die letzten Amtsbezirke als Gogerichte hat es im Gebiet von Niedersachsen noch um 1600 gegeben.<\/p>\n<p><strong>Himpten<\/strong><br \/> Ein Himpten (auch Himten) ist ein bis zur Mitte des 19. Jahrhunderts gebr\u00e4uchliches Hohlraumma\u00df f\u00fcr Getreide. Er entsprach meist einem halben Scheffel ca. 30 Liter. Mitunter wurde er auch als Fl\u00e4chenma\u00df f\u00fcr Ackerfl\u00e4chen genutzt, hierbei war ein Himpten Acker diejenige Fl\u00e4che, die mit einem Himpten Getreide bes\u00e4t werden konnte.<\/p>\n<p>Als Hohlraumma\u00df war ein Himpten:<br \/>\u00a0\u00a0 * 27,445 l\u00a0 in Lauenburg,<br \/>\u00a0\u00a0 * 27,481 l\u00a0 in Hamburg,<br \/>\u00a0\u00a0 * 31,145 l\u00a0 in Braunschweig,<br \/>\u00a0\u00a0 * 31,152 l\u00a0 in Hannover,<br \/>\u00a0\u00a0 * 32,969 l\u00a0 in Schaumburg-Lippe,<br \/>\u00a0\u00a0 * 34,780 l\u00a0 in Schleswig-Holstein,<br \/>\u00a0\u00a0 * 40,185 l\u00a0 in Kassel.<\/p>\n<p>Mancherorts wurde der Himpten in vier Spint geteilt. Als Gewichtsma\u00df galt der Himpten nur sehr indirekt. So wusste man, dass ein Himpten Roggen z.B. ca. 21,5 kg wog, Weizen: \u224813,4 kg, Gerste: \u224818,7 kg, Hafer: \u224813,6 kg, etc.<br \/> Als Fl\u00e4chenma\u00df war der Himpten oft ein halber Morgen, ca. 25 ar.<\/p>\n<p><strong>Hufe<\/strong><br \/> Hufe oder Lahn wurde seit dem Fr\u00fchmittelalter ein Bauerngut oder Geh\u00f6ft mit ausreichenden Acker- und Weidefl\u00e4chen bezeichnet, die eine Familie bearbeiten und von der sie sich ern\u00e4hren konnte. Das Wort stammt aus dem Frankenreich des 8. Jahrhunderts (lateinisch mansus, aber auch als latinisiert germanisch huba) und wandelte sich um 1200 zur deutschen Hube (schw\u00e4bisch hueb, huebm, hufe)<\/p>\n<p><strong>K\u00f6tner<\/strong><br \/> K\u00f6tner, K\u00e4tner oder Kotsassen, vor allem in Preu\u00dfen und Mecklenburg auch Kossaten, Kossater oder Koss\u00e4ten waren Dorfbewohner, die einen Kotten bzw. eine Kate besa\u00dfen. K\u00f6tter k\u00f6nnen in Deutschland ab dem 14. Jahrhundert belegt werden.Die H\u00f6fe der K\u00f6tter waren meist am Dorfrand angesiedelt oder von alten H\u00f6fen abgeteilt. Da der Ertrag h\u00e4ufig nicht f\u00fcr den Lebensunterhalt ausreichte, verrichteten sie meist zus\u00e4tzlich handwerkliche Arbeiten oder arbeiteten im Tagesdienst auf Bauern- und Herrenh\u00f6fen. Ihr Landbesitz betrug meist eine achtel bis zu einer halben Hufe, sie besa\u00dfen wenig Vieh und h\u00f6chstens ein Pferd. Ein K\u00f6tner musste als Gegenleistung f\u00fcr die \u00dcberlassung eines Hauses und eines Grundst\u00fccks f\u00fcr eigene Bewirtschaftung an den Grundherrn nicht nur Zinsen in bar und Naturalien (z.\u00a0B. H\u00fchner, Getreide) sondern auch\u201a Hand- und Spanndienste leisten, d.\u00a0h. bei der Ernte helfen usw.<br \/> Im Regelfall besa\u00df diese Kate einen kleinen Kohlgarten, der der Nebenerwerbslandwirtschaft diente. Die meisten K\u00f6tner hatten einen anderen Haupterwerb. Sie waren z.\u00a0B. Lehrer, Handwerker oder Bauern, falls der Landbesitz ausreichte. Dieses Land war dann aber au\u00dferhalb der unter den Hufnern aufgeteilten Flur. Auch hatten K\u00f6tter meist keinen Anteil an der Allmende.<br \/> In der sozialen Hierarchie standen sie unterhalb der Vollbauern, aber \u00fcber den B\u00f6dnern, die lediglich eine Bude ohne Land besa\u00dfen und als Handwerker arbeiteten, und \u00fcber den Insten und Tagel\u00f6hnern. Ein Gro\u00dfk\u00f6tner bewirtschaftete im Schnitt 25 Morgen.<\/p>\n<p><strong>Laingau<\/strong><\/p>\n<p><strong>Marstemgau<\/strong><br \/> Der Marstemgau oder Marstengau, Merstem war eine mittelalterliche Gaugrafschaft. Er lag westlich von Hannover und umfasste das Calenberger Land, Spiegelburg (Lauenstein) und den Deister sowie das Steinhuder Meer und geh\u00f6rte zu den Schwerpunkten des Familienbesitzes der Billunger. S\u00fcdlich grenzten der Gudinsgau, westlich der Bukkigau, \u00f6stlich der Laingau sowie der Gau Astfala und n\u00f6rdlich der Grindergau an. Grafen im Marstemgau waren Hermann Billung und Widekind I.<\/p>\n<p><strong>Meierhof<\/strong><br \/> Maiores villae; aus maior oder maius \u201egr\u00f6\u00dfer, st\u00e4rker, bedeutender\u201c und villa rustica \u201eLandhaus\u201c) oder fr\u00fcher auch Sedelhof (wahrscheinlich von Salhof\/Herrenhof) wird ein Bauerngeh\u00f6ft oder -geb\u00e4ude benannt, in dem in seiner Geschichte einmal der Verwalter (der Meier) eines adligen oder geistlichen Gutshofes gelebt hat. Der Meierhof war sp\u00e4ter auch ein verpachteter Gutshof. In Norddeutschland wird heute noch vielen dieser Geb\u00e4ude der Zusatz Meierhof vorangestellt. Ein Vollmeier bewirtschaftete im Schnitt 90 Morgen und ein Halbmeier 49 Morgen. Ab 1585 war im Calenberger Land das Meierrecht erblich. Ab 1831 konnten die Meier die Pachth\u00f6fe f\u00fcr das zehnfache des Jahreszins von ihren Grundherren k\u00e4uflich erwerben.<\/p>\n<p><strong>Quer-Gefach<\/strong><br \/> Ein Gefach ist Teil einer Wand eines Fachwerkhauses und bezeichnet den Raum zwischen den Holzbalken. Im ausgef\u00fcllten Zustand wird das Gefach, beziehungsweise sein Inhalt, auch als Ausfachung bezeichnet.<\/p>\n<p><strong>Vogt \/ Vogtei<\/strong><br \/> Der althochdeutsche Begriff Vogt, auch Voigt oder Fauth (franz. bailli, engl. bailiff oder reeve ist abgeleitet vom lateinischen (ad)vocatus, der Hinzu-\/Herbeigerufener, siehe \u201eRechtsbeistand\u201c) bezeichnet allgemein einen herrschaftlichen, meist adligen Beamten des Mittelalters und der fr\u00fchen Neuzeit, der als Vertreter eines Feudalherrschers in einem bestimmten Gebiet im Namen des Landesherrn regiert und richtet. Er hat den Vorsitz im Landgericht und er muss die Landesverteidigung organisieren. Im Krieg f\u00fchrte er das Lehensaufgebot des Landes. Der Machtbereich eines Vogts und sein Amtssitz (meist eine landesherrliche Burg) werden als Vogtei bezeichnet.<\/p>\n<p><strong>Zehnt<\/strong><br \/> Der Begriff Zehnt, Zehnter, der Zehnte (auch Kirchenzehnter; lat.: decenia, mittelniederdt.: teghede) bezeichnet eine etwa zehnprozentige traditionelle Steuer an eine religi\u00f6se (z. B.: Tempel, Kirche) sowie weltliche (K\u00f6nig, Grundherr) Institution.<\/p>\n<\/div><\/div>\n\t\t\t<\/div>\n\t\t\t<\/div>\n\t\t\t\t\n\t\t\t\t\n\t\t\t\t\n\t\t\t\t\n\t\t\t<\/div>\n\t\t\t\t\n\t\t\t\t\n\t\t\t<\/div><\/p>\n","protected":false},"excerpt":{"rendered":"","protected":false},"author":1,"featured_media":0,"parent":0,"menu_order":0,"comment_status":"closed","ping_status":"closed","template":"","meta":{"_et_pb_use_builder":"on","_et_pb_old_content":"","_et_gb_content_width":"","footnotes":""},"class_list":["post-2795","page","type-page","status-publish","hentry"],"yoast_head":"<!-- This site is optimized with the Yoast SEO plugin v27.4 - https:\/\/yoast.com\/product\/yoast-seo-wordpress\/ -->\n<title>Erl\u00e4uterungen - Hiddestorf<\/title>\n<meta name=\"robots\" content=\"index, follow, max-snippet:-1, max-image-preview:large, max-video-preview:-1\" \/>\n<link rel=\"canonical\" href=\"https:\/\/www.hiddestorf.com\/staging\/?page_id=2795\" \/>\n<meta property=\"og:locale\" content=\"de_DE\" \/>\n<meta property=\"og:type\" content=\"article\" \/>\n<meta property=\"og:title\" content=\"Erl\u00e4uterungen - Hiddestorf\" \/>\n<meta property=\"og:url\" content=\"https:\/\/www.hiddestorf.com\/staging\/?page_id=2795\" \/>\n<meta property=\"og:site_name\" content=\"Hiddestorf\" \/>\n<meta property=\"article:modified_time\" content=\"2020-11-10T10:51:46+00:00\" \/>\n<meta name=\"twitter:card\" content=\"summary_large_image\" \/>\n<meta name=\"twitter:label1\" content=\"Gesch\u00e4tzte Lesezeit\" \/>\n\t<meta name=\"twitter:data1\" content=\"6\u00a0Minuten\" \/>\n<script type=\"application\/ld+json\" class=\"yoast-schema-graph\">{\"@context\":\"https:\\\/\\\/schema.org\",\"@graph\":[{\"@type\":\"WebPage\",\"@id\":\"https:\\\/\\\/www.hiddestorf.com\\\/staging\\\/?page_id=2795\",\"url\":\"https:\\\/\\\/www.hiddestorf.com\\\/staging\\\/?page_id=2795\",\"name\":\"Erl\u00e4uterungen - Hiddestorf\",\"isPartOf\":{\"@id\":\"https:\\\/\\\/www.hiddestorf.com\\\/staging\\\/#website\"},\"datePublished\":\"2020-05-05T18:50:23+00:00\",\"dateModified\":\"2020-11-10T10:51:46+00:00\",\"breadcrumb\":{\"@id\":\"https:\\\/\\\/www.hiddestorf.com\\\/staging\\\/?page_id=2795#breadcrumb\"},\"inLanguage\":\"de\",\"potentialAction\":[{\"@type\":\"ReadAction\",\"target\":[\"https:\\\/\\\/www.hiddestorf.com\\\/staging\\\/?page_id=2795\"]}]},{\"@type\":\"BreadcrumbList\",\"@id\":\"https:\\\/\\\/www.hiddestorf.com\\\/staging\\\/?page_id=2795#breadcrumb\",\"itemListElement\":[{\"@type\":\"ListItem\",\"position\":1,\"name\":\"Startseite\",\"item\":\"https:\\\/\\\/www.hiddestorf.com\\\/staging\\\/\"},{\"@type\":\"ListItem\",\"position\":2,\"name\":\"Erl\u00e4uterungen\"}]},{\"@type\":\"WebSite\",\"@id\":\"https:\\\/\\\/www.hiddestorf.com\\\/staging\\\/#website\",\"url\":\"https:\\\/\\\/www.hiddestorf.com\\\/staging\\\/\",\"name\":\"Hiddestorf\",\"description\":\"Ein Dorf im Wandel der Zeit\",\"publisher\":{\"@id\":\"https:\\\/\\\/www.hiddestorf.com\\\/staging\\\/#organization\"},\"potentialAction\":[{\"@type\":\"SearchAction\",\"target\":{\"@type\":\"EntryPoint\",\"urlTemplate\":\"https:\\\/\\\/www.hiddestorf.com\\\/staging\\\/?s={search_term_string}\"},\"query-input\":{\"@type\":\"PropertyValueSpecification\",\"valueRequired\":true,\"valueName\":\"search_term_string\"}}],\"inLanguage\":\"de\"},{\"@type\":\"Organization\",\"@id\":\"https:\\\/\\\/www.hiddestorf.com\\\/staging\\\/#organization\",\"name\":\"Hiddestorf\",\"url\":\"https:\\\/\\\/www.hiddestorf.com\\\/staging\\\/\",\"logo\":{\"@type\":\"ImageObject\",\"inLanguage\":\"de\",\"@id\":\"https:\\\/\\\/www.hiddestorf.com\\\/staging\\\/#\\\/schema\\\/logo\\\/image\\\/\",\"url\":\"https:\\\/\\\/www.hiddestorf.com\\\/staging\\\/wp-content\\\/uploads\\\/2019\\\/08\\\/Wappen-Hiddestorf-neu-200.jpg\",\"contentUrl\":\"https:\\\/\\\/www.hiddestorf.com\\\/staging\\\/wp-content\\\/uploads\\\/2019\\\/08\\\/Wappen-Hiddestorf-neu-200.jpg\",\"width\":200,\"height\":246,\"caption\":\"Hiddestorf\"},\"image\":{\"@id\":\"https:\\\/\\\/www.hiddestorf.com\\\/staging\\\/#\\\/schema\\\/logo\\\/image\\\/\"}}]}<\/script>\n<!-- \/ Yoast SEO plugin. -->","yoast_head_json":{"title":"Erl\u00e4uterungen - Hiddestorf","robots":{"index":"index","follow":"follow","max-snippet":"max-snippet:-1","max-image-preview":"max-image-preview:large","max-video-preview":"max-video-preview:-1"},"canonical":"https:\/\/www.hiddestorf.com\/staging\/?page_id=2795","og_locale":"de_DE","og_type":"article","og_title":"Erl\u00e4uterungen - Hiddestorf","og_url":"https:\/\/www.hiddestorf.com\/staging\/?page_id=2795","og_site_name":"Hiddestorf","article_modified_time":"2020-11-10T10:51:46+00:00","twitter_card":"summary_large_image","twitter_misc":{"Gesch\u00e4tzte Lesezeit":"6\u00a0Minuten"},"schema":{"@context":"https:\/\/schema.org","@graph":[{"@type":"WebPage","@id":"https:\/\/www.hiddestorf.com\/staging\/?page_id=2795","url":"https:\/\/www.hiddestorf.com\/staging\/?page_id=2795","name":"Erl\u00e4uterungen - Hiddestorf","isPartOf":{"@id":"https:\/\/www.hiddestorf.com\/staging\/#website"},"datePublished":"2020-05-05T18:50:23+00:00","dateModified":"2020-11-10T10:51:46+00:00","breadcrumb":{"@id":"https:\/\/www.hiddestorf.com\/staging\/?page_id=2795#breadcrumb"},"inLanguage":"de","potentialAction":[{"@type":"ReadAction","target":["https:\/\/www.hiddestorf.com\/staging\/?page_id=2795"]}]},{"@type":"BreadcrumbList","@id":"https:\/\/www.hiddestorf.com\/staging\/?page_id=2795#breadcrumb","itemListElement":[{"@type":"ListItem","position":1,"name":"Startseite","item":"https:\/\/www.hiddestorf.com\/staging\/"},{"@type":"ListItem","position":2,"name":"Erl\u00e4uterungen"}]},{"@type":"WebSite","@id":"https:\/\/www.hiddestorf.com\/staging\/#website","url":"https:\/\/www.hiddestorf.com\/staging\/","name":"Hiddestorf","description":"Ein Dorf im Wandel der Zeit","publisher":{"@id":"https:\/\/www.hiddestorf.com\/staging\/#organization"},"potentialAction":[{"@type":"SearchAction","target":{"@type":"EntryPoint","urlTemplate":"https:\/\/www.hiddestorf.com\/staging\/?s={search_term_string}"},"query-input":{"@type":"PropertyValueSpecification","valueRequired":true,"valueName":"search_term_string"}}],"inLanguage":"de"},{"@type":"Organization","@id":"https:\/\/www.hiddestorf.com\/staging\/#organization","name":"Hiddestorf","url":"https:\/\/www.hiddestorf.com\/staging\/","logo":{"@type":"ImageObject","inLanguage":"de","@id":"https:\/\/www.hiddestorf.com\/staging\/#\/schema\/logo\/image\/","url":"https:\/\/www.hiddestorf.com\/staging\/wp-content\/uploads\/2019\/08\/Wappen-Hiddestorf-neu-200.jpg","contentUrl":"https:\/\/www.hiddestorf.com\/staging\/wp-content\/uploads\/2019\/08\/Wappen-Hiddestorf-neu-200.jpg","width":200,"height":246,"caption":"Hiddestorf"},"image":{"@id":"https:\/\/www.hiddestorf.com\/staging\/#\/schema\/logo\/image\/"}}]}},"_links":{"self":[{"href":"https:\/\/www.hiddestorf.com\/staging\/index.php?rest_route=\/wp\/v2\/pages\/2795","targetHints":{"allow":["GET"]}}],"collection":[{"href":"https:\/\/www.hiddestorf.com\/staging\/index.php?rest_route=\/wp\/v2\/pages"}],"about":[{"href":"https:\/\/www.hiddestorf.com\/staging\/index.php?rest_route=\/wp\/v2\/types\/page"}],"author":[{"embeddable":true,"href":"https:\/\/www.hiddestorf.com\/staging\/index.php?rest_route=\/wp\/v2\/users\/1"}],"replies":[{"embeddable":true,"href":"https:\/\/www.hiddestorf.com\/staging\/index.php?rest_route=%2Fwp%2Fv2%2Fcomments&post=2795"}],"version-history":[{"count":6,"href":"https:\/\/www.hiddestorf.com\/staging\/index.php?rest_route=\/wp\/v2\/pages\/2795\/revisions"}],"predecessor-version":[{"id":3662,"href":"https:\/\/www.hiddestorf.com\/staging\/index.php?rest_route=\/wp\/v2\/pages\/2795\/revisions\/3662"}],"wp:attachment":[{"href":"https:\/\/www.hiddestorf.com\/staging\/index.php?rest_route=%2Fwp%2Fv2%2Fmedia&parent=2795"}],"curies":[{"name":"wp","href":"https:\/\/api.w.org\/{rel}","templated":true}]}}