{"id":2699,"date":"2020-05-01T21:58:57","date_gmt":"2020-05-01T19:58:57","guid":{"rendered":"https:\/\/www.hiddestorf.com\/staging\/?page_id=2699"},"modified":"2020-11-10T11:46:10","modified_gmt":"2020-11-10T10:46:10","slug":"chronik","status":"publish","type":"page","link":"https:\/\/www.hiddestorf.com\/staging\/?page_id=2699","title":{"rendered":"Chronik"},"content":{"rendered":"<p><div class=\"et_d4_element et_pb_section et_pb_section_0 et_pb_with_background  et_pb_css_mix_blend_mode et_section_regular section_has_divider et_pb_bottom_divider et_block_section\" >\n\t\t\t\t\n\t\t\t\t\n\t\t\t\t\n\t\t\t\t\n\t\t\t\t\n\t\t\t\t\n\t\t\t\t<div class=\"et_pb_with_border et_d4_element et_pb_row et_pb_row_0  et_pb_css_mix_blend_mode et_block_row\">\n\t\t\t\t<div class=\"et_d4_element et_pb_column_4_4 et_pb_column et_pb_column_0  et_pb_css_mix_blend_mode et-last-child et_block_column\">\n\t\t\t\t\n\t\t\t\t\n\t\t\t\t\n\t\t\t\t\n\t\t\t\t<div class=\"et_pb_module et_d4_element et_pb_text et_pb_text_0 et_animated  et_pb_text_align_center et_pb_bg_layout_dark\">\n\t\t\t\t\n\t\t\t\t\n\t\t\t\t\n\t\t\t\t\n\t\t\t\t<div class=\"et_pb_text_inner\"><h3>Chronik<\/h3><\/div>\n\t\t\t<\/div>\n\t\t\t<\/div>\n\t\t\t\t\n\t\t\t\t\n\t\t\t\t\n\t\t\t\t\n\t\t\t<\/div>\n\t\t\t\t\n\t\t\t\t<div class=\"et_pb_bottom_inside_divider et-no-transition\"><\/div>\n\t\t\t<\/div><div class=\"et_d4_element et_pb_section et_pb_section_1 et_pb_with_background  et_pb_css_mix_blend_mode et_section_regular et_block_section\" >\n\t\t\t\t\n\t\t\t\t\n\t\t\t\t\n\t\t\t\t\n\t\t\t\t\n\t\t\t\t\n\t\t\t\t<div class=\"et_pb_with_border et_d4_element et_pb_row et_pb_row_1  et_pb_css_mix_blend_mode et_block_row\">\n\t\t\t\t<div class=\"et_d4_element et_pb_column_4_4 et_pb_column et_pb_column_1  et_pb_css_mix_blend_mode et-last-child et_block_column\">\n\t\t\t\t\n\t\t\t\t\n\t\t\t\t\n\t\t\t\t\n\t\t\t\t<div class=\"et_pb_module et_d4_element et_pb_text et_pb_text_1  et_pb_text_align_left et_pb_bg_layout_light\">\n\t\t\t\t\n\t\t\t\t\n\t\t\t\t\n\t\t\t\t\n\t\t\t\t<div class=\"et_pb_text_inner\"><h3>Die kleine Chronik von Hiddestorf<br \/> <span style=\"font-size: small;\">Quellen: \u00dcberlieferungen, HAZ vom 02.10.2007, Festschrift 1968<\/span><strong><span style=\"color: #000000;\"><br \/> <\/span><\/strong><\/h3>\n\n<table id=\"tablepress-1\" class=\"tablepress tablepress-id-1\">\n<thead>\n<tr class=\"row-1\">\n\t<th class=\"column-1\">Datum<\/th><th class=\"column-2\">Ereignis<\/th>\n<\/tr>\n<\/thead>\n<tbody class=\"row-striping row-hover\">\n<tr class=\"row-2\">\n\t<td class=\"column-1\">980<\/td><td class=\"column-2\">Erste Erw\u00e4hnung in einer Urkunde des Klosters Corvey<\/td>\n<\/tr>\n<tr class=\"row-3\">\n\t<td class=\"column-1\">1490<\/td><td class=\"column-2\">Zum ersten Mal wird er Name eines Pfarres in Hiddestorf genannt: Dietrich Gakenholz<\/td>\n<\/tr>\n<tr class=\"row-4\">\n\t<td class=\"column-1\">1519 bis 1523<\/td><td class=\"column-2\">W\u00e4hrend der Hildesheimer Stiftsfede wird Hiddestorf zweimal verw\u00fcstet<\/td>\n<\/tr>\n<tr class=\"row-5\">\n\t<td class=\"column-1\">1625<\/td><td class=\"column-2\">Durch Pl\u00fcnderung und Brandschatzung\u00a0 durch Tillys Truppen sinkt die Zahl der H\u00f6fe von 43 auf 27<\/td>\n<\/tr>\n<tr class=\"row-6\">\n\t<td class=\"column-1\">1630<\/td><td class=\"column-2\">Die Familie von Lathusen stiftet zwei Bronzeleuchter f\u00fcr die Kirche. Sie h\u00e4ngen heute noch im Kirchenschiff<\/td>\n<\/tr>\n<tr class=\"row-7\">\n\t<td class=\"column-1\">1664<\/td><td class=\"column-2\">In Hiddestorf leben 352 Einwohner, 68 M\u00e4nner, 68 Frauen, 28 Kinder bis 14 Jahren, 22 Knechte, 25 M\u00e4gde und 8 Junden, Das ergab eine Z\u00e4hlung zur Kopfsteuer<\/td>\n<\/tr>\n<tr class=\"row-8\">\n\t<td class=\"column-1\">1740<\/td><td class=\"column-2\">Bau des Pfarrhauses neben der Kirche<\/td>\n<\/tr>\n<tr class=\"row-9\">\n\t<td class=\"column-1\">10.01.1800<\/td><td class=\"column-2\">Gro\u00dfe Brandkatastrophe in Hiddestorf. 40 Geb\u00e4ude brennen ab. Ein Knecht hat im Stall geraucht. Soldaten aus Pattensen haben bei der Brandbek\u00e4mpfung geholfen<\/td>\n<\/tr>\n<tr class=\"row-10\">\n\t<td class=\"column-1\">1878<\/td><td class=\"column-2\">Gr\u00fcndung des M\u00e4nnergesangvereins Concordia<\/td>\n<\/tr>\n<tr class=\"row-11\">\n\t<td class=\"column-1\">02.06.1888<\/td><td class=\"column-2\">Gr\u00fcndung der Freiwilligen Feuerwehr<\/td>\n<\/tr>\n<tr class=\"row-12\">\n\t<td class=\"column-1\">1898<\/td><td class=\"column-2\">Brand der Scheune von Wulkopf<\/td>\n<\/tr>\n<tr class=\"row-13\">\n\t<td class=\"column-1\">1902<\/td><td class=\"column-2\">Gr\u00fcndung des Musikzugs der Freiwilligen Feuerwehr Hiddestorf. Namens\u00e4nderung in Freiwillige Feuerwehr Hiddestorf-Ohlendorf nach Beitritt von B\u00fcrgern aus Ohlendorf<\/td>\n<\/tr>\n<tr class=\"row-14\">\n\t<td class=\"column-1\">1913<\/td><td class=\"column-2\">Bau der Grundschule mit 2 Klassenr\u00e4umen<\/td>\n<\/tr>\n<tr class=\"row-15\">\n\t<td class=\"column-1\"><\/td><td class=\"column-2\">25j\u00e4hriges Bestehen der Freiwilligen Feuerwehr Hiddestorf-Ohlendorf<\/td>\n<\/tr>\n<tr class=\"row-16\">\n\t<td class=\"column-1\">1924<\/td><td class=\"column-2\">Gr\u00fcndung des Sportvereins<\/td>\n<\/tr>\n<tr class=\"row-17\">\n\t<td class=\"column-1\">1926<\/td><td class=\"column-2\">Die zwei im Weltkrieg eingeschmolzenen Glocken der Nikolai-Kirche werden ersetzt<\/td>\n<\/tr>\n<tr class=\"row-18\">\n\t<td class=\"column-1\">1927<\/td><td class=\"column-2\">Brand der Scheune des Gastwirts Busse<\/td>\n<\/tr>\n<tr class=\"row-19\">\n\t<td class=\"column-1\">1929<\/td><td class=\"column-2\">Bau des ersten Feuerwehr-Ger\u00e4tehauses mit Steigerturm auf dem Thie<\/td>\n<\/tr>\n<tr class=\"row-20\">\n\t<td class=\"column-1\">1934<\/td><td class=\"column-2\">Renovierung der Kirche<\/td>\n<\/tr>\n<tr class=\"row-21\">\n\t<td class=\"column-1\">1936<\/td><td class=\"column-2\">Die Kreuzsteine werden wieder entdeckt<\/td>\n<\/tr>\n<tr class=\"row-22\">\n\t<td class=\"column-1\">1943<\/td><td class=\"column-2\">Infolge eines Flugzeugangriffs im Oktober gerieten die Scheunen von Wulkopf und Burose in Brand. Auch in der Gastwirtschaft Flohr brach ein Feuer aus<\/td>\n<\/tr>\n<tr class=\"row-23\">\n\t<td class=\"column-1\">1950<\/td><td class=\"column-2\">Zweite Brand der Scheune des Gastwirts Busse<\/td>\n<\/tr>\n<tr class=\"row-24\">\n\t<td class=\"column-1\">1957<\/td><td class=\"column-2\">S\u00fcdlich des Deveser Holzes legen Wissenschaftler ein Steinkistengrad frei. Untersuchungen der Funde ergeben, dass das Grab rund 2500 Jahre alt ist. Es wird sp\u00e4ter im Landesmuseum in Hannover ausgestellt<\/td>\n<\/tr>\n<tr class=\"row-25\">\n\t<td class=\"column-1\">09.04.1958<\/td><td class=\"column-2\">Genehmigung des neuen Wappen von Hiddestorf. Das Wappen wurde von Alfred Brecht entworfen<\/td>\n<\/tr>\n<tr class=\"row-26\">\n\t<td class=\"column-1\">1958<\/td><td class=\"column-2\">Die Nikolai-Kirche bekommt zwei Ersatzglocken f\u00fcr die im Weltkrieg eingeschmolzenen Glocken<\/td>\n<\/tr>\n<tr class=\"row-27\">\n\t<td class=\"column-1\">1959<\/td><td class=\"column-2\">Brand des Dachstuhls in der alten Molkerei<\/td>\n<\/tr>\n<tr class=\"row-28\">\n\t<td class=\"column-1\">1961<\/td><td class=\"column-2\">Die Scheune von Stefani brennt nieder<\/td>\n<\/tr>\n<tr class=\"row-29\">\n\t<td class=\"column-1\">1962<\/td><td class=\"column-2\">Hochwasser in Hiddestorf - Die Kreuzung steht unter Wasser<\/td>\n<\/tr>\n<tr class=\"row-30\">\n\t<td class=\"column-1\">1966<\/td><td class=\"column-2\">Stallbrand bei Schr\u00f6der (B\u00fcrgerholz)<\/td>\n<\/tr>\n<tr class=\"row-31\">\n\t<td class=\"column-1\">13.02.1972<\/td><td class=\"column-2\">Einweihung des Gemeindezentrums<\/td>\n<\/tr>\n<tr class=\"row-32\">\n\t<td class=\"column-1\">1973<\/td><td class=\"column-2\">Das erste Osterfeuer wird auf dem Feld von H.Ahrendt entz\u00fcndet<\/td>\n<\/tr>\n<tr class=\"row-33\">\n\t<td class=\"column-1\">01.07.1973<\/td><td class=\"column-2\">Gr\u00fcndung der Jungendfeuerwehr<\/td>\n<\/tr>\n<tr class=\"row-34\">\n\t<td class=\"column-1\">1974<\/td><td class=\"column-2\">Gebietsreform. Hiddestorf wird Teil der Gemeinde Hemmnigen-Westerfeld<\/td>\n<\/tr>\n<tr class=\"row-35\">\n\t<td class=\"column-1\">1974<\/td><td class=\"column-2\">Renovierung der Nikolai-Kirche<\/td>\n<\/tr>\n<tr class=\"row-36\">\n\t<td class=\"column-1\">22.09.1974<\/td><td class=\"column-2\">Einweihung der renovierten Nikolai-Kirche<\/td>\n<\/tr>\n<tr class=\"row-37\">\n\t<td class=\"column-1\">03.12.1978<\/td><td class=\"column-2\">Einweihung der neuen Orgel<\/td>\n<\/tr>\n<tr class=\"row-38\">\n\t<td class=\"column-1\">1980<\/td><td class=\"column-2\">1000-Jahr-Feier<\/td>\n<\/tr>\n<tr class=\"row-39\">\n\t<td class=\"column-1\">1995<\/td><td class=\"column-2\">Er\u00f6ffnung der neuen Grundschule und Gr\u00fcndung des Tanz Sport Club<\/td>\n<\/tr>\n<tr class=\"row-40\">\n\t<td class=\"column-1\">Sep 07<\/td><td class=\"column-2\">An der Stelle, an der ehemalige Asylbaracken gestanden haben, entsteht ein Schulgarten, der als offenes Klassenzimmer f\u00fcr die Grundsch\u00fcler dienen soll<\/td>\n<\/tr>\n<tr class=\"row-41\">\n\t<td class=\"column-1\"><\/td><td class=\"column-2\"><\/td>\n<\/tr>\n<tr class=\"row-42\">\n\t<td class=\"column-1\">2008<\/td><td class=\"column-2\">Bei der Erschlie\u00dfung des Neubaugebiets am Wiesenweg werden Reste einer 2000 Jahren alten Germanen-Siedlung gefunden<\/td>\n<\/tr>\n<tr class=\"row-43\">\n\t<td class=\"column-1\">Mai 12<\/td><td class=\"column-2\">Die zweite Stufe der Erschlie\u00dfung des Neubaugebiets am Wiesenweg legt\u00a0 weitere Funde der Germanen-Siedlung frei. Hiddestorf ist mindestens 2000 Jahre alt.<\/td>\n<\/tr>\n<tr class=\"row-44\">\n\t<td class=\"column-1\">2012<\/td><td class=\"column-2\">Das Pfarrhaus wird an Familie F\u00f6sten verkauft<\/td>\n<\/tr>\n<tr class=\"row-45\">\n\t<td class=\"column-1\">2013<\/td><td class=\"column-2\">Sanierung und Umbau des Gemeindezentrums<\/td>\n<\/tr>\n<tr class=\"row-46\">\n\t<td class=\"column-1\">13.04.2014<\/td><td class=\"column-2\">Einweihung des sanierten Gemeindezentrums<\/td>\n<\/tr>\n<tr class=\"row-47\">\n\t<td class=\"column-1\">2019<\/td><td class=\"column-2\">Renovieurng der Kirche - Einbau einer neuen Heizung und ein neuer Anstrich<\/td>\n<\/tr>\n<tr class=\"row-48\">\n\t<td class=\"column-1\">2020<\/td><td class=\"column-2\">Beginn der Sanierung und Erweiterung der Mehrzweckhalle<\/td>\n<\/tr>\n<tr class=\"row-49\">\n\t<td class=\"column-1\">31.05.2024<\/td><td class=\"column-2\">Aktuelle Einwohnerzahlen: Hiddestorf 1698, Ohlendorf 216<\/td>\n<\/tr>\n<\/tbody>\n<\/table>\n<!-- #tablepress-1 from cache --><\/div>\n\t\t\t<\/div>\n\t\t\t<\/div>\n\t\t\t\t\n\t\t\t\t\n\t\t\t\t\n\t\t\t\t\n\t\t\t<\/div>\n\t\t\t\t\n\t\t\t\t\n\t\t\t<\/div><\/p>\n","protected":false},"excerpt":{"rendered":"","protected":false},"author":1,"featured_media":0,"parent":0,"menu_order":0,"comment_status":"closed","ping_status":"closed","template":"","meta":{"_et_pb_use_builder":"on","_et_pb_old_content":"","_et_gb_content_width":"","footnotes":""},"class_list":["post-2699","page","type-page","status-publish","hentry"],"yoast_head":"<!-- This site is optimized with the Yoast SEO plugin v27.4 - https:\/\/yoast.com\/product\/yoast-seo-wordpress\/ -->\n<title>Chronik - Hiddestorf<\/title>\n<meta name=\"robots\" content=\"index, follow, max-snippet:-1, max-image-preview:large, max-video-preview:-1\" \/>\n<link rel=\"canonical\" href=\"https:\/\/www.hiddestorf.com\/staging\/?page_id=2699\" \/>\n<meta property=\"og:locale\" content=\"de_DE\" \/>\n<meta property=\"og:type\" content=\"article\" \/>\n<meta property=\"og:title\" content=\"Chronik - Hiddestorf\" \/>\n<meta property=\"og:url\" content=\"https:\/\/www.hiddestorf.com\/staging\/?page_id=2699\" \/>\n<meta property=\"og:site_name\" content=\"Hiddestorf\" \/>\n<meta property=\"article:modified_time\" content=\"2020-11-10T10:46:10+00:00\" \/>\n<meta name=\"twitter:card\" content=\"summary_large_image\" \/>\n<meta name=\"twitter:label1\" content=\"Gesch\u00e4tzte Lesezeit\" \/>\n\t<meta name=\"twitter:data1\" content=\"1\u00a0Minute\" \/>\n<script type=\"application\/ld+json\" class=\"yoast-schema-graph\">{\"@context\":\"https:\\\/\\\/schema.org\",\"@graph\":[{\"@type\":\"WebPage\",\"@id\":\"https:\\\/\\\/www.hiddestorf.com\\\/staging\\\/?page_id=2699\",\"url\":\"https:\\\/\\\/www.hiddestorf.com\\\/staging\\\/?page_id=2699\",\"name\":\"Chronik - Hiddestorf\",\"isPartOf\":{\"@id\":\"https:\\\/\\\/www.hiddestorf.com\\\/staging\\\/#website\"},\"datePublished\":\"2020-05-01T19:58:57+00:00\",\"dateModified\":\"2020-11-10T10:46:10+00:00\",\"breadcrumb\":{\"@id\":\"https:\\\/\\\/www.hiddestorf.com\\\/staging\\\/?page_id=2699#breadcrumb\"},\"inLanguage\":\"de\",\"potentialAction\":[{\"@type\":\"ReadAction\",\"target\":[\"https:\\\/\\\/www.hiddestorf.com\\\/staging\\\/?page_id=2699\"]}]},{\"@type\":\"BreadcrumbList\",\"@id\":\"https:\\\/\\\/www.hiddestorf.com\\\/staging\\\/?page_id=2699#breadcrumb\",\"itemListElement\":[{\"@type\":\"ListItem\",\"position\":1,\"name\":\"Startseite\",\"item\":\"https:\\\/\\\/www.hiddestorf.com\\\/staging\\\/\"},{\"@type\":\"ListItem\",\"position\":2,\"name\":\"Chronik\"}]},{\"@type\":\"WebSite\",\"@id\":\"https:\\\/\\\/www.hiddestorf.com\\\/staging\\\/#website\",\"url\":\"https:\\\/\\\/www.hiddestorf.com\\\/staging\\\/\",\"name\":\"Hiddestorf\",\"description\":\"Ein Dorf im Wandel der Zeit\",\"publisher\":{\"@id\":\"https:\\\/\\\/www.hiddestorf.com\\\/staging\\\/#organization\"},\"potentialAction\":[{\"@type\":\"SearchAction\",\"target\":{\"@type\":\"EntryPoint\",\"urlTemplate\":\"https:\\\/\\\/www.hiddestorf.com\\\/staging\\\/?s={search_term_string}\"},\"query-input\":{\"@type\":\"PropertyValueSpecification\",\"valueRequired\":true,\"valueName\":\"search_term_string\"}}],\"inLanguage\":\"de\"},{\"@type\":\"Organization\",\"@id\":\"https:\\\/\\\/www.hiddestorf.com\\\/staging\\\/#organization\",\"name\":\"Hiddestorf\",\"url\":\"https:\\\/\\\/www.hiddestorf.com\\\/staging\\\/\",\"logo\":{\"@type\":\"ImageObject\",\"inLanguage\":\"de\",\"@id\":\"https:\\\/\\\/www.hiddestorf.com\\\/staging\\\/#\\\/schema\\\/logo\\\/image\\\/\",\"url\":\"https:\\\/\\\/www.hiddestorf.com\\\/staging\\\/wp-content\\\/uploads\\\/2019\\\/08\\\/Wappen-Hiddestorf-neu-200.jpg\",\"contentUrl\":\"https:\\\/\\\/www.hiddestorf.com\\\/staging\\\/wp-content\\\/uploads\\\/2019\\\/08\\\/Wappen-Hiddestorf-neu-200.jpg\",\"width\":200,\"height\":246,\"caption\":\"Hiddestorf\"},\"image\":{\"@id\":\"https:\\\/\\\/www.hiddestorf.com\\\/staging\\\/#\\\/schema\\\/logo\\\/image\\\/\"}}]}<\/script>\n<!-- \/ Yoast SEO plugin. -->","yoast_head_json":{"title":"Chronik - Hiddestorf","robots":{"index":"index","follow":"follow","max-snippet":"max-snippet:-1","max-image-preview":"max-image-preview:large","max-video-preview":"max-video-preview:-1"},"canonical":"https:\/\/www.hiddestorf.com\/staging\/?page_id=2699","og_locale":"de_DE","og_type":"article","og_title":"Chronik - Hiddestorf","og_url":"https:\/\/www.hiddestorf.com\/staging\/?page_id=2699","og_site_name":"Hiddestorf","article_modified_time":"2020-11-10T10:46:10+00:00","twitter_card":"summary_large_image","twitter_misc":{"Gesch\u00e4tzte Lesezeit":"1\u00a0Minute"},"schema":{"@context":"https:\/\/schema.org","@graph":[{"@type":"WebPage","@id":"https:\/\/www.hiddestorf.com\/staging\/?page_id=2699","url":"https:\/\/www.hiddestorf.com\/staging\/?page_id=2699","name":"Chronik - Hiddestorf","isPartOf":{"@id":"https:\/\/www.hiddestorf.com\/staging\/#website"},"datePublished":"2020-05-01T19:58:57+00:00","dateModified":"2020-11-10T10:46:10+00:00","breadcrumb":{"@id":"https:\/\/www.hiddestorf.com\/staging\/?page_id=2699#breadcrumb"},"inLanguage":"de","potentialAction":[{"@type":"ReadAction","target":["https:\/\/www.hiddestorf.com\/staging\/?page_id=2699"]}]},{"@type":"BreadcrumbList","@id":"https:\/\/www.hiddestorf.com\/staging\/?page_id=2699#breadcrumb","itemListElement":[{"@type":"ListItem","position":1,"name":"Startseite","item":"https:\/\/www.hiddestorf.com\/staging\/"},{"@type":"ListItem","position":2,"name":"Chronik"}]},{"@type":"WebSite","@id":"https:\/\/www.hiddestorf.com\/staging\/#website","url":"https:\/\/www.hiddestorf.com\/staging\/","name":"Hiddestorf","description":"Ein Dorf im Wandel der Zeit","publisher":{"@id":"https:\/\/www.hiddestorf.com\/staging\/#organization"},"potentialAction":[{"@type":"SearchAction","target":{"@type":"EntryPoint","urlTemplate":"https:\/\/www.hiddestorf.com\/staging\/?s={search_term_string}"},"query-input":{"@type":"PropertyValueSpecification","valueRequired":true,"valueName":"search_term_string"}}],"inLanguage":"de"},{"@type":"Organization","@id":"https:\/\/www.hiddestorf.com\/staging\/#organization","name":"Hiddestorf","url":"https:\/\/www.hiddestorf.com\/staging\/","logo":{"@type":"ImageObject","inLanguage":"de","@id":"https:\/\/www.hiddestorf.com\/staging\/#\/schema\/logo\/image\/","url":"https:\/\/www.hiddestorf.com\/staging\/wp-content\/uploads\/2019\/08\/Wappen-Hiddestorf-neu-200.jpg","contentUrl":"https:\/\/www.hiddestorf.com\/staging\/wp-content\/uploads\/2019\/08\/Wappen-Hiddestorf-neu-200.jpg","width":200,"height":246,"caption":"Hiddestorf"},"image":{"@id":"https:\/\/www.hiddestorf.com\/staging\/#\/schema\/logo\/image\/"}}]}},"_links":{"self":[{"href":"https:\/\/www.hiddestorf.com\/staging\/index.php?rest_route=\/wp\/v2\/pages\/2699","targetHints":{"allow":["GET"]}}],"collection":[{"href":"https:\/\/www.hiddestorf.com\/staging\/index.php?rest_route=\/wp\/v2\/pages"}],"about":[{"href":"https:\/\/www.hiddestorf.com\/staging\/index.php?rest_route=\/wp\/v2\/types\/page"}],"author":[{"embeddable":true,"href":"https:\/\/www.hiddestorf.com\/staging\/index.php?rest_route=\/wp\/v2\/users\/1"}],"replies":[{"embeddable":true,"href":"https:\/\/www.hiddestorf.com\/staging\/index.php?rest_route=%2Fwp%2Fv2%2Fcomments&post=2699"}],"version-history":[{"count":5,"href":"https:\/\/www.hiddestorf.com\/staging\/index.php?rest_route=\/wp\/v2\/pages\/2699\/revisions"}],"predecessor-version":[{"id":3651,"href":"https:\/\/www.hiddestorf.com\/staging\/index.php?rest_route=\/wp\/v2\/pages\/2699\/revisions\/3651"}],"wp:attachment":[{"href":"https:\/\/www.hiddestorf.com\/staging\/index.php?rest_route=%2Fwp%2Fv2%2Fmedia&parent=2699"}],"curies":[{"name":"wp","href":"https:\/\/api.w.org\/{rel}","templated":true}]}}