{"id":2315,"date":"2020-04-28T16:41:50","date_gmt":"2020-04-28T14:41:50","guid":{"rendered":"https:\/\/www.hiddestorf.com\/staging\/?page_id=2315"},"modified":"2026-02-28T18:10:42","modified_gmt":"2026-02-28T17:10:42","slug":"ihmer-strasse","status":"publish","type":"page","link":"https:\/\/www.hiddestorf.com\/staging\/?page_id=2315","title":{"rendered":"Ihmer Stra\u00dfe"},"content":{"rendered":"<p><div class=\"et_d4_element et_pb_section et_pb_section_0 et_pb_with_background  et_pb_css_mix_blend_mode et_section_regular section_has_divider et_pb_bottom_divider et_block_section\" >\n\t\t\t\t\n\t\t\t\t\n\t\t\t\t\n\t\t\t\t\n\t\t\t\t\n\t\t\t\t\n\t\t\t\t<div class=\"et_pb_with_border et_d4_element et_pb_row et_pb_row_0  et_pb_css_mix_blend_mode et_block_row\">\n\t\t\t\t<div class=\"et_d4_element et_pb_column_4_4 et_pb_column et_pb_column_0  et_pb_css_mix_blend_mode et-last-child et_block_column\">\n\t\t\t\t\n\t\t\t\t\n\t\t\t\t\n\t\t\t\t\n\t\t\t\t<div class=\"et_pb_module et_d4_element et_pb_text et_pb_text_0 et_animated  et_pb_text_align_center et_pb_bg_layout_dark\">\n\t\t\t\t\n\t\t\t\t\n\t\t\t\t\n\t\t\t\t\n\t\t\t\t<div class=\"et_pb_text_inner\"><h3>Ihmer Stra\u00dfe<\/h3><\/div>\n\t\t\t<\/div>\n\t\t\t<\/div>\n\t\t\t\t\n\t\t\t\t\n\t\t\t\t\n\t\t\t\t\n\t\t\t<\/div>\n\t\t\t\t\n\t\t\t\t<div class=\"et_pb_bottom_inside_divider et-no-transition\"><\/div>\n\t\t\t<\/div><div class=\"et_d4_element et_pb_section et_pb_section_1 et_pb_with_background  et_pb_css_mix_blend_mode et_section_regular et_block_section\" >\n\t\t\t\t\n\t\t\t\t\n\t\t\t\t\n\t\t\t\t\n\t\t\t\t\n\t\t\t\t\n\t\t\t\t<div class=\"et_pb_with_border et_d4_element et_pb_row et_pb_row_1  et_pb_css_mix_blend_mode et_block_row\">\n\t\t\t\t<div class=\"et_d4_element et_pb_column_4_4 et_pb_column et_pb_column_1  et_pb_css_mix_blend_mode et-last-child et_block_column\">\n\t\t\t\t\n\t\t\t\t\n\t\t\t\t\n\t\t\t\t\n\t\t\t\t<div class=\"et_pb_module et_d4_element et_pb_text et_pb_text_1  et_pb_text_align_left et_pb_bg_layout_light\">\n\t\t\t\t\n\t\t\t\t\n\t\t\t\t\n\t\t\t\t\n\t\t\t\t<div class=\"et_pb_text_inner\"><h3>Die Ihmer Stra\u00dfe<\/h3><\/div>\n\t\t\t<\/div>\n\t\t\t<\/div>\n\t\t\t\t\n\t\t\t\t\n\t\t\t\t\n\t\t\t\t\n\t\t\t<\/div><div class=\"et_pb_with_border et_d4_element et_pb_row et_pb_row_2  et_pb_css_mix_blend_mode et_block_row\">\n\t\t\t\t<div class=\"et_d4_element et_pb_column_4_4 et_pb_column et_pb_column_2  et_pb_css_mix_blend_mode et-last-child et_block_column\">\n\t\t\t\t\n\t\t\t\t\n\t\t\t\t\n\t\t\t\t\n\t\t\t\t<div class=\"et_pb_module et_d4_element et_pb_gallery et_pb_gallery_0  et_pb_bg_layout_light et_pb_gallery_grid\">\n\t\t\t\t<div class=\"et_pb_gallery_items et_pb_grid_items et_post_gallery clearfix\" data-per_page=\"24\"><div class=\"et_pb_gallery_item et_pb_grid_item et_pb_bg_layout_light et_pb_css_mix_blend_mode et_pb_gallery_item_0_0\"><div class=\"et_pb_gallery_image landscape\">\n\t\t\t\t\t<a href=\"https:\/\/www.hiddestorf.com\/staging\/wp-content\/uploads\/2020\/05\/Hiddestorf-1982-050.jpg\" title=\"Ihmer Stra\u00dfe 1982\">\n\t\t\t\t\t<img loading=\"lazy\" decoding=\"async\" width=\"400\" height=\"284\" src=\"https:\/\/www.hiddestorf.com\/staging\/wp-content\/uploads\/2020\/05\/Hiddestorf-1982-050-400x284.jpg\" srcset=\"https:\/\/www.hiddestorf.com\/staging\/wp-content\/uploads\/2020\/05\/Hiddestorf-1982-050.jpg 479w, https:\/\/www.hiddestorf.com\/staging\/wp-content\/uploads\/2020\/05\/Hiddestorf-1982-050-400x284.jpg 480w\" sizes=\"(max-width:479px) 479px, 100vw\" class=\"wp-image-2605\" \/>\n\t\t\t\t\t<span class=\"et_overlay\"><\/span>\n\t\t\t\t<\/a>\n\t\t\t\t<\/div><h3 class=\"et_pb_gallery_title\">Ihmer Stra\u00dfe 1982<\/h3><p class=\"et_pb_gallery_caption\">Die Volksbank<\/p><\/div><div class=\"et_pb_gallery_item et_pb_grid_item et_pb_bg_layout_light et_pb_css_mix_blend_mode et_pb_gallery_item_0_1\"><div class=\"et_pb_gallery_image landscape\">\n\t\t\t\t\t<a href=\"https:\/\/www.hiddestorf.com\/staging\/wp-content\/uploads\/2020\/04\/Hiddestorf-Schule-13_04_2009-Bild_5.jpg\" title=\"Ihmer Stra\u00dfe 2009\">\n\t\t\t\t\t<img loading=\"lazy\" decoding=\"async\" width=\"400\" height=\"284\" src=\"https:\/\/www.hiddestorf.com\/staging\/wp-content\/uploads\/2020\/04\/Hiddestorf-Schule-13_04_2009-Bild_5-400x284.jpg\" srcset=\"https:\/\/www.hiddestorf.com\/staging\/wp-content\/uploads\/2020\/04\/Hiddestorf-Schule-13_04_2009-Bild_5.jpg 479w, https:\/\/www.hiddestorf.com\/staging\/wp-content\/uploads\/2020\/04\/Hiddestorf-Schule-13_04_2009-Bild_5-400x284.jpg 480w\" sizes=\"(max-width:479px) 479px, 100vw\" class=\"wp-image-2324\" \/>\n\t\t\t\t\t<span class=\"et_overlay\"><\/span>\n\t\t\t\t<\/a>\n\t\t\t\t<\/div><h3 class=\"et_pb_gallery_title\">Ihmer Stra\u00dfe 2009<\/h3><p class=\"et_pb_gallery_caption\">Die Volksbank<\/p><\/div><div class=\"et_pb_gallery_item et_pb_grid_item et_pb_bg_layout_light et_pb_css_mix_blend_mode et_pb_gallery_item_0_2\"><div class=\"et_pb_gallery_image landscape\">\n\t\t\t\t\t<a href=\"https:\/\/www.hiddestorf.com\/staging\/wp-content\/uploads\/2020\/04\/IMG_0132.jpg\" title=\"Ihmer Stra\u00dfe 2009\">\n\t\t\t\t\t<img loading=\"lazy\" decoding=\"async\" width=\"400\" height=\"284\" src=\"https:\/\/www.hiddestorf.com\/staging\/wp-content\/uploads\/2020\/04\/IMG_0132-400x284.jpg\" srcset=\"https:\/\/www.hiddestorf.com\/staging\/wp-content\/uploads\/2020\/04\/IMG_0132.jpg 479w, https:\/\/www.hiddestorf.com\/staging\/wp-content\/uploads\/2020\/04\/IMG_0132-400x284.jpg 480w\" sizes=\"(max-width:479px) 479px, 100vw\" class=\"wp-image-2327\" \/>\n\t\t\t\t\t<span class=\"et_overlay\"><\/span>\n\t\t\t\t<\/a>\n\t\t\t\t<\/div><h3 class=\"et_pb_gallery_title\">Ihmer Stra\u00dfe 2009<\/h3><p class=\"et_pb_gallery_caption\">Links die Bushaltestelle<\/p><\/div><div class=\"et_pb_gallery_item et_pb_grid_item et_pb_bg_layout_light et_pb_css_mix_blend_mode et_pb_gallery_item_0_3\"><div class=\"et_pb_gallery_image landscape\">\n\t\t\t\t\t<a href=\"https:\/\/www.hiddestorf.com\/staging\/wp-content\/uploads\/2021\/01\/Ihmer-Strasse-31_01_2021-IMG_0331.jpg\" title=\"Ihmer Stra\u00dfe 2021\">\n\t\t\t\t\t<img loading=\"lazy\" decoding=\"async\" width=\"400\" height=\"284\" src=\"https:\/\/www.hiddestorf.com\/staging\/wp-content\/uploads\/2021\/01\/Ihmer-Strasse-31_01_2021-IMG_0331-400x284.jpg\" srcset=\"https:\/\/www.hiddestorf.com\/staging\/wp-content\/uploads\/2021\/01\/Ihmer-Strasse-31_01_2021-IMG_0331.jpg 479w, https:\/\/www.hiddestorf.com\/staging\/wp-content\/uploads\/2021\/01\/Ihmer-Strasse-31_01_2021-IMG_0331-400x284.jpg 480w\" sizes=\"(max-width:479px) 479px, 100vw\" class=\"wp-image-3824\" \/>\n\t\t\t\t\t<span class=\"et_overlay\"><\/span>\n\t\t\t\t<\/a>\n\t\t\t\t<\/div><h3 class=\"et_pb_gallery_title\">Ihmer Stra\u00dfe 2021<\/h3><p class=\"et_pb_gallery_caption\">Im Winter<\/p><\/div><div class=\"et_pb_gallery_item et_pb_grid_item et_pb_bg_layout_light et_pb_css_mix_blend_mode et_pb_gallery_item_0_4\"><div class=\"et_pb_gallery_image landscape\">\n\t\t\t\t\t<a href=\"https:\/\/www.hiddestorf.com\/staging\/wp-content\/uploads\/2021\/01\/Hartwig-IMG_0328.jpg\" title=\"Ihmer Stra\u00dfe 2021\">\n\t\t\t\t\t<img loading=\"lazy\" decoding=\"async\" width=\"400\" height=\"284\" src=\"https:\/\/www.hiddestorf.com\/staging\/wp-content\/uploads\/2021\/01\/Hartwig-IMG_0328-400x284.jpg\" srcset=\"https:\/\/www.hiddestorf.com\/staging\/wp-content\/uploads\/2021\/01\/Hartwig-IMG_0328.jpg 479w, https:\/\/www.hiddestorf.com\/staging\/wp-content\/uploads\/2021\/01\/Hartwig-IMG_0328-400x284.jpg 480w\" sizes=\"(max-width:479px) 479px, 100vw\" class=\"wp-image-3794\" \/>\n\t\t\t\t\t<span class=\"et_overlay\"><\/span>\n\t\t\t\t<\/a>\n\t\t\t\t<\/div><h3 class=\"et_pb_gallery_title\">Ihmer Stra\u00dfe 2021<\/h3><p class=\"et_pb_gallery_caption\">Hof der Familie Hartwig<\/p><\/div><div class=\"et_pb_gallery_item et_pb_grid_item et_pb_bg_layout_light et_pb_css_mix_blend_mode et_pb_gallery_item_0_5\"><div class=\"et_pb_gallery_image landscape\">\n\t\t\t\t\t<a href=\"https:\/\/www.hiddestorf.com\/staging\/wp-content\/uploads\/2020\/04\/Hiddestorf-10_05_2009-Bild_25.jpg\" title=\"Ihmer Stra\u00dfe 2009\">\n\t\t\t\t\t<img loading=\"lazy\" decoding=\"async\" width=\"400\" height=\"284\" src=\"https:\/\/www.hiddestorf.com\/staging\/wp-content\/uploads\/2020\/04\/Hiddestorf-10_05_2009-Bild_25-400x284.jpg\" srcset=\"https:\/\/www.hiddestorf.com\/staging\/wp-content\/uploads\/2020\/04\/Hiddestorf-10_05_2009-Bild_25.jpg 479w, https:\/\/www.hiddestorf.com\/staging\/wp-content\/uploads\/2020\/04\/Hiddestorf-10_05_2009-Bild_25-400x284.jpg 480w\" sizes=\"(max-width:479px) 479px, 100vw\" class=\"wp-image-2323\" \/>\n\t\t\t\t\t<span class=\"et_overlay\"><\/span>\n\t\t\t\t<\/a>\n\t\t\t\t<\/div><h3 class=\"et_pb_gallery_title\">Ihmer Stra\u00dfe 2009<\/h3><p class=\"et_pb_gallery_caption\">Blick in Richtung Kreuzung<\/p><\/div><div class=\"et_pb_gallery_item et_pb_grid_item et_pb_bg_layout_light et_pb_css_mix_blend_mode et_pb_gallery_item_0_6\"><div class=\"et_pb_gallery_image landscape\">\n\t\t\t\t\t<a href=\"https:\/\/www.hiddestorf.com\/staging\/wp-content\/uploads\/2020\/04\/Hiddestorf-10_05_2009-Bild_24.jpg\" title=\"Ihmer Stra\u00dfe  2009\">\n\t\t\t\t\t<img loading=\"lazy\" decoding=\"async\" width=\"400\" height=\"284\" src=\"https:\/\/www.hiddestorf.com\/staging\/wp-content\/uploads\/2020\/04\/Hiddestorf-10_05_2009-Bild_24-400x284.jpg\" srcset=\"https:\/\/www.hiddestorf.com\/staging\/wp-content\/uploads\/2020\/04\/Hiddestorf-10_05_2009-Bild_24.jpg 479w, https:\/\/www.hiddestorf.com\/staging\/wp-content\/uploads\/2020\/04\/Hiddestorf-10_05_2009-Bild_24-400x284.jpg 480w\" sizes=\"(max-width:479px) 479px, 100vw\" class=\"wp-image-2322\" \/>\n\t\t\t\t\t<span class=\"et_overlay\"><\/span>\n\t\t\t\t<\/a>\n\t\t\t\t<\/div><h3 class=\"et_pb_gallery_title\">Ihmer Stra\u00dfe  2009<\/h3><p class=\"et_pb_gallery_caption\">rechts (Carport) stand die Werkstatt von Schuster Bothe<\/p><\/div><div class=\"et_pb_gallery_item et_pb_grid_item et_pb_bg_layout_light et_pb_css_mix_blend_mode et_pb_gallery_item_0_7\"><div class=\"et_pb_gallery_image landscape\">\n\t\t\t\t\t<a href=\"https:\/\/www.hiddestorf.com\/staging\/wp-content\/uploads\/2020\/04\/Ihmer-Stra\u00dfe_b.jpg\" title=\"Ihmer Stra\u00dfe 1970\">\n\t\t\t\t\t<img loading=\"lazy\" decoding=\"async\" width=\"400\" height=\"284\" src=\"https:\/\/www.hiddestorf.com\/staging\/wp-content\/uploads\/2020\/04\/Ihmer-Stra\u00dfe_b-400x284.jpg\" srcset=\"https:\/\/www.hiddestorf.com\/staging\/wp-content\/uploads\/2020\/04\/Ihmer-Stra\u00dfe_b.jpg 479w, https:\/\/www.hiddestorf.com\/staging\/wp-content\/uploads\/2020\/04\/Ihmer-Stra\u00dfe_b-400x284.jpg 480w\" sizes=\"(max-width:479px) 479px, 100vw\" class=\"wp-image-2326\" \/>\n\t\t\t\t\t<span class=\"et_overlay\"><\/span>\n\t\t\t\t<\/a>\n\t\t\t\t<\/div><h3 class=\"et_pb_gallery_title\">Ihmer Stra\u00dfe 1970<\/h3><p class=\"et_pb_gallery_caption\">Ihmer Stra\u00dfe um 1970 &#8211; rechts im Bild sieht man den Zaum des Sportplatzes und das Haus mit dem Schneepflug<\/p><\/div><div class=\"et_pb_gallery_item et_pb_grid_item et_pb_bg_layout_light et_pb_css_mix_blend_mode et_pb_gallery_item_0_8\"><div class=\"et_pb_gallery_image landscape\">\n\t\t\t\t\t<a href=\"https:\/\/www.hiddestorf.com\/staging\/wp-content\/uploads\/2020\/04\/Ihmer-Stra\u00dfe-Sch\u00e4fer-A-Volk.jpg\" title=\"Ihmer Stra\u00dfe\">\n\t\t\t\t\t<img loading=\"lazy\" decoding=\"async\" width=\"400\" height=\"284\" src=\"https:\/\/www.hiddestorf.com\/staging\/wp-content\/uploads\/2020\/04\/Ihmer-Stra\u00dfe-Sch\u00e4fer-A-Volk-400x284.jpg\" srcset=\"https:\/\/www.hiddestorf.com\/staging\/wp-content\/uploads\/2020\/04\/Ihmer-Stra\u00dfe-Sch\u00e4fer-A-Volk.jpg 479w, https:\/\/www.hiddestorf.com\/staging\/wp-content\/uploads\/2020\/04\/Ihmer-Stra\u00dfe-Sch\u00e4fer-A-Volk-400x284.jpg 480w\" sizes=\"(max-width:479px) 479px, 100vw\" class=\"wp-image-2325\" \/>\n\t\t\t\t\t<span class=\"et_overlay\"><\/span>\n\t\t\t\t<\/a>\n\t\t\t\t<\/div><h3 class=\"et_pb_gallery_title\">Ihmer Stra\u00dfe<\/h3><p class=\"et_pb_gallery_caption\">Blick auf das Haus der Familie Sch\u00e4fer<\/p><\/div><div class=\"et_pb_gallery_item et_pb_grid_item et_pb_bg_layout_light et_pb_css_mix_blend_mode et_pb_gallery_item_0_9\"><div class=\"et_pb_gallery_image landscape\">\n\t\t\t\t\t<a href=\"https:\/\/www.hiddestorf.com\/staging\/wp-content\/uploads\/2020\/04\/Hid_0006.jpg\" title=\"Ihmer Stra\u00dfe\">\n\t\t\t\t\t<img loading=\"lazy\" decoding=\"async\" width=\"400\" height=\"284\" src=\"https:\/\/www.hiddestorf.com\/staging\/wp-content\/uploads\/2020\/04\/Hid_0006-400x284.jpg\" srcset=\"https:\/\/www.hiddestorf.com\/staging\/wp-content\/uploads\/2020\/04\/Hid_0006.jpg 479w, https:\/\/www.hiddestorf.com\/staging\/wp-content\/uploads\/2020\/04\/Hid_0006-400x284.jpg 480w\" sizes=\"(max-width:479px) 479px, 100vw\" class=\"wp-image-2321\" \/>\n\t\t\t\t\t<span class=\"et_overlay\"><\/span>\n\t\t\t\t<\/a>\n\t\t\t\t<\/div><h3 class=\"et_pb_gallery_title\">Ihmer Stra\u00dfe<\/h3><p class=\"et_pb_gallery_caption\">Artikel aus der Hannoverschen Allgemeinen Zeitung &#8211; Das \u201cArmenhaus\u201d<\/p><\/div><div class=\"et_pb_gallery_item et_pb_grid_item et_pb_bg_layout_light et_pb_css_mix_blend_mode et_pb_gallery_item_0_10\"><div class=\"et_pb_gallery_image landscape\">\n\t\t\t\t\t<a href=\"https:\/\/www.hiddestorf.com\/staging\/wp-content\/uploads\/2020\/04\/Schusterei-Bothe.jpg\" title=\"Ihmer Stra\u00dfe\">\n\t\t\t\t\t<img loading=\"lazy\" decoding=\"async\" width=\"400\" height=\"284\" src=\"https:\/\/www.hiddestorf.com\/staging\/wp-content\/uploads\/2020\/04\/Schusterei-Bothe-400x284.jpg\" srcset=\"https:\/\/www.hiddestorf.com\/staging\/wp-content\/uploads\/2020\/04\/Schusterei-Bothe.jpg 479w, https:\/\/www.hiddestorf.com\/staging\/wp-content\/uploads\/2020\/04\/Schusterei-Bothe-400x284.jpg 480w\" sizes=\"(max-width:479px) 479px, 100vw\" class=\"wp-image-2318\" \/>\n\t\t\t\t\t<span class=\"et_overlay\"><\/span>\n\t\t\t\t<\/a>\n\t\t\t\t<\/div><h3 class=\"et_pb_gallery_title\">Ihmer Stra\u00dfe<\/h3><p class=\"et_pb_gallery_caption\">Die Schusterei Bothe<\/p><\/div><div class=\"et_pb_gallery_item et_pb_grid_item et_pb_bg_layout_light et_pb_css_mix_blend_mode et_pb_gallery_item_0_11\"><div class=\"et_pb_gallery_image landscape\">\n\t\t\t\t\t<a href=\"https:\/\/www.hiddestorf.com\/staging\/wp-content\/uploads\/2020\/04\/Baxmann-Hermann-Bild-010.jpg\" title=\"Ihmer Stra\u00dfe\">\n\t\t\t\t\t<img loading=\"lazy\" decoding=\"async\" width=\"400\" height=\"284\" src=\"https:\/\/www.hiddestorf.com\/staging\/wp-content\/uploads\/2020\/04\/Baxmann-Hermann-Bild-010-400x284.jpg\" srcset=\"https:\/\/www.hiddestorf.com\/staging\/wp-content\/uploads\/2020\/04\/Baxmann-Hermann-Bild-010.jpg 479w, https:\/\/www.hiddestorf.com\/staging\/wp-content\/uploads\/2020\/04\/Baxmann-Hermann-Bild-010-400x284.jpg 480w\" sizes=\"(max-width:479px) 479px, 100vw\" class=\"wp-image-2320\" \/>\n\t\t\t\t\t<span class=\"et_overlay\"><\/span>\n\t\t\t\t<\/a>\n\t\t\t\t<\/div><h3 class=\"et_pb_gallery_title\">Ihmer Stra\u00dfe<\/h3><p class=\"et_pb_gallery_caption\">links die Werkstatt von Schuster Bothe<\/p><\/div><div class=\"et_pb_gallery_item et_pb_grid_item et_pb_bg_layout_light et_pb_css_mix_blend_mode et_pb_gallery_item_0_12\"><div class=\"et_pb_gallery_image landscape\">\n\t\t\t\t\t<a href=\"https:\/\/www.hiddestorf.com\/staging\/wp-content\/uploads\/2020\/04\/Umzug-von-1915_b-H-Lange.jpg\" title=\"Ihmer Stra\u00dfe 1915\">\n\t\t\t\t\t<img loading=\"lazy\" decoding=\"async\" width=\"400\" height=\"284\" src=\"https:\/\/www.hiddestorf.com\/staging\/wp-content\/uploads\/2020\/04\/Umzug-von-1915_b-H-Lange-400x284.jpg\" srcset=\"https:\/\/www.hiddestorf.com\/staging\/wp-content\/uploads\/2020\/04\/Umzug-von-1915_b-H-Lange.jpg 479w, https:\/\/www.hiddestorf.com\/staging\/wp-content\/uploads\/2020\/04\/Umzug-von-1915_b-H-Lange-400x284.jpg 480w\" sizes=\"(max-width:479px) 479px, 100vw\" class=\"wp-image-2319\" \/>\n\t\t\t\t\t<span class=\"et_overlay\"><\/span>\n\t\t\t\t<\/a>\n\t\t\t\t<\/div><h3 class=\"et_pb_gallery_title\">Ihmer Stra\u00dfe 1915<\/h3><p class=\"et_pb_gallery_caption\">Sch\u00fctzenumzug von 1915 \u00fcber die Kreuzung durch die Ihmer Stra\u00dfe.<\/p><\/div><\/div><div class=\"et_pb_gallery_pagination\"><\/div><\/div>\n\t\t\t<\/div>\n\t\t\t\t\n\t\t\t\t\n\t\t\t\t\n\t\t\t\t\n\t\t\t<\/div>\n\t\t\t\t\n\t\t\t\t\n\t\t\t<\/div><\/p>\n","protected":false},"excerpt":{"rendered":"","protected":false},"author":1,"featured_media":0,"parent":0,"menu_order":0,"comment_status":"closed","ping_status":"closed","template":"","meta":{"_et_pb_use_builder":"on","_et_pb_old_content":"","_et_gb_content_width":"","footnotes":""},"class_list":["post-2315","page","type-page","status-publish","hentry"],"yoast_head":"<!-- This site is optimized with the Yoast SEO plugin v27.4 - https:\/\/yoast.com\/product\/yoast-seo-wordpress\/ -->\n<title>Ihmer Stra\u00dfe - Hiddestorf<\/title>\n<meta name=\"robots\" content=\"index, follow, max-snippet:-1, max-image-preview:large, max-video-preview:-1\" \/>\n<link rel=\"canonical\" href=\"https:\/\/www.hiddestorf.com\/staging\/?page_id=2315\" \/>\n<meta property=\"og:locale\" content=\"de_DE\" \/>\n<meta property=\"og:type\" content=\"article\" \/>\n<meta property=\"og:title\" content=\"Ihmer Stra\u00dfe - Hiddestorf\" \/>\n<meta property=\"og:url\" content=\"https:\/\/www.hiddestorf.com\/staging\/?page_id=2315\" \/>\n<meta property=\"og:site_name\" content=\"Hiddestorf\" \/>\n<meta property=\"article:modified_time\" content=\"2026-02-28T17:10:42+00:00\" \/>\n<meta name=\"twitter:card\" content=\"summary_large_image\" \/>\n<meta name=\"twitter:label1\" content=\"Gesch\u00e4tzte Lesezeit\" \/>\n\t<meta name=\"twitter:data1\" content=\"2\u00a0Minuten\" \/>\n<script type=\"application\/ld+json\" class=\"yoast-schema-graph\">{\"@context\":\"https:\\\/\\\/schema.org\",\"@graph\":[{\"@type\":\"WebPage\",\"@id\":\"https:\\\/\\\/www.hiddestorf.com\\\/staging\\\/?page_id=2315\",\"url\":\"https:\\\/\\\/www.hiddestorf.com\\\/staging\\\/?page_id=2315\",\"name\":\"Ihmer Stra\u00dfe - Hiddestorf\",\"isPartOf\":{\"@id\":\"https:\\\/\\\/www.hiddestorf.com\\\/staging\\\/#website\"},\"datePublished\":\"2020-04-28T14:41:50+00:00\",\"dateModified\":\"2026-02-28T17:10:42+00:00\",\"breadcrumb\":{\"@id\":\"https:\\\/\\\/www.hiddestorf.com\\\/staging\\\/?page_id=2315#breadcrumb\"},\"inLanguage\":\"de\",\"potentialAction\":[{\"@type\":\"ReadAction\",\"target\":[\"https:\\\/\\\/www.hiddestorf.com\\\/staging\\\/?page_id=2315\"]}]},{\"@type\":\"BreadcrumbList\",\"@id\":\"https:\\\/\\\/www.hiddestorf.com\\\/staging\\\/?page_id=2315#breadcrumb\",\"itemListElement\":[{\"@type\":\"ListItem\",\"position\":1,\"name\":\"Startseite\",\"item\":\"https:\\\/\\\/www.hiddestorf.com\\\/staging\\\/\"},{\"@type\":\"ListItem\",\"position\":2,\"name\":\"Ihmer Stra\u00dfe\"}]},{\"@type\":\"WebSite\",\"@id\":\"https:\\\/\\\/www.hiddestorf.com\\\/staging\\\/#website\",\"url\":\"https:\\\/\\\/www.hiddestorf.com\\\/staging\\\/\",\"name\":\"Hiddestorf\",\"description\":\"Ein Dorf im Wandel der Zeit\",\"publisher\":{\"@id\":\"https:\\\/\\\/www.hiddestorf.com\\\/staging\\\/#organization\"},\"potentialAction\":[{\"@type\":\"SearchAction\",\"target\":{\"@type\":\"EntryPoint\",\"urlTemplate\":\"https:\\\/\\\/www.hiddestorf.com\\\/staging\\\/?s={search_term_string}\"},\"query-input\":{\"@type\":\"PropertyValueSpecification\",\"valueRequired\":true,\"valueName\":\"search_term_string\"}}],\"inLanguage\":\"de\"},{\"@type\":\"Organization\",\"@id\":\"https:\\\/\\\/www.hiddestorf.com\\\/staging\\\/#organization\",\"name\":\"Hiddestorf\",\"url\":\"https:\\\/\\\/www.hiddestorf.com\\\/staging\\\/\",\"logo\":{\"@type\":\"ImageObject\",\"inLanguage\":\"de\",\"@id\":\"https:\\\/\\\/www.hiddestorf.com\\\/staging\\\/#\\\/schema\\\/logo\\\/image\\\/\",\"url\":\"https:\\\/\\\/www.hiddestorf.com\\\/staging\\\/wp-content\\\/uploads\\\/2019\\\/08\\\/Wappen-Hiddestorf-neu-200.jpg\",\"contentUrl\":\"https:\\\/\\\/www.hiddestorf.com\\\/staging\\\/wp-content\\\/uploads\\\/2019\\\/08\\\/Wappen-Hiddestorf-neu-200.jpg\",\"width\":200,\"height\":246,\"caption\":\"Hiddestorf\"},\"image\":{\"@id\":\"https:\\\/\\\/www.hiddestorf.com\\\/staging\\\/#\\\/schema\\\/logo\\\/image\\\/\"}}]}<\/script>\n<!-- \/ Yoast SEO plugin. -->","yoast_head_json":{"title":"Ihmer Stra\u00dfe - Hiddestorf","robots":{"index":"index","follow":"follow","max-snippet":"max-snippet:-1","max-image-preview":"max-image-preview:large","max-video-preview":"max-video-preview:-1"},"canonical":"https:\/\/www.hiddestorf.com\/staging\/?page_id=2315","og_locale":"de_DE","og_type":"article","og_title":"Ihmer Stra\u00dfe - Hiddestorf","og_url":"https:\/\/www.hiddestorf.com\/staging\/?page_id=2315","og_site_name":"Hiddestorf","article_modified_time":"2026-02-28T17:10:42+00:00","twitter_card":"summary_large_image","twitter_misc":{"Gesch\u00e4tzte Lesezeit":"2\u00a0Minuten"},"schema":{"@context":"https:\/\/schema.org","@graph":[{"@type":"WebPage","@id":"https:\/\/www.hiddestorf.com\/staging\/?page_id=2315","url":"https:\/\/www.hiddestorf.com\/staging\/?page_id=2315","name":"Ihmer Stra\u00dfe - Hiddestorf","isPartOf":{"@id":"https:\/\/www.hiddestorf.com\/staging\/#website"},"datePublished":"2020-04-28T14:41:50+00:00","dateModified":"2026-02-28T17:10:42+00:00","breadcrumb":{"@id":"https:\/\/www.hiddestorf.com\/staging\/?page_id=2315#breadcrumb"},"inLanguage":"de","potentialAction":[{"@type":"ReadAction","target":["https:\/\/www.hiddestorf.com\/staging\/?page_id=2315"]}]},{"@type":"BreadcrumbList","@id":"https:\/\/www.hiddestorf.com\/staging\/?page_id=2315#breadcrumb","itemListElement":[{"@type":"ListItem","position":1,"name":"Startseite","item":"https:\/\/www.hiddestorf.com\/staging\/"},{"@type":"ListItem","position":2,"name":"Ihmer Stra\u00dfe"}]},{"@type":"WebSite","@id":"https:\/\/www.hiddestorf.com\/staging\/#website","url":"https:\/\/www.hiddestorf.com\/staging\/","name":"Hiddestorf","description":"Ein Dorf im Wandel der Zeit","publisher":{"@id":"https:\/\/www.hiddestorf.com\/staging\/#organization"},"potentialAction":[{"@type":"SearchAction","target":{"@type":"EntryPoint","urlTemplate":"https:\/\/www.hiddestorf.com\/staging\/?s={search_term_string}"},"query-input":{"@type":"PropertyValueSpecification","valueRequired":true,"valueName":"search_term_string"}}],"inLanguage":"de"},{"@type":"Organization","@id":"https:\/\/www.hiddestorf.com\/staging\/#organization","name":"Hiddestorf","url":"https:\/\/www.hiddestorf.com\/staging\/","logo":{"@type":"ImageObject","inLanguage":"de","@id":"https:\/\/www.hiddestorf.com\/staging\/#\/schema\/logo\/image\/","url":"https:\/\/www.hiddestorf.com\/staging\/wp-content\/uploads\/2019\/08\/Wappen-Hiddestorf-neu-200.jpg","contentUrl":"https:\/\/www.hiddestorf.com\/staging\/wp-content\/uploads\/2019\/08\/Wappen-Hiddestorf-neu-200.jpg","width":200,"height":246,"caption":"Hiddestorf"},"image":{"@id":"https:\/\/www.hiddestorf.com\/staging\/#\/schema\/logo\/image\/"}}]}},"_links":{"self":[{"href":"https:\/\/www.hiddestorf.com\/staging\/index.php?rest_route=\/wp\/v2\/pages\/2315","targetHints":{"allow":["GET"]}}],"collection":[{"href":"https:\/\/www.hiddestorf.com\/staging\/index.php?rest_route=\/wp\/v2\/pages"}],"about":[{"href":"https:\/\/www.hiddestorf.com\/staging\/index.php?rest_route=\/wp\/v2\/types\/page"}],"author":[{"embeddable":true,"href":"https:\/\/www.hiddestorf.com\/staging\/index.php?rest_route=\/wp\/v2\/users\/1"}],"replies":[{"embeddable":true,"href":"https:\/\/www.hiddestorf.com\/staging\/index.php?rest_route=%2Fwp%2Fv2%2Fcomments&post=2315"}],"version-history":[{"count":11,"href":"https:\/\/www.hiddestorf.com\/staging\/index.php?rest_route=\/wp\/v2\/pages\/2315\/revisions"}],"predecessor-version":[{"id":4650,"href":"https:\/\/www.hiddestorf.com\/staging\/index.php?rest_route=\/wp\/v2\/pages\/2315\/revisions\/4650"}],"wp:attachment":[{"href":"https:\/\/www.hiddestorf.com\/staging\/index.php?rest_route=%2Fwp%2Fv2%2Fmedia&parent=2315"}],"curies":[{"name":"wp","href":"https:\/\/api.w.org\/{rel}","templated":true}]}}