{"id":1555,"date":"2020-04-10T22:41:41","date_gmt":"2020-04-10T20:41:41","guid":{"rendered":"https:\/\/www.hiddestorf.com\/staging\/?page_id=1555"},"modified":"2026-04-16T18:41:01","modified_gmt":"2026-04-16T16:41:01","slug":"konfirmationen-vor-1960","status":"publish","type":"page","link":"https:\/\/www.hiddestorf.com\/staging\/?page_id=1555","title":{"rendered":"Konfirmationen vor 1969"},"content":{"rendered":"<p><div class=\"et_d4_element et_pb_section et_pb_section_0 et_pb_with_background  et_pb_css_mix_blend_mode et_section_regular section_has_divider et_pb_bottom_divider et_block_section\" >\n\t\t\t\t\n\t\t\t\t\n\t\t\t\t\n\t\t\t\t\n\t\t\t\t\n\t\t\t\t\n\t\t\t\t<div class=\"et_pb_with_border et_d4_element et_pb_row et_pb_row_0  et_pb_css_mix_blend_mode et_block_row\">\n\t\t\t\t<div class=\"et_d4_element et_pb_column_4_4 et_pb_column et_pb_column_0  et_pb_css_mix_blend_mode et-last-child et_block_column\">\n\t\t\t\t\n\t\t\t\t\n\t\t\t\t\n\t\t\t\t\n\t\t\t\t<div class=\"et_pb_module et_d4_element et_pb_text et_pb_text_0 et_animated  et_pb_text_align_center et_pb_bg_layout_dark\">\n\t\t\t\t\n\t\t\t\t\n\t\t\t\t\n\t\t\t\t\n\t\t\t\t<div class=\"et_pb_text_inner\"><h3>Konfirmationen<\/h3><\/div>\n\t\t\t<\/div>\n\t\t\t<\/div>\n\t\t\t\t\n\t\t\t\t\n\t\t\t\t\n\t\t\t\t\n\t\t\t<\/div>\n\t\t\t\t\n\t\t\t\t<div class=\"et_pb_bottom_inside_divider et-no-transition\"><\/div>\n\t\t\t<\/div><div class=\"et_d4_element et_pb_section et_pb_section_1 et_pb_with_background  et_pb_css_mix_blend_mode et_section_regular et_block_section\" >\n\t\t\t\t\n\t\t\t\t\n\t\t\t\t\n\t\t\t\t\n\t\t\t\t\n\t\t\t\t\n\t\t\t\t<div class=\"et_pb_with_border et_d4_element et_pb_row et_pb_row_1  et_pb_css_mix_blend_mode et_block_row\">\n\t\t\t\t<div class=\"et_d4_element et_pb_column_4_4 et_pb_column et_pb_column_1  et_pb_css_mix_blend_mode et-last-child et_block_column\">\n\t\t\t\t\n\t\t\t\t\n\t\t\t\t\n\t\t\t\t\n\t\t\t\t<div class=\"et_pb_module et_d4_element et_pb_text et_pb_text_1  et_pb_text_align_left et_pb_bg_layout_light\">\n\t\t\t\t\n\t\t\t\t\n\t\t\t\t\n\t\t\t\t\n\t\t\t\t<div class=\"et_pb_text_inner\"><h3>Konfirmationen vor 1969<\/h3><\/div>\n\t\t\t<\/div>\n\t\t\t<\/div>\n\t\t\t\t\n\t\t\t\t\n\t\t\t\t\n\t\t\t\t\n\t\t\t<\/div>\n\t\t\t\t\n\t\t\t\t\n\t\t\t<\/div><div class=\"et_d4_element et_pb_section et_pb_section_2 et_pb_with_background  et_pb_css_mix_blend_mode et_section_regular et_block_section\" >\n\t\t\t\t\n\t\t\t\t\n\t\t\t\t\n\t\t\t\t\n\t\t\t\t\n\t\t\t\t\n\t\t\t\t<div class=\"et_pb_with_border et_d4_element et_pb_row et_pb_row_2  et_pb_css_mix_blend_mode et_block_row\">\n\t\t\t\t<div class=\"et_d4_element et_pb_column_4_4 et_pb_column et_pb_column_2  et_pb_css_mix_blend_mode et-last-child et_block_column et_pb_column_empty\">\n\t\t\t\t\n\t\t\t\t\n\t\t\t\t\n\t\t\t\t\n\t\t\t\t\n\t\t\t<\/div>\n\t\t\t\t\n\t\t\t\t\n\t\t\t\t\n\t\t\t\t\n\t\t\t<\/div><div class=\"et_pb_with_border et_d4_element et_pb_row et_pb_row_3  et_pb_css_mix_blend_mode et_block_row\">\n\t\t\t\t<div class=\"et_d4_element et_pb_column_4_4 et_pb_column et_pb_column_3  et_pb_css_mix_blend_mode et-last-child et_block_column\">\n\t\t\t\t\n\t\t\t\t\n\t\t\t\t\n\t\t\t\t\n\t\t\t\t<div class=\"et_pb_module et_d4_element et_pb_image et_pb_image_0\">\n\t\t\t\t\n\t\t\t\t\n\t\t\t\t\n\t\t\t\t\n\t\t\t\t<span class=\"et_pb_image_wrap \"><img loading=\"lazy\" decoding=\"async\" width=\"1524\" height=\"1031\" src=\"https:\/\/www.hiddestorf.com\/staging\/wp-content\/uploads\/2020\/04\/Konfirmation-10-April-1949-1.jpg\" alt=\"\" title=\"Konfirmation\" srcset=\"https:\/\/www.hiddestorf.com\/staging\/wp-content\/uploads\/2020\/04\/Konfirmation-10-April-1949-1.jpg 1524w, https:\/\/www.hiddestorf.com\/staging\/wp-content\/uploads\/2020\/04\/Konfirmation-10-April-1949-1-1280x866.jpg 1280w, https:\/\/www.hiddestorf.com\/staging\/wp-content\/uploads\/2020\/04\/Konfirmation-10-April-1949-1-980x663.jpg 980w, https:\/\/www.hiddestorf.com\/staging\/wp-content\/uploads\/2020\/04\/Konfirmation-10-April-1949-1-480x325.jpg 480w\" sizes=\"(min-width: 0px) and (max-width: 480px) 480px, (min-width: 481px) and (max-width: 980px) 980px, (min-width: 981px) and (max-width: 1280px) 1280px, (min-width: 1281px) 1524px, 100vw\" class=\"wp-image-2353\" \/><\/span>\n\t\t\t<\/div><div class=\"et_pb_module et_d4_element et_pb_text et_pb_text_2  et_pb_text_align_left et_pb_bg_layout_light\">\n\t\t\t\t\n\t\t\t\t\n\t\t\t\t\n\t\t\t\t\n\t\t\t\t<div class=\"et_pb_text_inner\"><p><strong>Konfirmation<\/strong> 10. April 1949<\/p>\n<p>Pastor Berg<\/p><\/div>\n\t\t\t<\/div>\n\t\t\t<\/div>\n\t\t\t\t\n\t\t\t\t\n\t\t\t\t\n\t\t\t\t\n\t\t\t<\/div><div class=\"et_pb_with_border et_d4_element et_pb_row et_pb_row_4  et_pb_css_mix_blend_mode et_block_row\">\n\t\t\t\t<div class=\"et_d4_element et_pb_column_4_4 et_pb_column et_pb_column_4  et_pb_css_mix_blend_mode et-last-child et_block_column\">\n\t\t\t\t\n\t\t\t\t\n\t\t\t\t\n\t\t\t\t\n\t\t\t\t<div class=\"et_pb_module et_d4_element et_pb_image et_pb_image_1\">\n\t\t\t\t\n\t\t\t\t\n\t\t\t\t\n\t\t\t\t\n\t\t\t\t<span class=\"et_pb_image_wrap \"><img loading=\"lazy\" decoding=\"async\" width=\"1524\" height=\"1080\" src=\"https:\/\/www.hiddestorf.com\/staging\/wp-content\/uploads\/2020\/04\/Konfirmation-1953-Marga-Wulkopf_b.jpg\" alt=\"\" title=\"Konfirmation 1953\" srcset=\"https:\/\/www.hiddestorf.com\/staging\/wp-content\/uploads\/2020\/04\/Konfirmation-1953-Marga-Wulkopf_b.jpg 1524w, https:\/\/www.hiddestorf.com\/staging\/wp-content\/uploads\/2020\/04\/Konfirmation-1953-Marga-Wulkopf_b-1280x907.jpg 1280w, https:\/\/www.hiddestorf.com\/staging\/wp-content\/uploads\/2020\/04\/Konfirmation-1953-Marga-Wulkopf_b-980x694.jpg 980w, https:\/\/www.hiddestorf.com\/staging\/wp-content\/uploads\/2020\/04\/Konfirmation-1953-Marga-Wulkopf_b-480x340.jpg 480w\" sizes=\"(min-width: 0px) and (max-width: 480px) 480px, (min-width: 481px) and (max-width: 980px) 980px, (min-width: 981px) and (max-width: 1280px) 1280px, (min-width: 1281px) 1524px, 100vw\" class=\"wp-image-1553\" \/><\/span>\n\t\t\t<\/div><div class=\"et_pb_module et_d4_element et_pb_text et_pb_text_3  et_pb_text_align_left et_pb_bg_layout_light\">\n\t\t\t\t\n\t\t\t\t\n\t\t\t\t\n\t\t\t\t\n\t\t\t\t<div class=\"et_pb_text_inner\"><p><strong>Konfirmation 1953<\/strong><\/p>\n<p>4.Reihe v.l.: 1, Horst Bauermeister, 3, Heinz Hubs, 5 ,Gerwin Steinberg ,7 ,Raimund Bazdaras, 9<br \/>3.Reihe v.l.: Renate L\u00fcbke, 2, 3, 4, 5, Heinz Flohr, 7, Horst K\u00e4stner<br \/>2.Reihe v.l.: Fritz Filax, 2, 3, Mechthild Raake, Marga Reinecke (verh. Wulkopf), Pastor Buchs<br \/>1.Reihe v.l.: Anneliese Moses (verh. Gramann), 2, 3, 4, 5, 6, 7, 8, 9<\/p><\/div>\n\t\t\t<\/div>\n\t\t\t<\/div>\n\t\t\t\t\n\t\t\t\t\n\t\t\t\t\n\t\t\t\t\n\t\t\t<\/div><div class=\"et_pb_with_border et_d4_element et_pb_row et_pb_row_5  et_pb_css_mix_blend_mode et_block_row\">\n\t\t\t\t<div class=\"et_d4_element et_pb_column_4_4 et_pb_column et_pb_column_5  et_pb_css_mix_blend_mode et-last-child et_block_column\">\n\t\t\t\t\n\t\t\t\t\n\t\t\t\t\n\t\t\t\t\n\t\t\t\t<div class=\"et_pb_module et_d4_element et_pb_image et_pb_image_2\">\n\t\t\t\t\n\t\t\t\t\n\t\t\t\t\n\t\t\t\t\n\t\t\t\t<span class=\"et_pb_image_wrap \"><img loading=\"lazy\" decoding=\"async\" width=\"1552\" height=\"957\" src=\"https:\/\/www.hiddestorf.com\/staging\/wp-content\/uploads\/2020\/04\/Konfirmation-von-Gudrun-Kaiser-1961-A_b.jpg\" alt=\"\" title=\"Konfirmation 1961\" srcset=\"https:\/\/www.hiddestorf.com\/staging\/wp-content\/uploads\/2020\/04\/Konfirmation-von-Gudrun-Kaiser-1961-A_b.jpg 1552w, https:\/\/www.hiddestorf.com\/staging\/wp-content\/uploads\/2020\/04\/Konfirmation-von-Gudrun-Kaiser-1961-A_b-1280x789.jpg 1280w, https:\/\/www.hiddestorf.com\/staging\/wp-content\/uploads\/2020\/04\/Konfirmation-von-Gudrun-Kaiser-1961-A_b-980x604.jpg 980w, https:\/\/www.hiddestorf.com\/staging\/wp-content\/uploads\/2020\/04\/Konfirmation-von-Gudrun-Kaiser-1961-A_b-480x296.jpg 480w\" sizes=\"(min-width: 0px) and (max-width: 480px) 480px, (min-width: 481px) and (max-width: 980px) 980px, (min-width: 981px) and (max-width: 1280px) 1280px, (min-width: 1281px) 1552px, 100vw\" class=\"wp-image-1542\" \/><\/span>\n\t\t\t<\/div><div class=\"et_pb_module et_d4_element et_pb_text et_pb_text_4  et_pb_text_align_left et_pb_bg_layout_light\">\n\t\t\t\t\n\t\t\t\t\n\t\t\t\t\n\t\t\t\t\n\t\t\t\t<div class=\"et_pb_text_inner\"><p><strong>Konfirmation 1961<\/strong><\/p>\n<p>2.Reihe v.l.: 1, Siegrid Hagemeister, Horst Bothe, 4, 5, Erika Lange, 7<br \/>1.Reihe v.l.: Almut Pape (verh. Wulkopf), Hannelore Bruns, Pastor M\u00fcller, Doris Preu\u00df, Doris Grapentin<\/p><\/div>\n\t\t\t<\/div>\n\t\t\t<\/div>\n\t\t\t\t\n\t\t\t\t\n\t\t\t\t\n\t\t\t\t\n\t\t\t<\/div><div class=\"et_pb_with_border et_d4_element et_pb_row et_pb_row_6  et_pb_css_mix_blend_mode et_block_row\">\n\t\t\t\t<div class=\"et_d4_element et_pb_column_4_4 et_pb_column et_pb_column_6  et_pb_css_mix_blend_mode et-last-child et_block_column\">\n\t\t\t\t\n\t\t\t\t\n\t\t\t\t\n\t\t\t\t\n\t\t\t\t<div class=\"et_pb_module et_d4_element et_pb_image et_pb_image_3\">\n\t\t\t\t\n\t\t\t\t\n\t\t\t\t\n\t\t\t\t\n\t\t\t\t<span class=\"et_pb_image_wrap \"><img loading=\"lazy\" decoding=\"async\" width=\"1562\" height=\"972\" src=\"https:\/\/www.hiddestorf.com\/staging\/wp-content\/uploads\/2020\/04\/Konfirmation-von-Gudrun-Kaiser-1961-B_b.jpg\" alt=\"\" title=\"Konfirmation 1961\" srcset=\"https:\/\/www.hiddestorf.com\/staging\/wp-content\/uploads\/2020\/04\/Konfirmation-von-Gudrun-Kaiser-1961-B_b.jpg 1562w, https:\/\/www.hiddestorf.com\/staging\/wp-content\/uploads\/2020\/04\/Konfirmation-von-Gudrun-Kaiser-1961-B_b-1280x797.jpg 1280w, https:\/\/www.hiddestorf.com\/staging\/wp-content\/uploads\/2020\/04\/Konfirmation-von-Gudrun-Kaiser-1961-B_b-980x610.jpg 980w, https:\/\/www.hiddestorf.com\/staging\/wp-content\/uploads\/2020\/04\/Konfirmation-von-Gudrun-Kaiser-1961-B_b-480x299.jpg 480w\" sizes=\"(min-width: 0px) and (max-width: 480px) 480px, (min-width: 481px) and (max-width: 980px) 980px, (min-width: 981px) and (max-width: 1280px) 1280px, (min-width: 1281px) 1562px, 100vw\" class=\"wp-image-1544\" \/><\/span>\n\t\t\t<\/div><div class=\"et_pb_module et_d4_element et_pb_text et_pb_text_5  et_pb_text_align_left et_pb_bg_layout_light\">\n\t\t\t\t\n\t\t\t\t\n\t\t\t\t\n\t\t\t\t\n\t\t\t\t<div class=\"et_pb_text_inner\"><p><strong>Konfirmation 1961<\/strong><\/p>\n<p>2.Reihe v.l.: 1, Siegrid Hagemeister, Horst Bothe, 4, 5, Erika Lange, Pastor ?<br \/>1.Reihe v.l.: Almut Pape (verh. Wulkopf), Hannelore Bruns, 3, Doris Preu\u00df, Doris Grapentin<\/p><\/div>\n\t\t\t<\/div>\n\t\t\t<\/div>\n\t\t\t\t\n\t\t\t\t\n\t\t\t\t\n\t\t\t\t\n\t\t\t<\/div><div class=\"et_pb_with_border et_d4_element et_pb_row et_pb_row_7  et_pb_css_mix_blend_mode et_block_row\">\n\t\t\t\t<div class=\"et_d4_element et_pb_column_4_4 et_pb_column et_pb_column_7  et_pb_css_mix_blend_mode et-last-child et_block_column\">\n\t\t\t\t\n\t\t\t\t\n\t\t\t\t\n\t\t\t\t\n\t\t\t\t<div class=\"et_pb_module et_d4_element et_pb_image et_pb_image_4\">\n\t\t\t\t\n\t\t\t\t\n\t\t\t\t\n\t\t\t\t\n\t\t\t\t<span class=\"et_pb_image_wrap \"><img loading=\"lazy\" decoding=\"async\" width=\"1563\" height=\"1080\" src=\"https:\/\/www.hiddestorf.com\/staging\/wp-content\/uploads\/2020\/04\/Konfirmation-01_04_1962_b.jpg\" alt=\"\" title=\"Konfirmation 1962\" srcset=\"https:\/\/www.hiddestorf.com\/staging\/wp-content\/uploads\/2020\/04\/Konfirmation-01_04_1962_b.jpg 1563w, https:\/\/www.hiddestorf.com\/staging\/wp-content\/uploads\/2020\/04\/Konfirmation-01_04_1962_b-1280x884.jpg 1280w, https:\/\/www.hiddestorf.com\/staging\/wp-content\/uploads\/2020\/04\/Konfirmation-01_04_1962_b-980x677.jpg 980w, https:\/\/www.hiddestorf.com\/staging\/wp-content\/uploads\/2020\/04\/Konfirmation-01_04_1962_b-480x332.jpg 480w\" sizes=\"(min-width: 0px) and (max-width: 480px) 480px, (min-width: 481px) and (max-width: 980px) 980px, (min-width: 981px) and (max-width: 1280px) 1280px, (min-width: 1281px) 1563px, 100vw\" class=\"wp-image-1539\" \/><\/span>\n\t\t\t<\/div><div class=\"et_pb_module et_d4_element et_pb_text et_pb_text_6  et_pb_text_align_left et_pb_bg_layout_light\">\n\t\t\t\t\n\t\t\t\t\n\t\t\t\t\n\t\t\t\t\n\t\t\t\t<div class=\"et_pb_text_inner\"><p><strong>Konfirmation 1962<\/strong><\/p>\n<p>3.Reihe v.l.: Pastor M\u00fcller, Giesela Lindt, Marita Geritzen, 4, Erich Stenzel, G\u00fcnther Reineke, G\u00fcnther Stellmann, Ursel Staroste<br \/>2.Reihe v.l.: Helmut Lange, Werner Adam, Arnd Gruhlke, Dieter Ortel, Heinrich Herbst, Erika Landeck, Pastor Fleige<br \/>1.Reihe v.l.: Gertrud Hauf, Ursula Potthast, 3, Irmtraud Neumann, 5, Ilse Marie Baxmann<\/p><\/div>\n\t\t\t<\/div>\n\t\t\t<\/div>\n\t\t\t\t\n\t\t\t\t\n\t\t\t\t\n\t\t\t\t\n\t\t\t<\/div><div class=\"et_pb_with_border et_d4_element et_pb_row et_pb_row_8  et_pb_css_mix_blend_mode et_block_row\">\n\t\t\t\t<div class=\"et_d4_element et_pb_column_4_4 et_pb_column et_pb_column_8  et_pb_css_mix_blend_mode et-last-child et_block_column\">\n\t\t\t\t\n\t\t\t\t\n\t\t\t\t\n\t\t\t\t\n\t\t\t\t<div class=\"et_pb_module et_d4_element et_pb_image et_pb_image_5\">\n\t\t\t\t\n\t\t\t\t\n\t\t\t\t\n\t\t\t\t\n\t\t\t\t<span class=\"et_pb_image_wrap \"><img loading=\"lazy\" decoding=\"async\" width=\"1600\" height=\"1080\" src=\"https:\/\/www.hiddestorf.com\/staging\/wp-content\/uploads\/2020\/04\/Konfirmation-1964_b.jpg\" alt=\"\" title=\"Konfirmation 1964\" srcset=\"https:\/\/www.hiddestorf.com\/staging\/wp-content\/uploads\/2020\/04\/Konfirmation-1964_b.jpg 1600w, https:\/\/www.hiddestorf.com\/staging\/wp-content\/uploads\/2020\/04\/Konfirmation-1964_b-1280x864.jpg 1280w, https:\/\/www.hiddestorf.com\/staging\/wp-content\/uploads\/2020\/04\/Konfirmation-1964_b-980x662.jpg 980w, https:\/\/www.hiddestorf.com\/staging\/wp-content\/uploads\/2020\/04\/Konfirmation-1964_b-480x324.jpg 480w\" sizes=\"(min-width: 0px) and (max-width: 480px) 480px, (min-width: 481px) and (max-width: 980px) 980px, (min-width: 981px) and (max-width: 1280px) 1280px, (min-width: 1281px) 1600px, 100vw\" class=\"wp-image-1536\" \/><\/span>\n\t\t\t<\/div><div class=\"et_pb_module et_d4_element et_pb_text et_pb_text_7  et_pb_text_align_left et_pb_bg_layout_light\">\n\t\t\t\t\n\t\t\t\t\n\t\t\t\t\n\t\t\t\t\n\t\t\t\t<div class=\"et_pb_text_inner\"><p><strong>Konfirmation 1964<\/strong><\/p>\n<p>2.Reihe v.l.: Anneliese Eckard, Burkhard Reineke, Reinhard Schutz, Dieter Vogel, Pastor Kirchner, Rudolf Schr\u00f6der, Otto Hildebrandt, Gebhard Ro\u00dfmannek, Hildegard Meinen<br \/>1.Reihe v.l.: Rosemarie Fiernhaber, Hannelore Ernst, Monika Weisbrich, Ursula Bolte, Renate Lange, Roswita Exner<\/p><\/div>\n\t\t\t<\/div>\n\t\t\t<\/div>\n\t\t\t\t\n\t\t\t\t\n\t\t\t\t\n\t\t\t\t\n\t\t\t<\/div><div class=\"et_pb_with_border et_d4_element et_pb_row et_pb_row_9  et_pb_css_mix_blend_mode et_block_row\">\n\t\t\t\t<div class=\"et_d4_element et_pb_column_4_4 et_pb_column et_pb_column_9  et_pb_css_mix_blend_mode et-last-child et_block_column\">\n\t\t\t\t\n\t\t\t\t\n\t\t\t\t\n\t\t\t\t\n\t\t\t\t<div class=\"et_pb_module et_d4_element et_pb_image et_pb_image_6\">\n\t\t\t\t\n\t\t\t\t\n\t\t\t\t\n\t\t\t\t\n\t\t\t\t<span class=\"et_pb_image_wrap \"><img loading=\"lazy\" decoding=\"async\" width=\"1685\" height=\"1080\" src=\"https:\/\/www.hiddestorf.com\/staging\/wp-content\/uploads\/2020\/04\/Konfirmation-1965_b.jpg\" alt=\"\" title=\"Konfirmation 1965\" srcset=\"https:\/\/www.hiddestorf.com\/staging\/wp-content\/uploads\/2020\/04\/Konfirmation-1965_b.jpg 1685w, https:\/\/www.hiddestorf.com\/staging\/wp-content\/uploads\/2020\/04\/Konfirmation-1965_b-1280x820.jpg 1280w, https:\/\/www.hiddestorf.com\/staging\/wp-content\/uploads\/2020\/04\/Konfirmation-1965_b-980x628.jpg 980w, https:\/\/www.hiddestorf.com\/staging\/wp-content\/uploads\/2020\/04\/Konfirmation-1965_b-480x308.jpg 480w\" sizes=\"(min-width: 0px) and (max-width: 480px) 480px, (min-width: 481px) and (max-width: 980px) 980px, (min-width: 981px) and (max-width: 1280px) 1280px, (min-width: 1281px) 1685px, 100vw\" class=\"wp-image-1534\" \/><\/span>\n\t\t\t<\/div><div class=\"et_pb_module et_d4_element et_pb_text et_pb_text_8  et_pb_text_align_left et_pb_bg_layout_light\">\n\t\t\t\t\n\t\t\t\t\n\t\t\t\t\n\t\t\t\t\n\t\t\t\t<div class=\"et_pb_text_inner\"><p><strong>Konfirmation 1965<\/strong><\/p>\n<p>2.Reihe v.l.: Achim Enskat, Ernst Baxmann, Heinz Fiedler, Kurt Happeck, Burkhard Rothermund, Pastor Oelze, Martin Preu\u00df, Hans-J\u00fcrgen Sch\u00e4fer, Friedrich August Gramann<br \/>1.Reihe v.l.: Erika Adam, Elisabeth Boelmann, Doris L\u00fcdecke, Roswitha Lindner, Ingrid Ernst, Heidi Arend, Karin Blumeier<\/p><\/div>\n\t\t\t<\/div>\n\t\t\t<\/div>\n\t\t\t\t\n\t\t\t\t\n\t\t\t\t\n\t\t\t\t\n\t\t\t<\/div><div class=\"et_pb_with_border et_d4_element et_pb_row et_pb_row_10  et_pb_css_mix_blend_mode et_block_row\">\n\t\t\t\t<div class=\"et_d4_element et_pb_column_4_4 et_pb_column et_pb_column_10  et_pb_css_mix_blend_mode et-last-child et_block_column\">\n\t\t\t\t\n\t\t\t\t\n\t\t\t\t\n\t\t\t\t\n\t\t\t\t<div class=\"et_pb_module et_d4_element et_pb_image et_pb_image_7\">\n\t\t\t\t\n\t\t\t\t\n\t\t\t\t\n\t\t\t\t\n\t\t\t\t<span class=\"et_pb_image_wrap \"><img loading=\"lazy\" decoding=\"async\" width=\"1545\" height=\"1080\" src=\"https:\/\/www.hiddestorf.com\/staging\/wp-content\/uploads\/2020\/04\/Konfirmation-Bernd-Reinecke-1968_b-1.jpg\" alt=\"\" title=\"Konfirmation 1968\" srcset=\"https:\/\/www.hiddestorf.com\/staging\/wp-content\/uploads\/2020\/04\/Konfirmation-Bernd-Reinecke-1968_b-1.jpg 1545w, https:\/\/www.hiddestorf.com\/staging\/wp-content\/uploads\/2020\/04\/Konfirmation-Bernd-Reinecke-1968_b-1-1280x895.jpg 1280w, https:\/\/www.hiddestorf.com\/staging\/wp-content\/uploads\/2020\/04\/Konfirmation-Bernd-Reinecke-1968_b-1-980x685.jpg 980w, https:\/\/www.hiddestorf.com\/staging\/wp-content\/uploads\/2020\/04\/Konfirmation-Bernd-Reinecke-1968_b-1-480x336.jpg 480w\" sizes=\"(min-width: 0px) and (max-width: 480px) 480px, (min-width: 481px) and (max-width: 980px) 980px, (min-width: 981px) and (max-width: 1280px) 1280px, (min-width: 1281px) 1545px, 100vw\" class=\"wp-image-1531\" \/><\/span>\n\t\t\t<\/div><div class=\"et_pb_module et_d4_element et_pb_text et_pb_text_9  et_pb_text_align_left et_pb_bg_layout_light\">\n\t\t\t\t\n\t\t\t\t\n\t\t\t\t\n\t\t\t\t\n\t\t\t\t<div class=\"et_pb_text_inner\"><p><strong>Konfirmation 1968<\/strong><\/p>\n<p>2.Reihe v.l.: Pastor Oelze, Erhard Reiche, Bernd Reineke, Claus Binnewies,<br \/>1.Reihe v.l.: Hartmut Borchers, Werner Peters, Karin Peters, Renate Beensen, Ursula Peters, Magret Potthast, Elke Baxmann<\/p><\/div>\n\t\t\t<\/div>\n\t\t\t<\/div>\n\t\t\t\t\n\t\t\t\t\n\t\t\t\t\n\t\t\t\t\n\t\t\t<\/div><div class=\"et_pb_with_border et_d4_element et_pb_row et_pb_row_11  et_pb_css_mix_blend_mode et_block_row\">\n\t\t\t\t<div class=\"et_d4_element et_pb_column_4_4 et_pb_column et_pb_column_11  et_pb_css_mix_blend_mode et-last-child et_block_column et_pb_column_empty\">\n\t\t\t\t\n\t\t\t\t\n\t\t\t\t\n\t\t\t\t\n\t\t\t\t\n\t\t\t<\/div>\n\t\t\t\t\n\t\t\t\t\n\t\t\t\t\n\t\t\t\t\n\t\t\t<\/div>\n\t\t\t\t\n\t\t\t\t\n\t\t\t<\/div><\/p>\n","protected":false},"excerpt":{"rendered":"","protected":false},"author":1,"featured_media":0,"parent":0,"menu_order":0,"comment_status":"closed","ping_status":"closed","template":"","meta":{"_et_pb_use_builder":"on","_et_pb_old_content":"","_et_gb_content_width":"","footnotes":""},"class_list":["post-1555","page","type-page","status-publish","hentry"],"yoast_head":"<!-- This site is optimized with the Yoast SEO plugin v27.4 - https:\/\/yoast.com\/product\/yoast-seo-wordpress\/ -->\n<title>Konfirmationen vor 1969 - Hiddestorf<\/title>\n<meta name=\"robots\" content=\"index, follow, max-snippet:-1, max-image-preview:large, max-video-preview:-1\" \/>\n<link rel=\"canonical\" href=\"https:\/\/www.hiddestorf.com\/staging\/?page_id=1555\" \/>\n<meta property=\"og:locale\" content=\"de_DE\" \/>\n<meta property=\"og:type\" content=\"article\" \/>\n<meta property=\"og:title\" content=\"Konfirmationen vor 1969 - Hiddestorf\" \/>\n<meta property=\"og:url\" content=\"https:\/\/www.hiddestorf.com\/staging\/?page_id=1555\" \/>\n<meta property=\"og:site_name\" content=\"Hiddestorf\" \/>\n<meta property=\"article:modified_time\" content=\"2026-04-16T16:41:01+00:00\" \/>\n<meta name=\"twitter:card\" content=\"summary_large_image\" \/>\n<meta name=\"twitter:label1\" content=\"Gesch\u00e4tzte Lesezeit\" \/>\n\t<meta name=\"twitter:data1\" content=\"2\u00a0Minuten\" \/>\n<script type=\"application\/ld+json\" class=\"yoast-schema-graph\">{\"@context\":\"https:\\\/\\\/schema.org\",\"@graph\":[{\"@type\":\"WebPage\",\"@id\":\"https:\\\/\\\/www.hiddestorf.com\\\/staging\\\/?page_id=1555\",\"url\":\"https:\\\/\\\/www.hiddestorf.com\\\/staging\\\/?page_id=1555\",\"name\":\"Konfirmationen vor 1969 - Hiddestorf\",\"isPartOf\":{\"@id\":\"https:\\\/\\\/www.hiddestorf.com\\\/staging\\\/#website\"},\"datePublished\":\"2020-04-10T20:41:41+00:00\",\"dateModified\":\"2026-04-16T16:41:01+00:00\",\"breadcrumb\":{\"@id\":\"https:\\\/\\\/www.hiddestorf.com\\\/staging\\\/?page_id=1555#breadcrumb\"},\"inLanguage\":\"de\",\"potentialAction\":[{\"@type\":\"ReadAction\",\"target\":[\"https:\\\/\\\/www.hiddestorf.com\\\/staging\\\/?page_id=1555\"]}]},{\"@type\":\"BreadcrumbList\",\"@id\":\"https:\\\/\\\/www.hiddestorf.com\\\/staging\\\/?page_id=1555#breadcrumb\",\"itemListElement\":[{\"@type\":\"ListItem\",\"position\":1,\"name\":\"Startseite\",\"item\":\"https:\\\/\\\/www.hiddestorf.com\\\/staging\\\/\"},{\"@type\":\"ListItem\",\"position\":2,\"name\":\"Konfirmationen vor 1969\"}]},{\"@type\":\"WebSite\",\"@id\":\"https:\\\/\\\/www.hiddestorf.com\\\/staging\\\/#website\",\"url\":\"https:\\\/\\\/www.hiddestorf.com\\\/staging\\\/\",\"name\":\"Hiddestorf\",\"description\":\"Ein Dorf im Wandel der Zeit\",\"publisher\":{\"@id\":\"https:\\\/\\\/www.hiddestorf.com\\\/staging\\\/#organization\"},\"potentialAction\":[{\"@type\":\"SearchAction\",\"target\":{\"@type\":\"EntryPoint\",\"urlTemplate\":\"https:\\\/\\\/www.hiddestorf.com\\\/staging\\\/?s={search_term_string}\"},\"query-input\":{\"@type\":\"PropertyValueSpecification\",\"valueRequired\":true,\"valueName\":\"search_term_string\"}}],\"inLanguage\":\"de\"},{\"@type\":\"Organization\",\"@id\":\"https:\\\/\\\/www.hiddestorf.com\\\/staging\\\/#organization\",\"name\":\"Hiddestorf\",\"url\":\"https:\\\/\\\/www.hiddestorf.com\\\/staging\\\/\",\"logo\":{\"@type\":\"ImageObject\",\"inLanguage\":\"de\",\"@id\":\"https:\\\/\\\/www.hiddestorf.com\\\/staging\\\/#\\\/schema\\\/logo\\\/image\\\/\",\"url\":\"https:\\\/\\\/www.hiddestorf.com\\\/staging\\\/wp-content\\\/uploads\\\/2019\\\/08\\\/Wappen-Hiddestorf-neu-200.jpg\",\"contentUrl\":\"https:\\\/\\\/www.hiddestorf.com\\\/staging\\\/wp-content\\\/uploads\\\/2019\\\/08\\\/Wappen-Hiddestorf-neu-200.jpg\",\"width\":200,\"height\":246,\"caption\":\"Hiddestorf\"},\"image\":{\"@id\":\"https:\\\/\\\/www.hiddestorf.com\\\/staging\\\/#\\\/schema\\\/logo\\\/image\\\/\"}}]}<\/script>\n<!-- \/ Yoast SEO plugin. -->","yoast_head_json":{"title":"Konfirmationen vor 1969 - Hiddestorf","robots":{"index":"index","follow":"follow","max-snippet":"max-snippet:-1","max-image-preview":"max-image-preview:large","max-video-preview":"max-video-preview:-1"},"canonical":"https:\/\/www.hiddestorf.com\/staging\/?page_id=1555","og_locale":"de_DE","og_type":"article","og_title":"Konfirmationen vor 1969 - Hiddestorf","og_url":"https:\/\/www.hiddestorf.com\/staging\/?page_id=1555","og_site_name":"Hiddestorf","article_modified_time":"2026-04-16T16:41:01+00:00","twitter_card":"summary_large_image","twitter_misc":{"Gesch\u00e4tzte Lesezeit":"2\u00a0Minuten"},"schema":{"@context":"https:\/\/schema.org","@graph":[{"@type":"WebPage","@id":"https:\/\/www.hiddestorf.com\/staging\/?page_id=1555","url":"https:\/\/www.hiddestorf.com\/staging\/?page_id=1555","name":"Konfirmationen vor 1969 - Hiddestorf","isPartOf":{"@id":"https:\/\/www.hiddestorf.com\/staging\/#website"},"datePublished":"2020-04-10T20:41:41+00:00","dateModified":"2026-04-16T16:41:01+00:00","breadcrumb":{"@id":"https:\/\/www.hiddestorf.com\/staging\/?page_id=1555#breadcrumb"},"inLanguage":"de","potentialAction":[{"@type":"ReadAction","target":["https:\/\/www.hiddestorf.com\/staging\/?page_id=1555"]}]},{"@type":"BreadcrumbList","@id":"https:\/\/www.hiddestorf.com\/staging\/?page_id=1555#breadcrumb","itemListElement":[{"@type":"ListItem","position":1,"name":"Startseite","item":"https:\/\/www.hiddestorf.com\/staging\/"},{"@type":"ListItem","position":2,"name":"Konfirmationen vor 1969"}]},{"@type":"WebSite","@id":"https:\/\/www.hiddestorf.com\/staging\/#website","url":"https:\/\/www.hiddestorf.com\/staging\/","name":"Hiddestorf","description":"Ein Dorf im Wandel der Zeit","publisher":{"@id":"https:\/\/www.hiddestorf.com\/staging\/#organization"},"potentialAction":[{"@type":"SearchAction","target":{"@type":"EntryPoint","urlTemplate":"https:\/\/www.hiddestorf.com\/staging\/?s={search_term_string}"},"query-input":{"@type":"PropertyValueSpecification","valueRequired":true,"valueName":"search_term_string"}}],"inLanguage":"de"},{"@type":"Organization","@id":"https:\/\/www.hiddestorf.com\/staging\/#organization","name":"Hiddestorf","url":"https:\/\/www.hiddestorf.com\/staging\/","logo":{"@type":"ImageObject","inLanguage":"de","@id":"https:\/\/www.hiddestorf.com\/staging\/#\/schema\/logo\/image\/","url":"https:\/\/www.hiddestorf.com\/staging\/wp-content\/uploads\/2019\/08\/Wappen-Hiddestorf-neu-200.jpg","contentUrl":"https:\/\/www.hiddestorf.com\/staging\/wp-content\/uploads\/2019\/08\/Wappen-Hiddestorf-neu-200.jpg","width":200,"height":246,"caption":"Hiddestorf"},"image":{"@id":"https:\/\/www.hiddestorf.com\/staging\/#\/schema\/logo\/image\/"}}]}},"_links":{"self":[{"href":"https:\/\/www.hiddestorf.com\/staging\/index.php?rest_route=\/wp\/v2\/pages\/1555","targetHints":{"allow":["GET"]}}],"collection":[{"href":"https:\/\/www.hiddestorf.com\/staging\/index.php?rest_route=\/wp\/v2\/pages"}],"about":[{"href":"https:\/\/www.hiddestorf.com\/staging\/index.php?rest_route=\/wp\/v2\/types\/page"}],"author":[{"embeddable":true,"href":"https:\/\/www.hiddestorf.com\/staging\/index.php?rest_route=\/wp\/v2\/users\/1"}],"replies":[{"embeddable":true,"href":"https:\/\/www.hiddestorf.com\/staging\/index.php?rest_route=%2Fwp%2Fv2%2Fcomments&post=1555"}],"version-history":[{"count":16,"href":"https:\/\/www.hiddestorf.com\/staging\/index.php?rest_route=\/wp\/v2\/pages\/1555\/revisions"}],"predecessor-version":[{"id":4810,"href":"https:\/\/www.hiddestorf.com\/staging\/index.php?rest_route=\/wp\/v2\/pages\/1555\/revisions\/4810"}],"wp:attachment":[{"href":"https:\/\/www.hiddestorf.com\/staging\/index.php?rest_route=%2Fwp%2Fv2%2Fmedia&parent=1555"}],"curies":[{"name":"wp","href":"https:\/\/api.w.org\/{rel}","templated":true}]}}