{"id":1258,"date":"2020-02-07T20:52:48","date_gmt":"2020-02-07T19:52:48","guid":{"rendered":"https:\/\/www.hiddestorf.com\/staging\/?page_id=1258"},"modified":"2026-01-20T18:24:19","modified_gmt":"2026-01-20T17:24:19","slug":"nikolaikirche","status":"publish","type":"page","link":"https:\/\/www.hiddestorf.com\/staging\/?page_id=1258","title":{"rendered":"Nikolaikirche"},"content":{"rendered":"<p><div class=\"et_d4_element et_pb_section et_pb_section_0 et_pb_with_background  et_pb_css_mix_blend_mode et_section_regular section_has_divider et_pb_bottom_divider et_block_section\" >\n\t\t\t\t\n\t\t\t\t\n\t\t\t\t\n\t\t\t\t\n\t\t\t\t\n\t\t\t\t\n\t\t\t\t<div class=\"et_pb_with_border et_d4_element et_pb_row et_pb_row_0  et_pb_css_mix_blend_mode et_block_row\">\n\t\t\t\t<div class=\"et_d4_element et_pb_column_4_4 et_pb_column et_pb_column_0  et_pb_css_mix_blend_mode et-last-child et_block_column\">\n\t\t\t\t\n\t\t\t\t\n\t\t\t\t\n\t\t\t\t\n\t\t\t\t<div class=\"et_pb_module et_d4_element et_pb_text et_pb_text_0 et_animated  et_pb_text_align_center et_pb_bg_layout_dark\">\n\t\t\t\t\n\t\t\t\t\n\t\t\t\t\n\t\t\t\t\n\t\t\t\t<div class=\"et_pb_text_inner\"><h3>Nikolaikirche<\/h3><\/div>\n\t\t\t<\/div>\n\t\t\t<\/div>\n\t\t\t\t\n\t\t\t\t\n\t\t\t\t\n\t\t\t\t\n\t\t\t<\/div>\n\t\t\t\t\n\t\t\t\t<div class=\"et_pb_bottom_inside_divider et-no-transition\"><\/div>\n\t\t\t<\/div><div class=\"et_d4_element et_pb_section et_pb_section_1 et_pb_with_background  et_pb_css_mix_blend_mode et_section_regular et_block_section\" >\n\t\t\t\t\n\t\t\t\t\n\t\t\t\t\n\t\t\t\t\n\t\t\t\t\n\t\t\t\t\n\t\t\t\t<div class=\"et_pb_with_border et_d4_element et_pb_row et_pb_row_1  et_pb_css_mix_blend_mode et_block_row\">\n\t\t\t\t<div class=\"et_d4_element et_pb_column_4_4 et_pb_column et_pb_column_1  et_pb_css_mix_blend_mode et-last-child et_block_column\">\n\t\t\t\t\n\t\t\t\t\n\t\t\t\t\n\t\t\t\t\n\t\t\t\t<div class=\"et_pb_module et_d4_element et_pb_text et_pb_text_1  et_pb_text_align_left et_pb_bg_layout_light\">\n\t\t\t\t\n\t\t\t\t\n\t\t\t\t\n\t\t\t\t\n\t\t\t\t<div class=\"et_pb_text_inner\"><h3>Nikolaikirche Hiddestorf<\/h3><\/div>\n\t\t\t<\/div>\n\t\t\t<\/div>\n\t\t\t\t\n\t\t\t\t\n\t\t\t\t\n\t\t\t\t\n\t\t\t<\/div><div class=\"et_pb_with_border et_d4_element et_pb_row et_pb_row_2  et_pb_css_mix_blend_mode et_block_row\">\n\t\t\t\t<div class=\"et_d4_element et_pb_column_4_4 et_pb_column et_pb_column_2  et_pb_css_mix_blend_mode et-last-child et_block_column\">\n\t\t\t\t\n\t\t\t\t\n\t\t\t\t\n\t\t\t\t\n\t\t\t\t<div class=\"et_pb_module et_d4_element et_pb_text et_pb_text_2  et_pb_text_align_left et_pb_bg_layout_light\">\n\t\t\t\t\n\t\t\t\t\n\t\t\t\t\n\t\t\t\t\n\t\t\t\t<div class=\"et_pb_text_inner\"><p>Die Nikolaikirche ist wohl das \u00e4ltestes Zeugnis der Hiddestorfer Geschichte. Ein \u00f6rtlicher Geistlicher ist erstmal 1252 mit dem Priester (sacerdos) Henricus de Hiddestorpe belegt. Im Memorienbuch des Kalands von Pattensen sind \u2013 jeweils ohne Jahresangaben \u2013 folgende Plebane aus Hiddestorf genannt: Johannes Moser, Johannes, Johannes Lutseke, Herbordus, Arthus Stolle und Hinrick Bitterbose. Letzterer l\u00e4sst sich urkundlich im Jahr 1490 als kercher to hiddestorpe belegen. Zwischen 1426 und 1428 hatte sich der Mindener Kleriker Theodericus Peping bem\u00fcht, die Pfarrpfr\u00fcnde Hiddestorf zu erlangen.<\/p>\n<p>Im F\u00fcrstentum Calenberg f\u00fchrte Herzogin Elisabeth von Calenberg-G\u00f6ttingen (\u2020 1558) die Reformation als Vormund ihres minderj\u00e4hrigen Sohnes Erich ein. 1542 setzte sie die von Antonius Corvinus verfasste Kirchenordnung in Kraft und 1542\/43 lie\u00df sie die Gemeinden, Stifte und Kl\u00f6ster des F\u00fcrstentums visitieren. Als erster luth. Prediger in Hiddestorf gilt der im Visitationsprotokoll genannte P. Hermann Picker (Amtszeit 1542\u20131550). Gemeinsam mit Jost Knigge war die Kirche Hiddestorf seinerzeit im Besitz des d\u00f6rflichen Untergerichts und des Dorfkrugs (\u201eItem das gericht im Dorfe vnd die krug h\u00f6ret zu der kirchen und Jost kniggen\u201c). <br \/>Nachdem Elisabeths nunmehr vollj\u00e4hriger Sohn 1545 als Erich II. (\u2020 1584) die Regierung im F\u00fcrstentum Calenberg \u00fcbernommen hatte, wechselte er 1547 zum katholischen Glauben. Die Calenbergischen St\u00e4nde widersetzten sich Erichs Rekatholisierungsbestrebungen und konnten 1553\/55 die Beibehaltung der lutherischen Lehre sicherstellen. <br \/>Nach dem Tod Erichs II. fiel das F\u00fcrstentum Calenberg 1584 an Braunschweig-Wolfenb\u00fcttel und Herzog Julius (\u2020 1589) f\u00fchrte seine 1569 aufgestellte Kirchenordnung auch hier ein. 1588 lie\u00df er die Gemeinden visitieren. <br \/>In Hiddestorf hatte P. Lorenz Schl\u00fcter (Amtszeit 1575\u20131605) das Pfarramt inne. Die Gemeinde hatte ihn berufen, zun\u00e4chst um \u201edem Vorg\u00e4nger in seiner Schwachheit\u201c zu helfen. Hinsichtlich seiner theologischen Kenntnisse beurteilten ihn die Visitatoren als mittelm\u00e4\u00dfig (Examen: mediocriter). Im Protokoll ist zudem vermerkt, dass Ohlendorf zum Kirchspiel geh\u00f6re und keine eigene Kapelle besitze.<\/p>\n<p>In die Amtszeit von P. David Christoph Heimann (Amtszeit 1724\u20131761) fiel 1740 der Bau eines neuen Pfarrhauses. Nachdem P. Ernst Wilhelm Gottfried Gehrold (Amtszeit 1905\u20131929) emeritiert worden war, blieb die Pfarrstelle Hiddestorf vakant. Die pfarramtliche Versorgung \u00fcbernahmen die Pastoren der Nachbargemeinden oder Hilfsgeistliche.<\/p>\n<p>&nbsp;<\/p><\/div>\n\t\t\t<\/div>\n\t\t\t<\/div>\n\t\t\t\t\n\t\t\t\t\n\t\t\t\t\n\t\t\t\t\n\t\t\t<\/div>\n\t\t\t\t\n\t\t\t\t\n\t\t\t<\/div><div class=\"et_d4_element et_pb_section et_pb_section_2 et_pb_with_background  et_pb_css_mix_blend_mode et_section_regular et_block_section\" >\n\t\t\t\t\n\t\t\t\t\n\t\t\t\t\n\t\t\t\t\n\t\t\t\t\n\t\t\t\t\n\t\t\t\t<div class=\"et_pb_with_border et_d4_element et_pb_row et_pb_row_3  et_pb_css_mix_blend_mode et_block_row\">\n\t\t\t\t<div class=\"et_d4_element et_pb_column_4_4 et_pb_column et_pb_column_3  et_pb_css_mix_blend_mode et-last-child et_block_column\">\n\t\t\t\t\n\t\t\t\t\n\t\t\t\t\n\t\t\t\t\n\t\t\t\t<div class=\"et_pb_module et_d4_element et_pb_gallery et_pb_gallery_0  et_pb_bg_layout_light et_pb_gallery_grid\">\n\t\t\t\t<div class=\"et_pb_gallery_items et_pb_grid_items et_post_gallery clearfix\" data-per_page=\"8\"><div class=\"et_pb_gallery_item et_pb_grid_item et_pb_bg_layout_light et_pb_css_mix_blend_mode et_pb_gallery_item_0_0\"><div class=\"et_pb_gallery_image landscape\">\n\t\t\t\t\t<a href=\"https:\/\/www.hiddestorf.com\/staging\/wp-content\/uploads\/2020\/04\/Kirche-1905-optimiert.jpg\" title=\"Kirche 1905\">\n\t\t\t\t\t<img loading=\"lazy\" decoding=\"async\" width=\"400\" height=\"284\" src=\"https:\/\/www.hiddestorf.com\/staging\/wp-content\/uploads\/2020\/04\/Kirche-1905-optimiert-400x284.jpg\" srcset=\"https:\/\/www.hiddestorf.com\/staging\/wp-content\/uploads\/2020\/04\/Kirche-1905-optimiert.jpg 479w, https:\/\/www.hiddestorf.com\/staging\/wp-content\/uploads\/2020\/04\/Kirche-1905-optimiert-400x284.jpg 480w\" sizes=\"(max-width:479px) 479px, 100vw\" class=\"wp-image-1361\" \/>\n\t\t\t\t\t<span class=\"et_overlay\"><\/span>\n\t\t\t\t<\/a>\n\t\t\t\t<\/div><h3 class=\"et_pb_gallery_title\">Kirche 1905<\/h3><p class=\"et_pb_gallery_caption\">K\u00fcsterhaus<\/p><\/div><div class=\"et_pb_gallery_item et_pb_grid_item et_pb_bg_layout_light et_pb_css_mix_blend_mode et_pb_gallery_item_0_1\"><div class=\"et_pb_gallery_image landscape\">\n\t\t\t\t\t<a href=\"https:\/\/www.hiddestorf.com\/staging\/wp-content\/uploads\/2020\/04\/K\u00fcsterhaus-am-Kirchplatz_b.jpg\" title=\"Kirche\">\n\t\t\t\t\t<img loading=\"lazy\" decoding=\"async\" width=\"400\" height=\"284\" src=\"https:\/\/www.hiddestorf.com\/staging\/wp-content\/uploads\/2020\/04\/K\u00fcsterhaus-am-Kirchplatz_b-400x284.jpg\" srcset=\"https:\/\/www.hiddestorf.com\/staging\/wp-content\/uploads\/2020\/04\/K\u00fcsterhaus-am-Kirchplatz_b.jpg 479w, https:\/\/www.hiddestorf.com\/staging\/wp-content\/uploads\/2020\/04\/K\u00fcsterhaus-am-Kirchplatz_b-400x284.jpg 480w\" sizes=\"(max-width:479px) 479px, 100vw\" class=\"wp-image-1362\" \/>\n\t\t\t\t\t<span class=\"et_overlay\"><\/span>\n\t\t\t\t<\/a>\n\t\t\t\t<\/div><h3 class=\"et_pb_gallery_title\">Kirche<\/h3><p class=\"et_pb_gallery_caption\">K\u00fcsterhaus &#8211; rechts das Pfarrhaus<\/p><\/div><div class=\"et_pb_gallery_item et_pb_grid_item et_pb_bg_layout_light et_pb_css_mix_blend_mode et_pb_gallery_item_0_2\"><div class=\"et_pb_gallery_image landscape\">\n\t\t\t\t\t<a href=\"https:\/\/www.hiddestorf.com\/staging\/wp-content\/uploads\/2020\/04\/K\u00fcsterhaus-Hiddestorf-vor1970_b.jpg\" title=\"Kirche 1970\">\n\t\t\t\t\t<img loading=\"lazy\" decoding=\"async\" width=\"400\" height=\"284\" src=\"https:\/\/www.hiddestorf.com\/staging\/wp-content\/uploads\/2020\/04\/K\u00fcsterhaus-Hiddestorf-vor1970_b-400x284.jpg\" srcset=\"https:\/\/www.hiddestorf.com\/staging\/wp-content\/uploads\/2020\/04\/K\u00fcsterhaus-Hiddestorf-vor1970_b.jpg 479w, https:\/\/www.hiddestorf.com\/staging\/wp-content\/uploads\/2020\/04\/K\u00fcsterhaus-Hiddestorf-vor1970_b-400x284.jpg 480w\" sizes=\"(max-width:479px) 479px, 100vw\" class=\"wp-image-1363\" \/>\n\t\t\t\t\t<span class=\"et_overlay\"><\/span>\n\t\t\t\t<\/a>\n\t\t\t\t<\/div><h3 class=\"et_pb_gallery_title\">Kirche 1970<\/h3><p class=\"et_pb_gallery_caption\">K\u00fcsterhaus<\/p><\/div><div class=\"et_pb_gallery_item et_pb_grid_item et_pb_bg_layout_light et_pb_css_mix_blend_mode et_pb_gallery_item_0_3\"><div class=\"et_pb_gallery_image landscape\">\n\t\t\t\t\t<a href=\"https:\/\/www.hiddestorf.com\/staging\/wp-content\/uploads\/2019\/09\/Hiddestorf-10_05_2009-Bild_33.jpg\" title=\"Kirche 2009\">\n\t\t\t\t\t<img loading=\"lazy\" decoding=\"async\" width=\"400\" height=\"284\" src=\"https:\/\/www.hiddestorf.com\/staging\/wp-content\/uploads\/2019\/09\/Hiddestorf-10_05_2009-Bild_33-400x284.jpg\" srcset=\"https:\/\/www.hiddestorf.com\/staging\/wp-content\/uploads\/2019\/09\/Hiddestorf-10_05_2009-Bild_33.jpg 479w, https:\/\/www.hiddestorf.com\/staging\/wp-content\/uploads\/2019\/09\/Hiddestorf-10_05_2009-Bild_33-400x284.jpg 480w\" sizes=\"(max-width:479px) 479px, 100vw\" class=\"wp-image-828\" \/>\n\t\t\t\t\t<span class=\"et_overlay\"><\/span>\n\t\t\t\t<\/a>\n\t\t\t\t<\/div><h3 class=\"et_pb_gallery_title\">Kirche 2009<\/h3><p class=\"et_pb_gallery_caption\">Rechts neben diesem Haus stand das alte K\u00fcsterhaus in der Ostertorstra\u00dfe<\/p><\/div><div class=\"et_pb_gallery_item et_pb_grid_item et_pb_bg_layout_light et_pb_css_mix_blend_mode et_pb_gallery_item_0_4\"><div class=\"et_pb_gallery_image landscape\">\n\t\t\t\t\t<a href=\"https:\/\/www.hiddestorf.com\/staging\/wp-content\/uploads\/2019\/09\/Hiddestorf-10_05_2009-Bild_30.jpg\" title=\"Kirche 2009\">\n\t\t\t\t\t<img loading=\"lazy\" decoding=\"async\" width=\"400\" height=\"284\" src=\"https:\/\/www.hiddestorf.com\/staging\/wp-content\/uploads\/2019\/09\/Hiddestorf-10_05_2009-Bild_30-400x284.jpg\" srcset=\"https:\/\/www.hiddestorf.com\/staging\/wp-content\/uploads\/2019\/09\/Hiddestorf-10_05_2009-Bild_30.jpg 479w, https:\/\/www.hiddestorf.com\/staging\/wp-content\/uploads\/2019\/09\/Hiddestorf-10_05_2009-Bild_30-400x284.jpg 480w\" sizes=\"(max-width:479px) 479px, 100vw\" class=\"wp-image-827\" \/>\n\t\t\t\t\t<span class=\"et_overlay\"><\/span>\n\t\t\t\t<\/a>\n\t\t\t\t<\/div><h3 class=\"et_pb_gallery_title\">Kirche 2009<\/h3><p class=\"et_pb_gallery_caption\">Blick aus dem Birkenweg &#8211; rechts stand einst das alte K\u00fcsterhaus<\/p><\/div><div class=\"et_pb_gallery_item et_pb_grid_item et_pb_bg_layout_light et_pb_css_mix_blend_mode et_pb_gallery_item_0_5\"><div class=\"et_pb_gallery_image landscape\">\n\t\t\t\t\t<a href=\"https:\/\/www.hiddestorf.com\/staging\/wp-content\/uploads\/2020\/04\/Kirche-Zeichnung-von-Alfred-Brecht-1958_b.jpg\" title=\"Kirche 1958\">\n\t\t\t\t\t<img loading=\"lazy\" decoding=\"async\" width=\"400\" height=\"284\" src=\"https:\/\/www.hiddestorf.com\/staging\/wp-content\/uploads\/2020\/04\/Kirche-Zeichnung-von-Alfred-Brecht-1958_b-400x284.jpg\" srcset=\"https:\/\/www.hiddestorf.com\/staging\/wp-content\/uploads\/2020\/04\/Kirche-Zeichnung-von-Alfred-Brecht-1958_b.jpg 479w, https:\/\/www.hiddestorf.com\/staging\/wp-content\/uploads\/2020\/04\/Kirche-Zeichnung-von-Alfred-Brecht-1958_b-400x284.jpg 480w\" sizes=\"(max-width:479px) 479px, 100vw\" class=\"wp-image-1352\" \/>\n\t\t\t\t\t<span class=\"et_overlay\"><\/span>\n\t\t\t\t<\/a>\n\t\t\t\t<\/div><h3 class=\"et_pb_gallery_title\">Kirche 1958<\/h3><p class=\"et_pb_gallery_caption\">Nikolai Kirche &#8211; Zeichnung von Alfred Brecht<\/p><\/div><div class=\"et_pb_gallery_item et_pb_grid_item et_pb_bg_layout_light et_pb_css_mix_blend_mode et_pb_gallery_item_0_6\"><div class=\"et_pb_gallery_image landscape\">\n\t\t\t\t\t<a href=\"https:\/\/www.hiddestorf.com\/staging\/wp-content\/uploads\/2020\/04\/Altes-Pfarrhaus-Zeichnung-von-Alfred-Brecht_IMG_4127_b-scaled.jpg\" title=\"Kirche 1964\">\n\t\t\t\t\t<img loading=\"lazy\" decoding=\"async\" width=\"400\" height=\"284\" src=\"https:\/\/www.hiddestorf.com\/staging\/wp-content\/uploads\/2020\/04\/Altes-Pfarrhaus-Zeichnung-von-Alfred-Brecht_IMG_4127_b-400x284.jpg\" srcset=\"https:\/\/www.hiddestorf.com\/staging\/wp-content\/uploads\/2020\/04\/Altes-Pfarrhaus-Zeichnung-von-Alfred-Brecht_IMG_4127_b-scaled.jpg 479w, https:\/\/www.hiddestorf.com\/staging\/wp-content\/uploads\/2020\/04\/Altes-Pfarrhaus-Zeichnung-von-Alfred-Brecht_IMG_4127_b-400x284.jpg 480w\" sizes=\"(max-width:479px) 479px, 100vw\" class=\"wp-image-1343\" \/>\n\t\t\t\t\t<span class=\"et_overlay\"><\/span>\n\t\t\t\t<\/a>\n\t\t\t\t<\/div><h3 class=\"et_pb_gallery_title\">Kirche 1964<\/h3><p class=\"et_pb_gallery_caption\">Altes Pfarrhaus &#8211; Zeichnung von Alfred Brecht<\/p><\/div><\/div><div class=\"et_pb_gallery_pagination\"><\/div><\/div>\n\t\t\t<\/div>\n\t\t\t\t\n\t\t\t\t\n\t\t\t\t\n\t\t\t\t\n\t\t\t<\/div><div class=\"et_pb_with_border et_d4_element et_pb_row et_pb_row_4  et_pb_css_mix_blend_mode et_block_row\">\n\t\t\t\t<div class=\"et_d4_element et_pb_column_4_4 et_pb_column et_pb_column_4  et_pb_css_mix_blend_mode et-last-child et_block_column\">\n\t\t\t\t\n\t\t\t\t\n\t\t\t\t\n\t\t\t\t\n\t\t\t\t<div class=\"et_pb_module et_d4_element et_pb_text et_pb_text_3  et_pb_text_align_left et_pb_bg_layout_light\">\n\t\t\t\t\n\t\t\t\t\n\t\t\t\t\n\t\t\t\t\n\t\t\t\t<div class=\"et_pb_text_inner\"><p>Zwei der vier 1933 neugew\u00e4hlten Kirchenvorsteher geh\u00f6rten der NSDAP an, wie Pfarrkollaborator Ernst Ludwig Meyer (Amtszeit 1941\u20131947) im \u201eFragebogen zur Geschichte der Landeskirche von 1933 bis Kriegsende\u201c schrieb. Nach der Visitation 1939 merkte der Pattenser Superintendent an, das kirchliche Leben in Hiddestorf sei seit Beginn der Vakanz \u201eohne Zweifel erheblich zur\u00fcckgegangen\u201c. Er regte eine Verbindung mit der ebenfalls unbesetzten zweiten Pfarrstelle Pattensen an, zu der es jedoch nicht kam.<\/p>\n<p>Im Jahr 1939 z\u00e4hlte die Kirchengemeinde Hiddestorf insgesamt 720 Gemeindeglieder. Aufgrund des Zuzugs Gefl\u00fcchteter nach Ende des Zweiten Weltkriegs stieg diese Zahl deutlich an und lag 1954 bei knapp 1.200. Gleichzeitig war eine kleine katholische Gemeinde entstanden, die sich regelm\u00e4\u00dfig zur katholischen Messe in der evangelischen Kirche Hiddestorf versammelte (seit 1946 alle drei Wochen, 1954 jeden Donnerstag; 1954 knapp 230 Gemeindeglieder).<br \/>Mit P. Konrad M\u00fcller (Amtszeit 1953\u20131961) erhielt die evangelische Gemeinde Hiddestorf wieder einen eigenen Pfarrer. Im Rahmen der Partnerschaft zwischen der hannoverschen und der s\u00e4chsischen Landeskirche kn\u00fcpfte die Kirchengemeinde Hiddestorf Kontakte zur Kirchgemeinde Klaffenbach im Erzgebirge.<\/p>\n<p>Seit 1975 war die Pfarrstelle mit anderen landeskirchlichen Auftr\u00e4gen kombiniert (Stellenanteil 50 Prozent).<br \/>1983 beschrieb der Pattenser Superintendent Hiddestorf und Ohlendorf als \u201erelativ geschlossene Ortschaft\u201c, in der \u201edas kirchliche Leben sehr stark im Ort\u201c geschehe. Zum 1. Oktober 1990 wurde die Pfarrstelle in eine halbe Stelle umgewandelt.<\/p>\n<p><strong>Aufsichtsbezirk<\/strong><br \/>Archidiakonat Pattensen der Di\u00f6zese Minden. Hiddestorf unterstand ab 1542 dem Superintendenten des F\u00fcrstentums Calenberg-G\u00f6ttingen. 1589 zur neu errichteten Inspektion Jeinsen. 1759 zur Inspektion Neustadt Hannover, 1784\/85 zur Inspektion Ronnenberg. 1794 zur neuen Inspektion Pattensen. 1924 Kirchenkreis Pattensen, 1972 Kirchenkreis Laatzen-Pattensen, 2001 Kirchenkreis Laatzen-Springe.<\/p>\n<p>&nbsp;<\/p>\n<p>&nbsp;<\/p>\n<h4><span style=\"font-size: small;\">Quelle: Landeskirchliches Archiv Hannover<\/span><\/h4><\/div>\n\t\t\t<\/div>\n\t\t\t<\/div>\n\t\t\t\t\n\t\t\t\t\n\t\t\t\t\n\t\t\t\t\n\t\t\t<\/div>\n\t\t\t\t\n\t\t\t\t\n\t\t\t<\/div><\/p>\n","protected":false},"excerpt":{"rendered":"","protected":false},"author":1,"featured_media":0,"parent":0,"menu_order":0,"comment_status":"closed","ping_status":"closed","template":"","meta":{"_et_pb_use_builder":"on","_et_pb_old_content":"","_et_gb_content_width":"","footnotes":""},"class_list":["post-1258","page","type-page","status-publish","hentry"],"yoast_head":"<!-- This site is optimized with the Yoast SEO plugin v27.4 - https:\/\/yoast.com\/product\/yoast-seo-wordpress\/ -->\n<title>Nikolaikirche - Hiddestorf<\/title>\n<meta name=\"robots\" content=\"index, follow, max-snippet:-1, max-image-preview:large, max-video-preview:-1\" \/>\n<link rel=\"canonical\" href=\"https:\/\/www.hiddestorf.com\/staging\/?page_id=1258\" \/>\n<meta property=\"og:locale\" content=\"de_DE\" \/>\n<meta property=\"og:type\" content=\"article\" \/>\n<meta property=\"og:title\" content=\"Nikolaikirche - Hiddestorf\" \/>\n<meta property=\"og:url\" content=\"https:\/\/www.hiddestorf.com\/staging\/?page_id=1258\" \/>\n<meta property=\"og:site_name\" content=\"Hiddestorf\" \/>\n<meta property=\"article:modified_time\" content=\"2026-01-20T17:24:19+00:00\" \/>\n<meta name=\"twitter:card\" content=\"summary_large_image\" \/>\n<meta name=\"twitter:label1\" content=\"Gesch\u00e4tzte Lesezeit\" \/>\n\t<meta name=\"twitter:data1\" content=\"5\u00a0Minuten\" \/>\n<script type=\"application\/ld+json\" class=\"yoast-schema-graph\">{\"@context\":\"https:\\\/\\\/schema.org\",\"@graph\":[{\"@type\":\"WebPage\",\"@id\":\"https:\\\/\\\/www.hiddestorf.com\\\/staging\\\/?page_id=1258\",\"url\":\"https:\\\/\\\/www.hiddestorf.com\\\/staging\\\/?page_id=1258\",\"name\":\"Nikolaikirche - Hiddestorf\",\"isPartOf\":{\"@id\":\"https:\\\/\\\/www.hiddestorf.com\\\/staging\\\/#website\"},\"datePublished\":\"2020-02-07T19:52:48+00:00\",\"dateModified\":\"2026-01-20T17:24:19+00:00\",\"breadcrumb\":{\"@id\":\"https:\\\/\\\/www.hiddestorf.com\\\/staging\\\/?page_id=1258#breadcrumb\"},\"inLanguage\":\"de\",\"potentialAction\":[{\"@type\":\"ReadAction\",\"target\":[\"https:\\\/\\\/www.hiddestorf.com\\\/staging\\\/?page_id=1258\"]}]},{\"@type\":\"BreadcrumbList\",\"@id\":\"https:\\\/\\\/www.hiddestorf.com\\\/staging\\\/?page_id=1258#breadcrumb\",\"itemListElement\":[{\"@type\":\"ListItem\",\"position\":1,\"name\":\"Startseite\",\"item\":\"https:\\\/\\\/www.hiddestorf.com\\\/staging\\\/\"},{\"@type\":\"ListItem\",\"position\":2,\"name\":\"Nikolaikirche\"}]},{\"@type\":\"WebSite\",\"@id\":\"https:\\\/\\\/www.hiddestorf.com\\\/staging\\\/#website\",\"url\":\"https:\\\/\\\/www.hiddestorf.com\\\/staging\\\/\",\"name\":\"Hiddestorf\",\"description\":\"Ein Dorf im Wandel der Zeit\",\"publisher\":{\"@id\":\"https:\\\/\\\/www.hiddestorf.com\\\/staging\\\/#organization\"},\"potentialAction\":[{\"@type\":\"SearchAction\",\"target\":{\"@type\":\"EntryPoint\",\"urlTemplate\":\"https:\\\/\\\/www.hiddestorf.com\\\/staging\\\/?s={search_term_string}\"},\"query-input\":{\"@type\":\"PropertyValueSpecification\",\"valueRequired\":true,\"valueName\":\"search_term_string\"}}],\"inLanguage\":\"de\"},{\"@type\":\"Organization\",\"@id\":\"https:\\\/\\\/www.hiddestorf.com\\\/staging\\\/#organization\",\"name\":\"Hiddestorf\",\"url\":\"https:\\\/\\\/www.hiddestorf.com\\\/staging\\\/\",\"logo\":{\"@type\":\"ImageObject\",\"inLanguage\":\"de\",\"@id\":\"https:\\\/\\\/www.hiddestorf.com\\\/staging\\\/#\\\/schema\\\/logo\\\/image\\\/\",\"url\":\"https:\\\/\\\/www.hiddestorf.com\\\/staging\\\/wp-content\\\/uploads\\\/2019\\\/08\\\/Wappen-Hiddestorf-neu-200.jpg\",\"contentUrl\":\"https:\\\/\\\/www.hiddestorf.com\\\/staging\\\/wp-content\\\/uploads\\\/2019\\\/08\\\/Wappen-Hiddestorf-neu-200.jpg\",\"width\":200,\"height\":246,\"caption\":\"Hiddestorf\"},\"image\":{\"@id\":\"https:\\\/\\\/www.hiddestorf.com\\\/staging\\\/#\\\/schema\\\/logo\\\/image\\\/\"}}]}<\/script>\n<!-- \/ Yoast SEO plugin. -->","yoast_head_json":{"title":"Nikolaikirche - Hiddestorf","robots":{"index":"index","follow":"follow","max-snippet":"max-snippet:-1","max-image-preview":"max-image-preview:large","max-video-preview":"max-video-preview:-1"},"canonical":"https:\/\/www.hiddestorf.com\/staging\/?page_id=1258","og_locale":"de_DE","og_type":"article","og_title":"Nikolaikirche - Hiddestorf","og_url":"https:\/\/www.hiddestorf.com\/staging\/?page_id=1258","og_site_name":"Hiddestorf","article_modified_time":"2026-01-20T17:24:19+00:00","twitter_card":"summary_large_image","twitter_misc":{"Gesch\u00e4tzte Lesezeit":"5\u00a0Minuten"},"schema":{"@context":"https:\/\/schema.org","@graph":[{"@type":"WebPage","@id":"https:\/\/www.hiddestorf.com\/staging\/?page_id=1258","url":"https:\/\/www.hiddestorf.com\/staging\/?page_id=1258","name":"Nikolaikirche - Hiddestorf","isPartOf":{"@id":"https:\/\/www.hiddestorf.com\/staging\/#website"},"datePublished":"2020-02-07T19:52:48+00:00","dateModified":"2026-01-20T17:24:19+00:00","breadcrumb":{"@id":"https:\/\/www.hiddestorf.com\/staging\/?page_id=1258#breadcrumb"},"inLanguage":"de","potentialAction":[{"@type":"ReadAction","target":["https:\/\/www.hiddestorf.com\/staging\/?page_id=1258"]}]},{"@type":"BreadcrumbList","@id":"https:\/\/www.hiddestorf.com\/staging\/?page_id=1258#breadcrumb","itemListElement":[{"@type":"ListItem","position":1,"name":"Startseite","item":"https:\/\/www.hiddestorf.com\/staging\/"},{"@type":"ListItem","position":2,"name":"Nikolaikirche"}]},{"@type":"WebSite","@id":"https:\/\/www.hiddestorf.com\/staging\/#website","url":"https:\/\/www.hiddestorf.com\/staging\/","name":"Hiddestorf","description":"Ein Dorf im Wandel der Zeit","publisher":{"@id":"https:\/\/www.hiddestorf.com\/staging\/#organization"},"potentialAction":[{"@type":"SearchAction","target":{"@type":"EntryPoint","urlTemplate":"https:\/\/www.hiddestorf.com\/staging\/?s={search_term_string}"},"query-input":{"@type":"PropertyValueSpecification","valueRequired":true,"valueName":"search_term_string"}}],"inLanguage":"de"},{"@type":"Organization","@id":"https:\/\/www.hiddestorf.com\/staging\/#organization","name":"Hiddestorf","url":"https:\/\/www.hiddestorf.com\/staging\/","logo":{"@type":"ImageObject","inLanguage":"de","@id":"https:\/\/www.hiddestorf.com\/staging\/#\/schema\/logo\/image\/","url":"https:\/\/www.hiddestorf.com\/staging\/wp-content\/uploads\/2019\/08\/Wappen-Hiddestorf-neu-200.jpg","contentUrl":"https:\/\/www.hiddestorf.com\/staging\/wp-content\/uploads\/2019\/08\/Wappen-Hiddestorf-neu-200.jpg","width":200,"height":246,"caption":"Hiddestorf"},"image":{"@id":"https:\/\/www.hiddestorf.com\/staging\/#\/schema\/logo\/image\/"}}]}},"_links":{"self":[{"href":"https:\/\/www.hiddestorf.com\/staging\/index.php?rest_route=\/wp\/v2\/pages\/1258","targetHints":{"allow":["GET"]}}],"collection":[{"href":"https:\/\/www.hiddestorf.com\/staging\/index.php?rest_route=\/wp\/v2\/pages"}],"about":[{"href":"https:\/\/www.hiddestorf.com\/staging\/index.php?rest_route=\/wp\/v2\/types\/page"}],"author":[{"embeddable":true,"href":"https:\/\/www.hiddestorf.com\/staging\/index.php?rest_route=\/wp\/v2\/users\/1"}],"replies":[{"embeddable":true,"href":"https:\/\/www.hiddestorf.com\/staging\/index.php?rest_route=%2Fwp%2Fv2%2Fcomments&post=1258"}],"version-history":[{"count":23,"href":"https:\/\/www.hiddestorf.com\/staging\/index.php?rest_route=\/wp\/v2\/pages\/1258\/revisions"}],"predecessor-version":[{"id":4593,"href":"https:\/\/www.hiddestorf.com\/staging\/index.php?rest_route=\/wp\/v2\/pages\/1258\/revisions\/4593"}],"wp:attachment":[{"href":"https:\/\/www.hiddestorf.com\/staging\/index.php?rest_route=%2Fwp%2Fv2%2Fmedia&parent=1258"}],"curies":[{"name":"wp","href":"https:\/\/api.w.org\/{rel}","templated":true}]}}