{"id":1066,"date":"2019-11-10T22:40:21","date_gmt":"2019-11-10T21:40:21","guid":{"rendered":"https:\/\/www.hiddestorf.com\/staging\/?page_id=1066"},"modified":"2020-11-10T10:37:45","modified_gmt":"2020-11-10T09:37:45","slug":"dorfleben","status":"publish","type":"page","link":"https:\/\/www.hiddestorf.com\/staging\/?page_id=1066","title":{"rendered":"Dorfleben"},"content":{"rendered":"<p><div class=\"et_d4_element et_pb_section et_pb_section_0 et_pb_with_background  et_pb_css_mix_blend_mode et_section_regular section_has_divider et_pb_bottom_divider et_block_section\" >\n\t\t\t\t\n\t\t\t\t\n\t\t\t\t\n\t\t\t\t\n\t\t\t\t\n\t\t\t\t\n\t\t\t\t<div class=\"et_pb_with_border et_d4_element et_pb_row et_pb_row_0  et_pb_css_mix_blend_mode et_block_row\">\n\t\t\t\t<div class=\"et_d4_element et_pb_column_4_4 et_pb_column et_pb_column_0  et_pb_css_mix_blend_mode et-last-child et_block_column\">\n\t\t\t\t\n\t\t\t\t\n\t\t\t\t\n\t\t\t\t\n\t\t\t\t<div class=\"et_pb_module et_d4_element et_pb_text et_pb_text_0 et_animated  et_pb_text_align_center et_pb_bg_layout_dark\">\n\t\t\t\t\n\t\t\t\t\n\t\t\t\t\n\t\t\t\t\n\t\t\t\t<div class=\"et_pb_text_inner\"><h3>Dorfleben<\/h3><\/div>\n\t\t\t<\/div>\n\t\t\t<\/div>\n\t\t\t\t\n\t\t\t\t\n\t\t\t\t\n\t\t\t\t\n\t\t\t<\/div>\n\t\t\t\t\n\t\t\t\t<div class=\"et_pb_bottom_inside_divider et-no-transition\"><\/div>\n\t\t\t<\/div><div class=\"et_d4_element et_pb_section et_pb_section_1 et_pb_with_background  et_pb_css_mix_blend_mode et_section_regular et_block_section\" >\n\t\t\t\t\n\t\t\t\t\n\t\t\t\t\n\t\t\t\t\n\t\t\t\t\n\t\t\t\t\n\t\t\t\t<div class=\"et_pb_with_border et_d4_element et_pb_row et_pb_row_1  et_pb_css_mix_blend_mode et_block_row\">\n\t\t\t\t<div class=\"et_d4_element et_pb_column_4_4 et_pb_column et_pb_column_1  et_pb_css_mix_blend_mode et-last-child et_block_column\">\n\t\t\t\t\n\t\t\t\t\n\t\t\t\t\n\t\t\t\t\n\t\t\t\t<div class=\"et_pb_module et_d4_element et_pb_text et_pb_text_1  et_pb_text_align_left et_pb_bg_layout_light\">\n\t\t\t\t\n\t\t\t\t\n\t\t\t\t\n\t\t\t\t\n\t\t\t\t<div class=\"et_pb_text_inner\"><h3>Was wurde in Hiddestorf gebaut?<\/h3><\/div>\n\t\t\t<\/div>\n\t\t\t<\/div>\n\t\t\t\t\n\t\t\t\t\n\t\t\t\t\n\t\t\t\t\n\t\t\t<\/div>\n\t\t\t\t\n\t\t\t\t\n\t\t\t<\/div><div class=\"et_d4_element et_pb_section et_pb_section_2 et_pb_with_background  et_pb_css_mix_blend_mode et_section_regular et_block_section\" >\n\t\t\t\t\n\t\t\t\t\n\t\t\t\t\n\t\t\t\t\n\t\t\t\t\n\t\t\t\t\n\t\t\t\t<div class=\"et_pb_with_border et_d4_element et_pb_row et_pb_row_2  et_pb_css_mix_blend_mode et_block_row\">\n\t\t\t\t<div class=\"et_d4_element et_pb_column_4_4 et_pb_column et_pb_column_2  et_pb_css_mix_blend_mode et-last-child et_block_column\">\n\t\t\t\t\n\t\t\t\t\n\t\t\t\t\n\t\t\t\t\n\t\t\t\t<div class=\"et_pb_module et_d4_element et_pb_text et_pb_text_2  et_pb_text_align_left et_pb_bg_layout_light\">\n\t\t\t\t\n\t\t\t\t\n\t\t\t\t\n\t\t\t\t\n\t\t\t\t<div class=\"et_pb_text_inner\"><div id=\"Text407\">\n<p>5,8 Personen kommen auf eine Wohnung<\/p>\n<p><span style=\"font-size: small;\">Quelle: HAZ 22.03.1956<\/span><\/p>\n<p><span style=\"font-size: small;\"><\/span><\/p>\n<\/div>\n<div id=\"Text4\">\n<p>Der Besucher von Hiddestorf, der im Ort in die Stra\u00dfe nach Ihme-Roloven abbiegt, sieht auf der Seite des Sportplatz- gel\u00e4ndes und des Sportheims die neuen H\u00e4user, die hier im letzten Jahr entstanden. Auf der anderen Seite der Stra\u00dfe f\u00e4llt ihm vor allem die neue Siedlung auf, in der immer noch gebaut wird. Wie gut sich auch diese Bauten in die Land- schaft einf\u00fcgen, wird aber erst in rechtem Ma\u00dfe ersichtlich, wenn man die Neubauten nicht von der Stra\u00dfe, sondern vom dahinterliegenden Gel\u00e4nde aus betrachtet.<\/p>\n<\/div><\/div>\n\t\t\t<\/div>\n\t\t\t<\/div>\n\t\t\t\t\n\t\t\t\t\n\t\t\t\t\n\t\t\t\t\n\t\t\t<\/div><div class=\"et_pb_with_border et_d4_element et_pb_row et_pb_row_3  et_pb_css_mix_blend_mode et_block_row\">\n\t\t\t\t<div class=\"et_d4_element et_pb_column_1_3 et_pb_column et_pb_column_3  et_pb_css_mix_blend_mode et_block_column\">\n\t\t\t\t\n\t\t\t\t\n\t\t\t\t\n\t\t\t\t\n\t\t\t\t<div class=\"et_pb_module et_d4_element et_pb_image et_pb_image_0\">\n\t\t\t\t\n\t\t\t\t\n\t\t\t\t\n\t\t\t\t\n\t\t\t\t<span class=\"et_pb_image_wrap \"><img decoding=\"async\" src=\"https:\/\/www.hiddestorf.com\/staging\/wp-content\/uploads\/2019\/09\/HAZ-Bild-Ihmer-Stra\u00dfe-r\u00fcckw\u00e4rtige-Sicht-1958.jpg\" alt=\"\" title=\"\" \/><\/span>\n\t\t\t<\/div>\n\t\t\t<\/div><div class=\"et_d4_element et_pb_column_2_3 et_pb_column et_pb_column_4  et_pb_css_mix_blend_mode et-last-child et_block_column\">\n\t\t\t\t\n\t\t\t\t\n\t\t\t\t\n\t\t\t\t\n\t\t\t\t<div class=\"et_pb_module et_d4_element et_pb_text et_pb_text_3  et_pb_text_align_left et_pb_bg_layout_light\">\n\t\t\t\t\n\t\t\t\t\n\t\t\t\t\n\t\t\t\t\n\t\t\t\t<div class=\"et_pb_text_inner\"><p>Wie idyllisch die Hiddestorfer Siedlung an der Stra\u00dfe nach Ihme-Roloven liegt, zeigt dieser Blick. Er bietet sich nicht von der Stra\u00dfe, sondern vom r\u00fcckw\u00e4rtigen Gel\u00e4nde her.<\/p><\/div>\n\t\t\t<\/div>\n\t\t\t<\/div>\n\t\t\t\t\n\t\t\t\t\n\t\t\t\t\n\t\t\t\t\n\t\t\t<\/div><div class=\"et_pb_with_border et_d4_element et_pb_row et_pb_row_4  et_pb_css_mix_blend_mode et_block_row\">\n\t\t\t\t<div class=\"et_d4_element et_pb_column_4_4 et_pb_column et_pb_column_5  et_pb_css_mix_blend_mode et-last-child et_block_column\">\n\t\t\t\t\n\t\t\t\t\n\t\t\t\t\n\t\t\t\t\n\t\t\t\t<div class=\"et_pb_module et_d4_element et_pb_text et_pb_text_4  et_pb_text_align_left et_pb_bg_layout_light\">\n\t\t\t\t\n\t\t\t\t\n\t\t\t\t\n\t\t\t\t\n\t\t\t\t<div class=\"et_pb_text_inner\"><div id=\"Text410\">\n<p>In Hiddestorf war im vergangenen Jahre ein Zugang von 13 Normalwohnungen zu verzeichnen, so das der Zugang von neun, sieben und drei Wohnungen in den Jahren 1954, 1953 und 1952 erheblich \u00fcbertroffen wurde. Acht Wohnungen wurden als Bau\u00fcberhang in das neue Jahr \u00fcbernommen, die also noch fertiggestellt werden sollen. Insgesamt war in Hiddestorf zur Jahreswende ein Wohnungsbestand von 198 Wohneinheiten zu verzeichnen. <br \/>Da\u00df die Wohnungsnot im Ort jedoch nach wie vor recht erheblich ist, zeigt die Tatsache, dass vor dem Kriegs (im Mai 1939) im Ort vier Personen auf eine Wohnungseinheit kamen, w\u00e4hrend heute 5,8, also fast sechs Personen darauf entfallen. Hiddestorf steht damit etwa an gleicher Stelle wie Argestorf, Degersen, G\u00f6xe und andere Orte. Allerdings gibt es auch Gemeinden, so z.B. Barrigsen, Ditterke und D\u00f6teberg, in denen \u00fcber sieben Personen auf eine Wohneinheit kommen. Und der Kreisdurchschnitt? Zur Zeit entfallen im Landkreis 4,5 Personen auf eine Normalwohnung, gegen\u00fcber 3,6 im Jahre 1939. Um diesen Durchschnitt wieder zu erreichen, w\u00e4re noch ein Wohnbedarf von rund 8700 Wohnungseinheiten aufzuholen, wenn ein ann\u00e4hernd gleichbleibender Bev\u00f6lkerungsstand vorausgesetzt wird. Auch in Hiddestorf m\u00fcsste noch viel gebaut werden, um den Stand von 1939 wieder zu erreichen.<\/p>\n<p>Hierbei ist allerdings noch etwas anderes zu ber\u00fccksichtigen: die Abnahme der Wohnbev\u00f6lkerung. Gegen\u00fcber dem Stichtage vom 13. September 1950 war bis 1953 in Hiddestorf eine \u201eabsolute Abnahme\u201c der Wohnbev\u00f6lkerung um<br \/>11,6 v.H. verminderte. Eine \u00e4hnliche Beobachtung kann in fast allen Gemeinden des Landkreises gemacht werden, die nicht in unmittelbarer N\u00e4he der Hauptstadt, in den Randgebieten, liegen.<\/p>\n<\/div><\/div>\n\t\t\t<\/div>\n\t\t\t<\/div>\n\t\t\t\t\n\t\t\t\t\n\t\t\t\t\n\t\t\t\t\n\t\t\t<\/div>\n\t\t\t\t\n\t\t\t\t\n\t\t\t<\/div><\/p>\n","protected":false},"excerpt":{"rendered":"","protected":false},"author":1,"featured_media":0,"parent":0,"menu_order":0,"comment_status":"closed","ping_status":"closed","template":"","meta":{"_et_pb_use_builder":"on","_et_pb_old_content":"","_et_gb_content_width":"","footnotes":""},"class_list":["post-1066","page","type-page","status-publish","hentry"],"yoast_head":"<!-- This site is optimized with the Yoast SEO plugin v27.4 - https:\/\/yoast.com\/product\/yoast-seo-wordpress\/ -->\n<title>Dorfleben - Hiddestorf<\/title>\n<meta name=\"robots\" content=\"index, follow, max-snippet:-1, max-image-preview:large, max-video-preview:-1\" \/>\n<link rel=\"canonical\" href=\"https:\/\/www.hiddestorf.com\/staging\/?page_id=1066\" \/>\n<meta property=\"og:locale\" content=\"de_DE\" \/>\n<meta property=\"og:type\" content=\"article\" \/>\n<meta property=\"og:title\" content=\"Dorfleben - Hiddestorf\" \/>\n<meta property=\"og:url\" content=\"https:\/\/www.hiddestorf.com\/staging\/?page_id=1066\" \/>\n<meta property=\"og:site_name\" content=\"Hiddestorf\" \/>\n<meta property=\"article:modified_time\" content=\"2020-11-10T09:37:45+00:00\" \/>\n<meta name=\"twitter:card\" content=\"summary_large_image\" \/>\n<meta name=\"twitter:label1\" content=\"Gesch\u00e4tzte Lesezeit\" \/>\n\t<meta name=\"twitter:data1\" content=\"4\u00a0Minuten\" \/>\n<script type=\"application\/ld+json\" class=\"yoast-schema-graph\">{\"@context\":\"https:\\\/\\\/schema.org\",\"@graph\":[{\"@type\":\"WebPage\",\"@id\":\"https:\\\/\\\/www.hiddestorf.com\\\/staging\\\/?page_id=1066\",\"url\":\"https:\\\/\\\/www.hiddestorf.com\\\/staging\\\/?page_id=1066\",\"name\":\"Dorfleben - Hiddestorf\",\"isPartOf\":{\"@id\":\"https:\\\/\\\/www.hiddestorf.com\\\/staging\\\/#website\"},\"datePublished\":\"2019-11-10T21:40:21+00:00\",\"dateModified\":\"2020-11-10T09:37:45+00:00\",\"breadcrumb\":{\"@id\":\"https:\\\/\\\/www.hiddestorf.com\\\/staging\\\/?page_id=1066#breadcrumb\"},\"inLanguage\":\"de\",\"potentialAction\":[{\"@type\":\"ReadAction\",\"target\":[\"https:\\\/\\\/www.hiddestorf.com\\\/staging\\\/?page_id=1066\"]}]},{\"@type\":\"BreadcrumbList\",\"@id\":\"https:\\\/\\\/www.hiddestorf.com\\\/staging\\\/?page_id=1066#breadcrumb\",\"itemListElement\":[{\"@type\":\"ListItem\",\"position\":1,\"name\":\"Startseite\",\"item\":\"https:\\\/\\\/www.hiddestorf.com\\\/staging\\\/\"},{\"@type\":\"ListItem\",\"position\":2,\"name\":\"Dorfleben\"}]},{\"@type\":\"WebSite\",\"@id\":\"https:\\\/\\\/www.hiddestorf.com\\\/staging\\\/#website\",\"url\":\"https:\\\/\\\/www.hiddestorf.com\\\/staging\\\/\",\"name\":\"Hiddestorf\",\"description\":\"Ein Dorf im Wandel der Zeit\",\"publisher\":{\"@id\":\"https:\\\/\\\/www.hiddestorf.com\\\/staging\\\/#organization\"},\"potentialAction\":[{\"@type\":\"SearchAction\",\"target\":{\"@type\":\"EntryPoint\",\"urlTemplate\":\"https:\\\/\\\/www.hiddestorf.com\\\/staging\\\/?s={search_term_string}\"},\"query-input\":{\"@type\":\"PropertyValueSpecification\",\"valueRequired\":true,\"valueName\":\"search_term_string\"}}],\"inLanguage\":\"de\"},{\"@type\":\"Organization\",\"@id\":\"https:\\\/\\\/www.hiddestorf.com\\\/staging\\\/#organization\",\"name\":\"Hiddestorf\",\"url\":\"https:\\\/\\\/www.hiddestorf.com\\\/staging\\\/\",\"logo\":{\"@type\":\"ImageObject\",\"inLanguage\":\"de\",\"@id\":\"https:\\\/\\\/www.hiddestorf.com\\\/staging\\\/#\\\/schema\\\/logo\\\/image\\\/\",\"url\":\"https:\\\/\\\/www.hiddestorf.com\\\/staging\\\/wp-content\\\/uploads\\\/2019\\\/08\\\/Wappen-Hiddestorf-neu-200.jpg\",\"contentUrl\":\"https:\\\/\\\/www.hiddestorf.com\\\/staging\\\/wp-content\\\/uploads\\\/2019\\\/08\\\/Wappen-Hiddestorf-neu-200.jpg\",\"width\":200,\"height\":246,\"caption\":\"Hiddestorf\"},\"image\":{\"@id\":\"https:\\\/\\\/www.hiddestorf.com\\\/staging\\\/#\\\/schema\\\/logo\\\/image\\\/\"}}]}<\/script>\n<!-- \/ Yoast SEO plugin. -->","yoast_head_json":{"title":"Dorfleben - Hiddestorf","robots":{"index":"index","follow":"follow","max-snippet":"max-snippet:-1","max-image-preview":"max-image-preview:large","max-video-preview":"max-video-preview:-1"},"canonical":"https:\/\/www.hiddestorf.com\/staging\/?page_id=1066","og_locale":"de_DE","og_type":"article","og_title":"Dorfleben - Hiddestorf","og_url":"https:\/\/www.hiddestorf.com\/staging\/?page_id=1066","og_site_name":"Hiddestorf","article_modified_time":"2020-11-10T09:37:45+00:00","twitter_card":"summary_large_image","twitter_misc":{"Gesch\u00e4tzte Lesezeit":"4\u00a0Minuten"},"schema":{"@context":"https:\/\/schema.org","@graph":[{"@type":"WebPage","@id":"https:\/\/www.hiddestorf.com\/staging\/?page_id=1066","url":"https:\/\/www.hiddestorf.com\/staging\/?page_id=1066","name":"Dorfleben - Hiddestorf","isPartOf":{"@id":"https:\/\/www.hiddestorf.com\/staging\/#website"},"datePublished":"2019-11-10T21:40:21+00:00","dateModified":"2020-11-10T09:37:45+00:00","breadcrumb":{"@id":"https:\/\/www.hiddestorf.com\/staging\/?page_id=1066#breadcrumb"},"inLanguage":"de","potentialAction":[{"@type":"ReadAction","target":["https:\/\/www.hiddestorf.com\/staging\/?page_id=1066"]}]},{"@type":"BreadcrumbList","@id":"https:\/\/www.hiddestorf.com\/staging\/?page_id=1066#breadcrumb","itemListElement":[{"@type":"ListItem","position":1,"name":"Startseite","item":"https:\/\/www.hiddestorf.com\/staging\/"},{"@type":"ListItem","position":2,"name":"Dorfleben"}]},{"@type":"WebSite","@id":"https:\/\/www.hiddestorf.com\/staging\/#website","url":"https:\/\/www.hiddestorf.com\/staging\/","name":"Hiddestorf","description":"Ein Dorf im Wandel der Zeit","publisher":{"@id":"https:\/\/www.hiddestorf.com\/staging\/#organization"},"potentialAction":[{"@type":"SearchAction","target":{"@type":"EntryPoint","urlTemplate":"https:\/\/www.hiddestorf.com\/staging\/?s={search_term_string}"},"query-input":{"@type":"PropertyValueSpecification","valueRequired":true,"valueName":"search_term_string"}}],"inLanguage":"de"},{"@type":"Organization","@id":"https:\/\/www.hiddestorf.com\/staging\/#organization","name":"Hiddestorf","url":"https:\/\/www.hiddestorf.com\/staging\/","logo":{"@type":"ImageObject","inLanguage":"de","@id":"https:\/\/www.hiddestorf.com\/staging\/#\/schema\/logo\/image\/","url":"https:\/\/www.hiddestorf.com\/staging\/wp-content\/uploads\/2019\/08\/Wappen-Hiddestorf-neu-200.jpg","contentUrl":"https:\/\/www.hiddestorf.com\/staging\/wp-content\/uploads\/2019\/08\/Wappen-Hiddestorf-neu-200.jpg","width":200,"height":246,"caption":"Hiddestorf"},"image":{"@id":"https:\/\/www.hiddestorf.com\/staging\/#\/schema\/logo\/image\/"}}]}},"_links":{"self":[{"href":"https:\/\/www.hiddestorf.com\/staging\/index.php?rest_route=\/wp\/v2\/pages\/1066","targetHints":{"allow":["GET"]}}],"collection":[{"href":"https:\/\/www.hiddestorf.com\/staging\/index.php?rest_route=\/wp\/v2\/pages"}],"about":[{"href":"https:\/\/www.hiddestorf.com\/staging\/index.php?rest_route=\/wp\/v2\/types\/page"}],"author":[{"embeddable":true,"href":"https:\/\/www.hiddestorf.com\/staging\/index.php?rest_route=\/wp\/v2\/users\/1"}],"replies":[{"embeddable":true,"href":"https:\/\/www.hiddestorf.com\/staging\/index.php?rest_route=%2Fwp%2Fv2%2Fcomments&post=1066"}],"version-history":[{"count":10,"href":"https:\/\/www.hiddestorf.com\/staging\/index.php?rest_route=\/wp\/v2\/pages\/1066\/revisions"}],"predecessor-version":[{"id":3599,"href":"https:\/\/www.hiddestorf.com\/staging\/index.php?rest_route=\/wp\/v2\/pages\/1066\/revisions\/3599"}],"wp:attachment":[{"href":"https:\/\/www.hiddestorf.com\/staging\/index.php?rest_route=%2Fwp%2Fv2%2Fmedia&parent=1066"}],"curies":[{"name":"wp","href":"https:\/\/api.w.org\/{rel}","templated":true}]}}